{"id":92677,"date":"2024-06-12T13:13:01","date_gmt":"2024-06-12T11:13:01","guid":{"rendered":"https:\/\/secureus.se\/provkit-solo-5-6-m-provning-rok\/"},"modified":"2026-03-26T12:24:18","modified_gmt":"2026-03-26T11:24:18","slug":"provkit-solo-5-6-m-provning-rok","status":"publish","type":"product","link":"https:\/\/secureus.se\/fi\/provkit-solo-5-6-m-provning-rok\/","title":{"rendered":"Testisarja Solo 5 \u2013 6 m \u2013 Testaussavu"},"content":{"rendered":"<h1>Testisarja Solo 5 \u2013 6 m \u2013 Testaussavu<\/h1>\n<h3 data-start=\"305\" data-end=\"358\">T\u00e4ydellinen testisarja jopa 6 metrin savuilmaisimille<\/h3>\n<p data-start=\"359\" data-end=\"687\">Solo 5 on t\u00e4ydellinen testisarja, joka yhdist\u00e4\u00e4 Solo 100 -teleskooppitangon, Solo 330 -testikaasupullon ja kolme Solo A5 (entinen Solo A3) -testikaasupulloa savuilmaisimien tehokasta testausta varten.<\/p>\n<p data-start=\"359\" data-end=\"687\">Pakkaus on mukautettu paloilmoitinj\u00e4rjestelmien kuukausittaisiin ja nelj\u00e4nnesvuosittaisiin testeihin, joten testien suorittaminen keskikorkeissa katoissa on helppoa ilman tikkaita.<\/p>\n<h3 data-start=\"689\" data-end=\"717\">Teleskooppivarsi Solo 100<\/h3>\n<p data-start=\"718\" data-end=\"994\">Valmistettu kevyest\u00e4 ja j\u00e4yk\u00e4st\u00e4 lasikuitumateriaalista, joka ei johda s\u00e4hk\u00f6\u00e4 ja tarjoaa hyv\u00e4n vakauden korkeissa testauskorkeuksissa.<\/p>\n<p data-start=\"718\" data-end=\"994\">Teleskooppitankoa voidaan yhdist\u00e4\u00e4 1\u20133 Solo 101 -laitteen kanssa, jolloin kokonaistestauskorkeus on jopa noin 9,3 m. Sopii Solo- ja Testifire-testauslaitteille ja -nostureille.<\/p>\n<h3 data-start=\"996\" data-end=\"1025\">Testikaasupidike Solo 330<\/h3>\n<p data-start=\"1026\" data-end=\"1404\">Solo 330 -laitetta k\u00e4ytet\u00e4\u00e4n halkaisijaltaan enint\u00e4\u00e4n 100 mm:n savu- ja h\u00e4k\u00e4ilmaisimien toiminnan testaamiseen.<\/p>\n<p data-start=\"1026\" data-end=\"1404\">K\u00e4\u00e4ntyv\u00e4n kupin ansiosta on mahdollista testata ilmaisimia, jotka eiv\u00e4t ole kohtisuorassa lattiaan n\u00e4hden tai joihin on vaikea ylt\u00e4\u00e4 suoraan alhaalta p\u00e4in.<\/p>\n<p data-start=\"1026\" data-end=\"1404\">Solo A5 -testikaasupullot tuottavat realistista savua, joka aktivoi sek\u00e4 optiset ett\u00e4 ionisoivat savuilmaisimet.<\/p>\n<p data-start=\"1026\" data-end=\"1404\">Yksi pullo riitt\u00e4\u00e4 noin 400 testiin.<\/p>\n<h3 data-start=\"1406\" data-end=\"1428\">Helppok\u00e4ytt\u00f6inen<\/h3>\n<ol data-start=\"1429\" data-end=\"1793\">\n<li data-start=\"1429\" data-end=\"1487\">\n<p data-start=\"1432\" data-end=\"1487\">Ravista Solo A5 -pulloa hyvin ja aseta se testeriin.<\/p>\n<\/li>\n<li data-start=\"1488\" data-end=\"1536\">\n<p data-start=\"1491\" data-end=\"1536\">Kierr\u00e4 s\u00e4ili\u00f6 takaisin kiinni ja k\u00e4\u00e4nn\u00e4 sit\u00e4 \u00bc kierrosta.<\/p>\n<\/li>\n<li data-start=\"1537\" data-end=\"1634\">\n<p data-start=\"1540\" data-end=\"1634\">Aseta kuppi ilmaisimen ymp\u00e4rille, paina sit\u00e4 kevyesti kattoa vasten ja anna kaasun virrata ulos 1 sekunnin ajan.<\/p>\n<\/li>\n<li data-start=\"1635\" data-end=\"1717\">\n<p data-start=\"1638\" data-end=\"1717\">Odota noin 10 sekuntia, kunnes ilmaisin h\u00e4lytt\u00e4\u00e4. Toista lyhyt testi tarvittaessa.<\/p>\n<\/li>\n<li data-start=\"1718\" data-end=\"1793\">\n<p data-start=\"1721\" data-end=\"1793\">Kaasu haihtuu nopeasti, jolloin ilmaisin voidaan nollata nopeasti.<\/p>\n<\/li>\n<\/ol>\n<h3 data-start=\"1795\" data-end=\"1820\">Solo 5:n edut<\/h3>\n<ul data-start=\"1821\" data-end=\"2144\">\n<li data-start=\"1821\" data-end=\"1875\">\n<p data-start=\"1823\" data-end=\"1875\">T\u00e4ydellinen pakkaus, jossa on 3 testikaasupulloa useisiin testeihin<\/p>\n<\/li>\n<li data-start=\"1876\" data-end=\"1921\">\n<p data-start=\"1878\" data-end=\"1921\">Kevyt ja kest\u00e4v\u00e4 teleskooppivarsi lasikuidusta<\/p>\n<\/li>\n<li data-start=\"1922\" data-end=\"1971\">\n<p data-start=\"1924\" data-end=\"1971\">K\u00e4\u00e4ntyv\u00e4 testeri vaikeasti tavoitettaville ilmaisimille<\/p>\n<\/li>\n<li data-start=\"1972\" data-end=\"2042\">\n<p data-start=\"1974\" data-end=\"2042\">Kantama jopa 6 m (voidaan yhdist\u00e4\u00e4 Solo 101:n kanssa jopa 9,3 m)<\/p>\n<\/li>\n<li data-start=\"2043\" data-end=\"2089\">\n<p data-start=\"2045\" data-end=\"2089\">Sopii useimpiin savuilmaisimiin<\/p>\n<\/li>\n<li data-start=\"2090\" data-end=\"2144\">\n<p data-start=\"2092\" data-end=\"2144\">Helppo ja turvallinen k\u00e4ytt\u00f6, nopea palautuminen<\/p>\n<\/li>\n<\/ul>\n<h3 data-start=\"2146\" data-end=\"2161\">Kuljetus<\/h3>\n<p data-start=\"2162\" data-end=\"2317\">Pakkaus voidaan j\u00e4rjest\u00e4\u00e4 Solo 610 -s\u00e4ilytyslaukkuun, jossa on tilaa sauvoille, testereille ja testikaasupulloille, mik\u00e4 yksinkertaistaa kuljetusta ja suojaa laitteita.<\/p>\n<p data-start=\"2319\" data-end=\"2346\">TEKNISET TIEDOT:<\/p>\n<ul data-start=\"2347\" data-end=\"2781\">\n<li data-start=\"2347\" data-end=\"2374\">\n<p data-start=\"2349\" data-end=\"2374\">Tuote: Solo 5 -testipakkaus<\/p>\n<\/li>\n<li data-start=\"2375\" data-end=\"2462\">\n<p data-start=\"2377\" data-end=\"2462\">Sis\u00e4lt\u00f6: Teleskooppivarsi Solo 100, Testikaasupullo Solo 330, 3 testikaasupulloa Solo A5<\/p>\n<\/li>\n<li data-start=\"2463\" data-end=\"2534\">\n<p data-start=\"2465\" data-end=\"2534\">Kantama: Jopa 6 m (voidaan yhdist\u00e4\u00e4 Solo 101:n kanssa jopa 9,3 m)<\/p>\n<\/li>\n<li data-start=\"2535\" data-end=\"2597\">\n<p data-start=\"2537\" data-end=\"2597\">Teleskooppivarren materiaali: Lasikuitu, s\u00e4hk\u00f6\u00e4 johtamaton<\/p>\n<\/li>\n<li data-start=\"2598\" data-end=\"2670\">\n<p data-start=\"2600\" data-end=\"2670\">Sovellus: Savuilmaisimien (optisten ja ionisoivien) toiminnallinen testaus<\/p>\n<\/li>\n<li data-start=\"2671\" data-end=\"2717\">\n<p data-start=\"2673\" data-end=\"2717\">Kapasiteetti testikaasupulloa kohden: noin 400 testi\u00e4<\/p>\n<\/li>\n<li data-start=\"2718\" data-end=\"2781\">\n<p data-start=\"2720\" data-end=\"2781\">Yhteensopiva seuraavien kanssa: Solo- ja Testifire-testerit, Solo-takedown-testerit<\/p>\n<\/li>\n<\/ul>","protected":false},"excerpt":{"rendered":"<p>Solo 5 -testipakkaus sis\u00e4lt\u00e4\u00e4 Solo 100 -teleskooppitangon, Solo 330 -testikaasupullon ja kolme Solo A5 -testikaasupulloa noin 6 metrin korkuisten savuilmaisimien testaamiseen.<\/p>\n<p>T\u00e4ydellinen teknikkoille, jotka tarvitsevat useiden ilmaisimien turvallista ja tehokasta testausta samalla ty\u00f6alueella.<\/p>","protected":false},"featured_media":137652,"template":"","meta":{"_acf_changed":false},"product_brand":[],"product_cat":[3849,2945],"product_tag":[],"class_list":{"0":"post-92677","1":"product","2":"type-product","3":"status-publish","4":"has-post-thumbnail","6":"product_cat-solo-kit","7":"product_cat-solo","8":"product_shipping_class-tunga-paket","9":"tm-no-options","11":"first","12":"onbackorder","13":"taxable","14":"shipping-taxable","15":"purchasable","16":"product-type-simple"},"acf":[],"_links":{"self":[{"href":"https:\/\/secureus.se\/fi\/wp-json\/wp\/v2\/product\/92677","targetHints":{"allow":["GET"]}}],"collection":[{"href":"https:\/\/secureus.se\/fi\/wp-json\/wp\/v2\/product"}],"about":[{"href":"https:\/\/secureus.se\/fi\/wp-json\/wp\/v2\/types\/product"}],"wp:featuredmedia":[{"embeddable":true,"href":"https:\/\/secureus.se\/fi\/wp-json\/wp\/v2\/media\/137652"}],"wp:attachment":[{"href":"https:\/\/secureus.se\/fi\/wp-json\/wp\/v2\/media?parent=92677"}],"wp:term":[{"taxonomy":"product_brand","embeddable":true,"href":"https:\/\/secureus.se\/fi\/wp-json\/wp\/v2\/product_brand?post=92677"},{"taxonomy":"product_cat","embeddable":true,"href":"https:\/\/secureus.se\/fi\/wp-json\/wp\/v2\/product_cat?post=92677"},{"taxonomy":"product_tag","embeddable":true,"href":"https:\/\/secureus.se\/fi\/wp-json\/wp\/v2\/product_tag?post=92677"}],"curies":[{"name":"wp","href":"https:\/\/api.w.org\/{rel}","templated":true}]}}