{"id":92679,"date":"2024-06-12T13:13:02","date_gmt":"2024-06-12T11:13:02","guid":{"rendered":"https:\/\/secureus.se\/provkit-solo-6-6-m-provning-rok\/"},"modified":"2026-04-08T16:06:30","modified_gmt":"2026-04-08T14:06:30","slug":"provkit-solo-6-6-m-provning-rok","status":"publish","type":"product","link":"https:\/\/secureus.se\/fi\/provkit-solo-6-6-m-provning-rok\/","title":{"rendered":"Testisarja Solo 6 \u2013 6 m \u2013 Testaussavu"},"content":{"rendered":"<h1>Testisarja Solo 6 \u2013 6 m \u2013 Testaussavu<\/h1>\n<h3 data-start=\"282\" data-end=\"335\">T\u00e4ydellinen testisarja jopa 6 metrin savuilmaisimille<\/h3>\n<p data-start=\"336\" data-end=\"639\">Solo 6 on k\u00e4yt\u00e4nn\u00f6llinen testisarja, joka yhdist\u00e4\u00e4 Solo 100 -teleskooppitangon, Solo 330 -ilmaisintesterin ja Solo A5 -testikaasupullon (entinen Solo A3) savuilmaisimien tehokasta testausta varten.<\/p>\n<p data-start=\"336\" data-end=\"639\">Pakkaus on suunniteltu helpottamaan paloilmoitinj\u00e4rjestelmien kuukausittaista ja nelj\u00e4nnesvuosittaista testausta ilman tikkaita.<\/p>\n<h3 data-start=\"641\" data-end=\"669\">Teleskooppivarsi Solo 100<\/h3>\n<p data-start=\"670\" data-end=\"896\">Valmistettu korkealaatuisesta lasikuitumateriaalista, joka ei johda s\u00e4hk\u00f6\u00e4, joten se on kevyt mutta j\u00e4ykk\u00e4.<\/p>\n<p data-start=\"670\" data-end=\"896\">Voidaan asentaa 1\u20133 Solo 101 -laitteen kanssa, jolloin ulottuu jopa noin 9,3 metrin korkeuteen. Sopii Solo- ja Testifire-testeriin ja purkulaitteisiin.<\/p>\n<h3 data-start=\"898\" data-end=\"928\">Ilmaisimen testaaja Solo 330<\/h3>\n<p data-start=\"929\" data-end=\"1312\">Solo 330 -laitetta k\u00e4ytet\u00e4\u00e4n halkaisijaltaan enint\u00e4\u00e4n 100 mm:n savu- ja h\u00e4k\u00e4ilmaisimien toiminnan testaamiseen.<\/p>\n<p data-start=\"929\" data-end=\"1312\">K\u00e4\u00e4ntyv\u00e4n kupin ansiosta on mahdollista testata ilmaisimia, jotka eiv\u00e4t ole kohtisuorassa lattiaan n\u00e4hden tai joihin on vaikea p\u00e4\u00e4st\u00e4 k\u00e4siksi.<\/p>\n<p data-start=\"929\" data-end=\"1312\">Solo A5 -testikaasupullo tuottaa aerosolia, joka simuloi oikeaa savua ja aktivoi sek\u00e4 optiset ett\u00e4 ionisoivat savuilmaisimet.<\/p>\n<p data-start=\"929\" data-end=\"1312\">Yksi pullo riitt\u00e4\u00e4 noin 400 testiin.<\/p>\n<h3 data-start=\"1314\" data-end=\"1330\">K\u00e4ytt\u00e4\u00e4<\/h3>\n<ol data-start=\"1331\" data-end=\"1672\">\n<li data-start=\"1331\" data-end=\"1395\">\n<p data-start=\"1334\" data-end=\"1395\">Kiinnit\u00e4 testeri teleskooppitankoon, kunnes se napsahtaa paikalleen.<\/p>\n<\/li>\n<li data-start=\"1396\" data-end=\"1452\">\n<p data-start=\"1399\" data-end=\"1452\">Aseta Solo A5 -pullo testeriin ja k\u00e4\u00e4nn\u00e4 sit\u00e4 \u00bc kierrosta.<\/p>\n<\/li>\n<li data-start=\"1453\" data-end=\"1530\">\n<p data-start=\"1456\" data-end=\"1530\">Aseta kuppi ilmaisimen ymp\u00e4rille ja paina sit\u00e4 kevyesti kattoa vasten noin sekunnin ajan.<\/p>\n<\/li>\n<li data-start=\"1531\" data-end=\"1603\">\n<p data-start=\"1534\" data-end=\"1603\">Odota h\u00e4lytyst\u00e4 10 sekuntia. Jos h\u00e4lytyst\u00e4 ei kuulu, toista testi lyhyesti.<\/p>\n<\/li>\n<li data-start=\"1604\" data-end=\"1672\">\n<p data-start=\"1607\" data-end=\"1672\">Kaasu haihtuu nopeasti, mik\u00e4 mahdollistaa v\u00e4litt\u00f6m\u00e4n talteenoton.<\/p>\n<\/li>\n<\/ol>\n<h3 data-start=\"1674\" data-end=\"1699\">Solo 6:n edut<\/h3>\n<ul data-start=\"1700\" data-end=\"1933\">\n<li data-start=\"1700\" data-end=\"1742\">\n<p data-start=\"1702\" data-end=\"1742\">T\u00e4ydellinen sarja testaukseen jopa 6 metrin syvyyteen asti<\/p>\n<\/li>\n<li data-start=\"1743\" data-end=\"1788\">\n<p data-start=\"1745\" data-end=\"1788\">Kevyt, kest\u00e4v\u00e4 ja turvallinen lasikuitumateriaali<\/p>\n<\/li>\n<li data-start=\"1789\" data-end=\"1841\">\n<p data-start=\"1791\" data-end=\"1841\">Solo A5 -testikaasupullo realistiseen savun testaukseen<\/p>\n<\/li>\n<li data-start=\"1842\" data-end=\"1886\">\n<p data-start=\"1844\" data-end=\"1886\">Voidaan k\u00e4ytt\u00e4\u00e4 Solo 101:n kanssa lis\u00e4korkeuden saavuttamiseksi<\/p>\n<\/li>\n<li data-start=\"1887\" data-end=\"1933\">\n<p data-start=\"1889\" data-end=\"1933\">Sopii useimpiin savuilmaisimiin<\/p>\n<\/li>\n<\/ul>\n<h3 data-start=\"1935\" data-end=\"1950\">Kuljetus<\/h3>\n<p data-start=\"1951\" data-end=\"2063\">Pakkausta voidaan kuljettaa ja j\u00e4rjest\u00e4\u00e4 Solo 610 -s\u00e4ilytyslaukussa, jossa on tilaa sauvoille, testereille ja testikaasupulloille.<\/p>\n<p data-start=\"2065\" data-end=\"2092\">TEKNISET TIEDOT:<\/p>\n<ul data-start=\"2093\" data-end=\"2521\">\n<li data-start=\"2093\" data-end=\"2120\">\n<p data-start=\"2095\" data-end=\"2120\">Tuote: Solo 6 -testipakkaus<\/p>\n<\/li>\n<li data-start=\"2121\" data-end=\"2206\">\n<p data-start=\"2123\" data-end=\"2206\">Sis\u00e4lt\u00f6: Teleskooppivarsi Solo 100, Ilmaisimen testeri Solo 330, Testikaasupullo Solo A5<\/p>\n<\/li>\n<li data-start=\"2207\" data-end=\"2278\">\n<p data-start=\"2209\" data-end=\"2278\">Kantama: Jopa 6 m (voidaan yhdist\u00e4\u00e4 Solo 101:n kanssa jopa 9,3 m)<\/p>\n<\/li>\n<li data-start=\"2279\" data-end=\"2341\">\n<p data-start=\"2281\" data-end=\"2341\">Teleskooppivarren materiaali: Lasikuitu, s\u00e4hk\u00f6\u00e4 johtamaton<\/p>\n<\/li>\n<li data-start=\"2342\" data-end=\"2414\">\n<p data-start=\"2344\" data-end=\"2414\">Sovellus: Savuilmaisimien (optisten ja ionisoivien) toiminnallinen testaus<\/p>\n<\/li>\n<li data-start=\"2415\" data-end=\"2457\">\n<p data-start=\"2417\" data-end=\"2457\">Testikaasupullon kapasiteetti: noin 400 testi\u00e4<\/p>\n<\/li>\n<li data-start=\"2458\" data-end=\"2521\">\n<p data-start=\"2460\" data-end=\"2521\">Yhteensopiva seuraavien kanssa: Solo- ja Testifire-testerit, Solo-takedown-testerit<\/p>\n<\/li>\n<\/ul>","protected":false},"excerpt":{"rendered":"<p>Solo 6 -testaussarja sis\u00e4lt\u00e4\u00e4 Solo 100 -teleskooppitangon, Solo 330 -ilmaisintesterin ja Solo A5 -testikaasupullon noin 6 metrin korkuisten savuilmaisimien testaamiseen.<\/p>\n<p>T\u00e4ydellinen teknikoille, jotka tarvitsevat tehokasta ja turvallista testausta keskikorkeissa katoissa.<\/p>","protected":false},"featured_media":137216,"template":"","meta":{"_acf_changed":false},"product_brand":[],"product_cat":[3849,2945],"product_tag":[],"class_list":{"0":"post-92679","1":"product","2":"type-product","3":"status-publish","4":"has-post-thumbnail","6":"product_cat-solo-kit","7":"product_cat-solo","8":"product_shipping_class-tunga-paket","9":"tm-no-options","11":"first","12":"instock","13":"taxable","14":"shipping-taxable","15":"purchasable","16":"product-type-simple"},"acf":[],"_links":{"self":[{"href":"https:\/\/secureus.se\/fi\/wp-json\/wp\/v2\/product\/92679","targetHints":{"allow":["GET"]}}],"collection":[{"href":"https:\/\/secureus.se\/fi\/wp-json\/wp\/v2\/product"}],"about":[{"href":"https:\/\/secureus.se\/fi\/wp-json\/wp\/v2\/types\/product"}],"wp:featuredmedia":[{"embeddable":true,"href":"https:\/\/secureus.se\/fi\/wp-json\/wp\/v2\/media\/137216"}],"wp:attachment":[{"href":"https:\/\/secureus.se\/fi\/wp-json\/wp\/v2\/media?parent=92679"}],"wp:term":[{"taxonomy":"product_brand","embeddable":true,"href":"https:\/\/secureus.se\/fi\/wp-json\/wp\/v2\/product_brand?post=92679"},{"taxonomy":"product_cat","embeddable":true,"href":"https:\/\/secureus.se\/fi\/wp-json\/wp\/v2\/product_cat?post=92679"},{"taxonomy":"product_tag","embeddable":true,"href":"https:\/\/secureus.se\/fi\/wp-json\/wp\/v2\/product_tag?post=92679"}],"curies":[{"name":"wp","href":"https:\/\/api.w.org\/{rel}","templated":true}]}}