{"id":92681,"date":"2024-06-12T13:12:51","date_gmt":"2024-06-12T11:12:51","guid":{"rendered":"https:\/\/secureus.se\/provkit-solo-10-73-m-rok-barvaskor\/"},"modified":"2026-03-26T12:28:23","modified_gmt":"2026-03-26T11:28:23","slug":"provkit-solo-10-73-m-rok-barvaskor","status":"publish","type":"product","link":"https:\/\/secureus.se\/fi\/provkit-solo-10-73-m-rok-barvaskor\/","title":{"rendered":"Testisarja Solo 10 - 7,3 m (Savu) - Kantolaukut"},"content":{"rendered":"<h1>Testisarja Solo 10 - 7,3 m (Savu) - Kantolaukut<\/h1>\n<h3 data-start=\"357\" data-end=\"403\">Testisarja savuilmaisimille jopa 7,3 m asti<\/h3>\n<p data-start=\"404\" data-end=\"676\">Solo 10 on suunniteltu automaattisten paloilmoitinj\u00e4rjestelmien savuilmaisimien turvalliseen ja tehokkaaseen testaukseen.<\/p>\n<p data-start=\"404\" data-end=\"676\">Pakkaus yhdist\u00e4\u00e4 teleskooppitangot, jatkotangot ja testauslaitteet kanto- ja s\u00e4ilytyslaukkuineen, mik\u00e4 helpottaa kuljetusta ja k\u00e4ytt\u00f6\u00e4 ty\u00f6maalla.<\/p>\n<h3 data-start=\"678\" data-end=\"702\">Solo 10:n sis\u00e4lt\u00f6<\/h3>\n<ul data-start=\"703\" data-end=\"1237\">\n<li data-start=\"703\" data-end=\"819\">\n<p data-start=\"705\" data-end=\"819\"><strong data-start=\"705\" data-end=\"733\">Ilmaisimen testaaja Solo 330<\/strong> \u2013 testaa savu- ja h\u00e4k\u00e4ilmaisimia, yhteensopiva Solo A5- ja Solo C3 -testikaasupullojen kanssa.<\/p>\n<\/li>\n<li data-start=\"820\" data-end=\"910\">\n<p data-start=\"822\" data-end=\"910\"><strong data-start=\"822\" data-end=\"848\">Teleskooppivarsi Solo 108<\/strong> \u2013 2,5 m, lasikuitua, s\u00e4hk\u00f6\u00e4 johtamatonta, kevyt ja j\u00e4ykk\u00e4.<\/p>\n<\/li>\n<li data-start=\"911\" data-end=\"1002\">\n<p data-start=\"913\" data-end=\"1002\"><strong data-start=\"913\" data-end=\"949\">3 \u00d7 Jatkotangot Solo 101<\/strong> \u2013 1,13 m kukin, voidaan yhdist\u00e4\u00e4 korkeamman korkeuden saavuttamiseksi.<\/p>\n<\/li>\n<li data-start=\"1003\" data-end=\"1150\">\n<p data-start=\"1005\" data-end=\"1150\"><strong data-start=\"1005\" data-end=\"1043\">Kanto- ja s\u00e4ilytyslaukut Solo 610<\/strong> \u2013 kaksi irrotettavilla v\u00e4liseinill\u00e4 varustettua laukkua, viinej\u00e4 sauvoille, tilaa testereille, kaasupulloille ja lis\u00e4varusteille.<\/p>\n<\/li>\n<li data-start=\"1151\" data-end=\"1237\">\n<p data-start=\"1153\" data-end=\"1237\"><strong data-start=\"1153\" data-end=\"1183\">3 \u00d7 Solo A5 -testikaasupulloa<\/strong> \u2013 savutesti, riitt\u00e4\u00e4 noin 400 testiin pulloa kohden.<\/p>\n<\/li>\n<\/ul>\n<h3 data-start=\"1239\" data-end=\"1271\">Helppo ja turvallinen k\u00e4ytt\u00f6<\/h3>\n<ol data-start=\"1272\" data-end=\"1587\">\n<li data-start=\"1272\" data-end=\"1354\">\n<p data-start=\"1275\" data-end=\"1354\">Asenna Solo 330 Solo 108:aan ja mihin tahansa Solo 101 -pylv\u00e4\u00e4seen halutulle korkeudelle.<\/p>\n<\/li>\n<li data-start=\"1355\" data-end=\"1416\">\n<p data-start=\"1358\" data-end=\"1416\">Ravista Solo A5 -testikaasupulloa ja asenna se testeriin.<\/p>\n<\/li>\n<li data-start=\"1417\" data-end=\"1518\">\n<p data-start=\"1420\" data-end=\"1518\">Aseta kuppi ilmaisimen ymp\u00e4rille, paina sit\u00e4 kevyesti kattoa vasten ja anna kaasun virrata ulos noin sekunnin ajan.<\/p>\n<\/li>\n<li data-start=\"1519\" data-end=\"1587\">\n<p data-start=\"1522\" data-end=\"1587\">Odota noin 10 sekuntia, kunnes ilmaisin h\u00e4lytt\u00e4\u00e4; toista tarvittaessa.<\/p>\n<\/li>\n<\/ol>\n<h3 data-start=\"1589\" data-end=\"1615\">Solo 10:n edut<\/h3>\n<ul data-start=\"1616\" data-end=\"1836\">\n<li data-start=\"1616\" data-end=\"1643\">\n<p data-start=\"1618\" data-end=\"1643\">Ulottuvuus jopa 7,3 m<\/p>\n<\/li>\n<li data-start=\"1644\" data-end=\"1682\">\n<p data-start=\"1646\" data-end=\"1682\">Testaa sek\u00e4 savu- ett\u00e4 h\u00e4k\u00e4ilmaisimia<\/p>\n<\/li>\n<li data-start=\"1683\" data-end=\"1725\">\n<p data-start=\"1685\" data-end=\"1725\">Kompakti ja kannettava Solo 610 -laukuilla<\/p>\n<\/li>\n<li data-start=\"1726\" data-end=\"1782\">\n<p data-start=\"1728\" data-end=\"1782\">Tankojen ja testerien helppo kokoaminen ja k\u00e4sittely<\/p>\n<\/li>\n<li data-start=\"1783\" data-end=\"1836\">\n<p data-start=\"1785\" data-end=\"1836\">Testikaasupulloja riitt\u00e4\u00e4 noin 400 n\u00e4ytteeseen pulloa kohden.<\/p>\n<\/li>\n<\/ul>\n<h3 data-start=\"1838\" data-end=\"1868\">Tekniset tiedot<\/h3>\n<ul data-start=\"1869\" data-end=\"2123\">\n<li data-start=\"1869\" data-end=\"1902\">\n<p data-start=\"1871\" data-end=\"1902\">Testikorkeus: jopa 7,3 m<\/p>\n<\/li>\n<li data-start=\"1903\" data-end=\"1972\">\n<p data-start=\"1905\" data-end=\"1972\">Sis\u00e4lt\u00f6: Solo 330, Solo 108, 3 \u00d7 Solo 101, Solo 610, 3 \u00d7 Solo A5<\/p>\n<\/li>\n<li data-start=\"1973\" data-end=\"2027\">\n<p data-start=\"1975\" data-end=\"2027\">Tangon materiaali: Lasikuitu, ei s\u00e4hk\u00f6\u00e4 johtava<\/p>\n<\/li>\n<li data-start=\"2028\" data-end=\"2075\">\n<p data-start=\"2030\" data-end=\"2075\">Testikaasupullon kapasiteetti: noin 400 n\u00e4ytett\u00e4\/pullo<\/p>\n<\/li>\n<li data-start=\"2076\" data-end=\"2123\">\n<p data-start=\"2078\" data-end=\"2123\">Yhteensopiva: Solo- ja Testifire-testerien kanssa<\/p>\n<\/li>\n<\/ul>","protected":false},"excerpt":{"rendered":"<p>Solo 10 -testisarja on t\u00e4ydellinen sarja jopa noin 7,3 metrin et\u00e4isyydell\u00e4 olevien savuilmaisimien testaamiseen.<\/p>\n<p>Sis\u00e4lt\u00e4\u00e4 Solo 108 -teleskooppitangon, kolme Solo 101 -jatkovartta, Solo 330 -ilmaisimen testerin, Solo 610 -kanto- ja s\u00e4ilytyslaukut sek\u00e4 kolme Solo A5 -testikaasupulloa.<\/p>\n<p>K\u00e4yt\u00e4nn\u00f6llinen, k\u00e4tev\u00e4 ja kannettava ammattimaiseen testaukseen.<\/p>","protected":false},"featured_media":137682,"template":"","meta":{"_acf_changed":false},"product_brand":[],"product_cat":[3849,2945],"product_tag":[],"class_list":{"0":"post-92681","1":"product","2":"type-product","3":"status-publish","4":"has-post-thumbnail","6":"product_cat-solo-kit","7":"product_cat-solo","8":"product_shipping_class-tunga-paket","9":"tm-no-options","11":"first","12":"onbackorder","13":"taxable","14":"shipping-taxable","15":"purchasable","16":"product-type-simple"},"acf":[],"_links":{"self":[{"href":"https:\/\/secureus.se\/fi\/wp-json\/wp\/v2\/product\/92681","targetHints":{"allow":["GET"]}}],"collection":[{"href":"https:\/\/secureus.se\/fi\/wp-json\/wp\/v2\/product"}],"about":[{"href":"https:\/\/secureus.se\/fi\/wp-json\/wp\/v2\/types\/product"}],"wp:featuredmedia":[{"embeddable":true,"href":"https:\/\/secureus.se\/fi\/wp-json\/wp\/v2\/media\/137682"}],"wp:attachment":[{"href":"https:\/\/secureus.se\/fi\/wp-json\/wp\/v2\/media?parent=92681"}],"wp:term":[{"taxonomy":"product_brand","embeddable":true,"href":"https:\/\/secureus.se\/fi\/wp-json\/wp\/v2\/product_brand?post=92681"},{"taxonomy":"product_cat","embeddable":true,"href":"https:\/\/secureus.se\/fi\/wp-json\/wp\/v2\/product_cat?post=92681"},{"taxonomy":"product_tag","embeddable":true,"href":"https:\/\/secureus.se\/fi\/wp-json\/wp\/v2\/product_tag?post=92681"}],"curies":[{"name":"wp","href":"https:\/\/api.w.org\/{rel}","templated":true}]}}