{"id":92770,"date":"2024-06-16T12:32:32","date_gmt":"2024-06-16T10:32:32","guid":{"rendered":"https:\/\/secureus.se\/?post_type=product&#038;p=92770"},"modified":"2026-04-08T15:47:36","modified_gmt":"2026-04-08T13:47:36","slug":"dorrbroms-1630-vit","status":"publish","type":"product","link":"https:\/\/secureus.se\/fi\/dorrbroms-1630-vit\/","title":{"rendered":"Oven jarru 1630 Valkoinen"},"content":{"rendered":"<div>Ovijarru ulosp\u00e4in avautuvalle ovelle. Asennettu t\u00f6rm\u00e4yspuolelle.<\/div>\n<div><b><br \/>Ominaisuudet:<\/b><\/div>\n<div>\n<ul>\n<li>Oven leveys 700-910 mm.<\/li>\n<li>Lakatut ter\u00e4skannattimet ja teleskooppiputki.<\/li>\n<li>Ruostumaton ter\u00e4stanko nivelp\u00e4\u00e4ll\u00e4 ja muovisella s\u00e4\u00e4t\u00f6holkilla.<\/li>\n<\/ul>\n<\/div>","protected":false},"excerpt":{"rendered":"<p>Ovijarru ulosp\u00e4in avautuvalle ovelle. Asennettu t\u00f6rm\u00e4yspuolelle. Ominaisuudet: Oven leveys 700-910 mm. Lakatut ter\u00e4skannattimet ja teleskooppiputki. Ruostumaton ter\u00e4stanko nivelp\u00e4\u00e4ll\u00e4 ja muovisella s\u00e4\u00e4t\u00f6holkilla.<\/p>","protected":false},"featured_media":136978,"template":"","meta":{"_acf_changed":false},"product_brand":[],"product_cat":[3370],"product_tag":[],"class_list":{"0":"post-92770","1":"product","2":"type-product","3":"status-publish","4":"has-post-thumbnail","6":"product_cat-dorrbroms-dorrbromsar","7":"product_shipping_class-tunga-paket","8":"pa_brands-habo","9":"tm-no-options","11":"first","12":"onbackorder","13":"sale","14":"taxable","15":"shipping-taxable","16":"purchasable","17":"product-type-simple"},"acf":[],"_links":{"self":[{"href":"https:\/\/secureus.se\/fi\/wp-json\/wp\/v2\/product\/92770","targetHints":{"allow":["GET"]}}],"collection":[{"href":"https:\/\/secureus.se\/fi\/wp-json\/wp\/v2\/product"}],"about":[{"href":"https:\/\/secureus.se\/fi\/wp-json\/wp\/v2\/types\/product"}],"wp:featuredmedia":[{"embeddable":true,"href":"https:\/\/secureus.se\/fi\/wp-json\/wp\/v2\/media\/136978"}],"wp:attachment":[{"href":"https:\/\/secureus.se\/fi\/wp-json\/wp\/v2\/media?parent=92770"}],"wp:term":[{"taxonomy":"product_brand","embeddable":true,"href":"https:\/\/secureus.se\/fi\/wp-json\/wp\/v2\/product_brand?post=92770"},{"taxonomy":"product_cat","embeddable":true,"href":"https:\/\/secureus.se\/fi\/wp-json\/wp\/v2\/product_cat?post=92770"},{"taxonomy":"product_tag","embeddable":true,"href":"https:\/\/secureus.se\/fi\/wp-json\/wp\/v2\/product_tag?post=92770"}],"curies":[{"name":"wp","href":"https:\/\/api.w.org\/{rel}","templated":true}]}}