{"id":92793,"date":"2024-06-16T12:32:34","date_gmt":"2024-06-16T10:32:34","guid":{"rendered":"https:\/\/secureus.se\/?post_type=product&#038;p=92793"},"modified":"2026-04-30T14:00:33","modified_gmt":"2026-04-30T12:00:33","slug":"dorrbroms-533t-2-vit","status":"publish","type":"product","link":"https:\/\/secureus.se\/fi\/dorrbroms-533t-2-vit\/","title":{"rendered":"ASSA ABLOY 533T\/2 Ovenpys\u00e4ytin \u2013 Valkoinen \u2013 Sis\u00e4\u00e4np\u00e4in avautuva ovi \u2013 700\u2013910 mm"},"content":{"rendered":"<h2 data-section-id=\"1kkk737\" data-start=\"158\" data-end=\"219\">ASSA ABLOY-ovenjarru 533T\/2 \u2013 Sis\u00e4\u00e4np\u00e4in avautuva ovi \u2013 700\u2013910 mm<\/h2>\n<p data-start=\"221\" data-end=\"437\">ASSA ABLOY 533T\/2 on ovenjarru sis\u00e4\u00e4np\u00e4in avautuville ulko-oville, ranskalaisille oville ja varasto-oville. Ovenjarru pit\u00e4\u00e4 oven halutussa avautumisasennossa ja v\u00e4hent\u00e4\u00e4 oven takaisinkiertymisen tai hallitsemattoman avautumisen riski\u00e4.<\/p>\n<p data-start=\"439\" data-end=\"704\">S\u00e4\u00e4dett\u00e4v\u00e4n kitkajarrun avulla voit helposti s\u00e4\u00e4t\u00e4\u00e4 jarrutusvoimaa oven painon ja haluamasi vastuksen mukaan. T\u00e4m\u00e4 tarkoittaa, ett\u00e4 ovi pys\u00e4htyy valitsemaasi avautumisasentoon, mik\u00e4 sek\u00e4 lis\u00e4\u00e4 mukavuutta ett\u00e4 v\u00e4hent\u00e4\u00e4 puristumisvammojen riski\u00e4.<\/p>\n<p data-start=\"706\" data-end=\"835\">Malli 533T\/2 on sarjan pidempi versio ja sit\u00e4 k\u00e4ytet\u00e4\u00e4n leve\u00e4mmiss\u00e4 ovissa. Se sopii sek\u00e4 oikea- ett\u00e4 vasenk\u00e4tisiin oviin.<\/p>\n<hr data-start=\"837\" data-end=\"840\" \/>\n<h2 data-section-id=\"fnvs8i\" data-start=\"842\" data-end=\"855\">Ominaisuudet<\/h2>\n<p data-start=\"857\" data-end=\"1117\">\u2022 Sis\u00e4\u00e4np\u00e4in avautuville ulko-oville ja ranskalaisille oville<br data-start=\"903\" data-end=\"906\" \/>\u2022 Pit\u00e4\u00e4 oven halutussa avausasennossa<br data-start=\"947\" data-end=\"950\" \/>\u2022 Est\u00e4\u00e4 oven takaisinpainumisen<br data-start=\"985\" data-end=\"988\" \/>\u2022 S\u00e4\u00e4dett\u00e4v\u00e4 jarrutusvoima kitkans\u00e4\u00e4d\u00f6ll\u00e4<br data-start=\"1033\" data-end=\"1036\" \/>\u2022 Sopii sek\u00e4 oikea- ett\u00e4 vasenk\u00e4tisiin oviin<br data-start=\"1081\" data-end=\"1084\" \/>\u2022 V\u00e4hent\u00e4\u00e4 puristusvammojen riski\u00e4<\/p>\n<hr data-start=\"1119\" data-end=\"1122\" \/>\n<h2 data-section-id=\"zehbyt\" data-start=\"1124\" data-end=\"1150\">Rakentaminen ja materiaalit<\/h2>\n<p data-start=\"1152\" data-end=\"1287\">\u2022 Ruostumattomasta ter\u00e4ksest\u00e4 valmistettu tanko<br data-start=\"1177\" data-end=\"1180\" \/>\u2022 Nivelp\u00e4\u00e4 valmistettu kest\u00e4v\u00e4st\u00e4 asetaalimuovista<br data-start=\"1214\" data-end=\"1217\" \/>\u2022 Karmikiinnike ja ovenkiinnike maalattua ter\u00e4st\u00e4<br data-start=\"1258\" data-end=\"1261\" \/>\u2022 Asetaalimuovikansi<\/p>\n<p data-start=\"1289\" data-end=\"1394\">Kest\u00e4v\u00e4n rakenteensa ansiosta ovenjarru sopii p\u00e4ivitt\u00e4iseen k\u00e4ytt\u00f6\u00f6n kodeissa ja vastaavissa ymp\u00e4rist\u00f6iss\u00e4.<\/p>\n<hr data-start=\"1396\" data-end=\"1399\" \/>\n<h2 data-section-id=\"10c1xz9\" data-start=\"1401\" data-end=\"1425\">Mitat ja yhteensopivuus<\/h2>\n<p data-start=\"1427\" data-end=\"1510\"><strong data-start=\"1427\" data-end=\"1438\">Malli:<\/strong> 533T\/2<br data-start=\"1445\" data-end=\"1448\" \/><strong data-start=\"1448\" data-end=\"1464\">Kokonaispituus:<\/strong> 530 mm<br data-start=\"1471\" data-end=\"1474\" \/><strong data-start=\"1474\" data-end=\"1497\">Sopii rungon mittoihin:<\/strong> 700\u2013910 mm<\/p>\n<hr data-start=\"1512\" data-end=\"1515\" \/>\n<h2 data-section-id=\"kejv24\" data-start=\"1517\" data-end=\"1541\">Saatavilla kahdessa koossa<\/h2>\n<p data-start=\"1543\" data-end=\"1600\"><strong data-start=\"1543\" data-end=\"1553\">533T\/1<\/strong><br data-start=\"1553\" data-end=\"1556\" \/>Sopii oviin, joiden karmileveydet <strong data-start=\"1586\" data-end=\"1600\">500\u2013700 mm<\/strong><\/p>\n<p data-start=\"1602\" data-end=\"1659\"><strong data-start=\"1602\" data-end=\"1612\">533T\/2<\/strong><br data-start=\"1612\" data-end=\"1615\" \/>Sopii oviin, joiden karmileveydet <strong data-start=\"1645\" data-end=\"1659\">700\u2013910 mm<\/strong><\/p>\n<hr data-start=\"1661\" data-end=\"1664\" \/>\n<h2 data-section-id=\"1lu5w0y\" data-start=\"1666\" data-end=\"1688\">Suositeltu ruuvi<\/h2>\n<p data-start=\"1690\" data-end=\"1743\">Rungon kiinnitys: <strong data-start=\"1701\" data-end=\"1715\">TFX 4,5 mm<\/strong><br data-start=\"1715\" data-end=\"1718\" \/>Oven kiinnike: <strong data-start=\"1729\" data-end=\"1743\">TFX 3,5 mm<\/strong><\/p>\n<p data-start=\"1745\" data-end=\"1815\">Ruuvit eiv\u00e4t sis\u00e4lly pakkaukseen, mutta ne voi ostaa erikseen meilt\u00e4.<\/p>","protected":false},"excerpt":{"rendered":"<p>ASSA ABLOY 533T\/2 on ovenjarru sis\u00e4\u00e4np\u00e4in avautuville ulko-oville ja ranskalaisille oville. Ovenjarru pit\u00e4\u00e4 oven halutussa avautumisasennossa ja v\u00e4hent\u00e4\u00e4 sen takaisinkiihtymisen riski\u00e4. Sopii karmimitoille 700\u2013910 mm ja sek\u00e4 oikea- ett\u00e4 vasenk\u00e4tisille oville.<\/p>","protected":false},"featured_media":164432,"template":"","meta":{"_acf_changed":false},"product_brand":[],"product_cat":[3370],"product_tag":[],"class_list":{"0":"post-92793","1":"product","2":"type-product","3":"status-publish","4":"has-post-thumbnail","6":"product_cat-dorrbroms-dorrbromsar","7":"product_shipping_class-tunga-paket","8":"pa_brands-abloy","9":"tm-no-options","11":"first","12":"instock","13":"sale","14":"taxable","15":"shipping-taxable","16":"purchasable","17":"product-type-simple"},"acf":[],"_links":{"self":[{"href":"https:\/\/secureus.se\/fi\/wp-json\/wp\/v2\/product\/92793","targetHints":{"allow":["GET"]}}],"collection":[{"href":"https:\/\/secureus.se\/fi\/wp-json\/wp\/v2\/product"}],"about":[{"href":"https:\/\/secureus.se\/fi\/wp-json\/wp\/v2\/types\/product"}],"wp:featuredmedia":[{"embeddable":true,"href":"https:\/\/secureus.se\/fi\/wp-json\/wp\/v2\/media\/164432"}],"wp:attachment":[{"href":"https:\/\/secureus.se\/fi\/wp-json\/wp\/v2\/media?parent=92793"}],"wp:term":[{"taxonomy":"product_brand","embeddable":true,"href":"https:\/\/secureus.se\/fi\/wp-json\/wp\/v2\/product_brand?post=92793"},{"taxonomy":"product_cat","embeddable":true,"href":"https:\/\/secureus.se\/fi\/wp-json\/wp\/v2\/product_cat?post=92793"},{"taxonomy":"product_tag","embeddable":true,"href":"https:\/\/secureus.se\/fi\/wp-json\/wp\/v2\/product_tag?post=92793"}],"curies":[{"name":"wp","href":"https:\/\/api.w.org\/{rel}","templated":true}]}}