{"id":92799,"date":"2024-06-16T12:32:35","date_gmt":"2024-06-16T10:32:35","guid":{"rendered":"https:\/\/secureus.se\/?post_type=product&#038;p=92799"},"modified":"2026-04-23T12:13:00","modified_gmt":"2026-04-23T10:13:00","slug":"dorrbroms-328a","status":"publish","type":"product","link":"https:\/\/secureus.se\/fi\/dorrbroms-328a\/","title":{"rendered":"Oven jarru 328A"},"content":{"rendered":"<p>ASSA ABLOY 328A on sis\u00e4\u00e4np\u00e4in avautuvien ovien jarru. Pit\u00e4\u00e4 oven halutussa asennossa kitkan avulla. K\u00e4ytet\u00e4\u00e4n s\u00e4ilytysoviin ja kevyempiin sis\u00e4oviin.<\/p>\n<p><b>Ominaisuudet:\u00a0<\/b><\/p>\n<ul>\n<li>Sis\u00e4\u00e4n avautuvat ovet (328 ulosp\u00e4in avautuvat ovet)<\/li>\n<li>Pit\u00e4\u00e4 oven kitkan avulla halutussa avautumisasennossa.<\/li>\n<li>Jarrutusvoimaa voidaan muuttaa s\u00e4\u00e4t\u00f6mutterilla.<\/li>\n<li>Varsi voidaan irrottaa rungon kiinnikkeest\u00e4.<\/li>\n<li>Sopii sek\u00e4 oikealle ett\u00e4 vasemmalle.<\/li>\n<li>Suositeltu ruuvi: TKX 4,5 mm.<\/li>\n<\/ul>","protected":false},"excerpt":{"rendered":"<p>Est\u00e4\u00e4 oven takaisinpainumisen ja v\u00e4hent\u00e4\u00e4 puristumisriski\u00e4. K\u00e4ytet\u00e4\u00e4n varasto-ovissa ja kevyemmiss\u00e4 sis\u00e4ovissa.<\/p>","protected":false},"featured_media":138015,"template":"","meta":{"_acf_changed":false},"product_brand":[],"product_cat":[3370],"product_tag":[],"class_list":{"0":"post-92799","1":"product","2":"type-product","3":"status-publish","4":"has-post-thumbnail","6":"product_cat-dorrbroms-dorrbromsar","7":"product_shipping_class-tunga-paket","8":"pa_brands-abloy","9":"tm-no-options","11":"first","12":"instock","13":"sale","14":"taxable","15":"shipping-taxable","16":"purchasable","17":"product-type-simple"},"acf":[],"_links":{"self":[{"href":"https:\/\/secureus.se\/fi\/wp-json\/wp\/v2\/product\/92799","targetHints":{"allow":["GET"]}}],"collection":[{"href":"https:\/\/secureus.se\/fi\/wp-json\/wp\/v2\/product"}],"about":[{"href":"https:\/\/secureus.se\/fi\/wp-json\/wp\/v2\/types\/product"}],"wp:featuredmedia":[{"embeddable":true,"href":"https:\/\/secureus.se\/fi\/wp-json\/wp\/v2\/media\/138015"}],"wp:attachment":[{"href":"https:\/\/secureus.se\/fi\/wp-json\/wp\/v2\/media?parent=92799"}],"wp:term":[{"taxonomy":"product_brand","embeddable":true,"href":"https:\/\/secureus.se\/fi\/wp-json\/wp\/v2\/product_brand?post=92799"},{"taxonomy":"product_cat","embeddable":true,"href":"https:\/\/secureus.se\/fi\/wp-json\/wp\/v2\/product_cat?post=92799"},{"taxonomy":"product_tag","embeddable":true,"href":"https:\/\/secureus.se\/fi\/wp-json\/wp\/v2\/product_tag?post=92799"}],"curies":[{"name":"wp","href":"https:\/\/api.w.org\/{rel}","templated":true}]}}