{"id":92805,"date":"2024-06-16T12:32:35","date_gmt":"2024-06-16T10:32:35","guid":{"rendered":"https:\/\/secureus.se\/?post_type=product&#038;p=92805"},"modified":"2026-05-05T20:39:32","modified_gmt":"2026-05-05T18:39:32","slug":"dorrbroms-523t-2-vit","status":"publish","type":"product","link":"https:\/\/secureus.se\/fi\/dorrbroms-523t-2-vit\/","title":{"rendered":"ASSA ABLOY 523T\/2 Ovenjarru - Valkoinen - 770-910 mm"},"content":{"rendered":"<h2 data-section-id=\"i8tpgf\" data-start=\"241\" data-end=\"320\">ASSA ABLOY Ovenjarru 523T\/2 \u2013 Valkoinen \u2013 Oville, joiden karmimitat ovat 770\u2013910 mm<\/h2>\n<p data-start=\"322\" data-end=\"567\">ASSA ABLOY 523T\/2 on tehokas ovenjarru ulosp\u00e4in avautuville terassioville, ranskalaisille oville, ulko-oville ja varasto-oville. Ovenjarru pit\u00e4\u00e4 oven halutussa avautumisasennossa ja est\u00e4\u00e4 sit\u00e4 lent\u00e4m\u00e4st\u00e4 takaisin tai avautumasta hallitsemattomasti voimakkaassa tuulessa.<\/p>\n<p data-start=\"569\" data-end=\"841\">S\u00e4\u00e4dett\u00e4v\u00e4n kitkajarrun avulla voit helposti s\u00e4\u00e4t\u00e4\u00e4 jarrutusvoimaa oven painon ja avausvastuksen mukaan. T\u00e4m\u00e4 tarkoittaa, ett\u00e4 ovi pys\u00e4htyy avausasentoon, mik\u00e4 lis\u00e4\u00e4 mukavuutta ja v\u00e4hent\u00e4\u00e4 puristumisvammojen riski\u00e4.<\/p>\n<p data-start=\"843\" data-end=\"1035\">523T\/2 on 523T-sarjan pidempi malli ja sit\u00e4 k\u00e4ytet\u00e4\u00e4n leve\u00e4mmiss\u00e4 ovissa. Se sopii sek\u00e4 oikea- ett\u00e4 vasenk\u00e4tisiin oviin ja on yleinen valinta terassioviin ja ranskalaisiin oviin asuinrakennuksissa.<\/p>\n<hr data-start=\"1037\" data-end=\"1040\" \/>\n<h2 data-section-id=\"fnvs8i\" data-start=\"1042\" data-end=\"1055\">Ominaisuudet<\/h2>\n<p data-start=\"1057\" data-end=\"1345\">\u2022 Ulosp\u00e4in avautuville terassioville, ranskalaisille ikkunoille ja ulko-oville<br data-start=\"1116\" data-end=\"1119\" \/>\u2022 Pit\u00e4\u00e4 oven halutussa avausasennossa<br data-start=\"1160\" data-end=\"1163\" \/>\u2022 Est\u00e4\u00e4 oven painumisen kiinni tuulessa<br data-start=\"1207\" data-end=\"1210\" \/>\u2022 S\u00e4\u00e4dett\u00e4v\u00e4 jarrutusvoima ja helppo kitkas\u00e4\u00e4t\u00f6<br data-start=\"1261\" data-end=\"1264\" \/>\u2022 Sopii sek\u00e4 oikea- ett\u00e4 vasenk\u00e4tisiin oviin<br data-start=\"1309\" data-end=\"1312\" \/>\u2022 V\u00e4hent\u00e4\u00e4 puristusvammojen riski\u00e4<\/p>\n<hr data-start=\"1347\" data-end=\"1350\" \/>\n<h2 data-section-id=\"zehbyt\" data-start=\"1352\" data-end=\"1378\">Rakentaminen ja materiaalit<\/h2>\n<p data-start=\"1380\" data-end=\"1515\">\u2022 Ruostumattomasta ter\u00e4ksest\u00e4 valmistettu tanko<br data-start=\"1405\" data-end=\"1408\" \/>\u2022 Nivelp\u00e4\u00e4 valmistettu kest\u00e4v\u00e4st\u00e4 asetaalimuovista<br data-start=\"1442\" data-end=\"1445\" \/>\u2022 Karmikiinnike ja ovenkiinnike maalattua ter\u00e4st\u00e4<br data-start=\"1486\" data-end=\"1489\" \/>\u2022 Asetaalimuovikansi<\/p>\n<p data-start=\"1517\" data-end=\"1627\">Kest\u00e4v\u00e4n rakenteensa ansiosta ovenjarru sopii p\u00e4ivitt\u00e4iseen k\u00e4ytt\u00f6\u00f6n sek\u00e4 asuin- ett\u00e4 vastaavissa ymp\u00e4rist\u00f6iss\u00e4.<\/p>\n<hr data-start=\"1629\" data-end=\"1632\" \/>\n<h2 data-section-id=\"10c1xz9\" data-start=\"1634\" data-end=\"1658\">Mitat ja yhteensopivuus<\/h2>\n<p data-start=\"1660\" data-end=\"1773\"><strong data-start=\"1660\" data-end=\"1671\">Malli:<\/strong> 523T\/2<br data-start=\"1678\" data-end=\"1681\" \/><strong data-start=\"1681\" data-end=\"1697\">Kokonaispituus:<\/strong> 545 mm<br data-start=\"1704\" data-end=\"1707\" \/><strong data-start=\"1707\" data-end=\"1730\">Sopii rungon mittoihin:<\/strong> 770\u2013910 mm<br data-start=\"1741\" data-end=\"1744\" \/><strong data-start=\"1744\" data-end=\"1763\">Avautumiskulma:<\/strong> noin 95\u00b0<\/p>\n<hr data-start=\"1775\" data-end=\"1778\" \/>\n<h2 data-section-id=\"kejv24\" data-start=\"1780\" data-end=\"1804\">Saatavilla kahdessa koossa<\/h2>\n<p data-start=\"1806\" data-end=\"1863\"><strong data-start=\"1806\" data-end=\"1816\">523T\/1<\/strong><br data-start=\"1816\" data-end=\"1819\" \/>Sopii oviin, joiden karmileveydet <strong data-start=\"1849\" data-end=\"1863\">590\u2013769 mm<\/strong><\/p>\n<p data-start=\"1865\" data-end=\"1922\"><strong data-start=\"1865\" data-end=\"1875\">523T\/2<\/strong><br data-start=\"1875\" data-end=\"1878\" \/>Sopii oviin, joiden karmileveydet <strong data-start=\"1908\" data-end=\"1922\">770\u2013910 mm<\/strong><\/p>\n<hr data-start=\"1924\" data-end=\"1927\" \/>\n<h2 data-section-id=\"1lu5w0y\" data-start=\"1929\" data-end=\"1951\">Suositeltu ruuvi \u2013 ei sis\u00e4lly toimitukseen<\/h2>\n<p data-start=\"1953\" data-end=\"2006\">Rungon kiinnitys: <strong data-start=\"1964\" data-end=\"1978\">TFX 4,5 mm<\/strong><br data-start=\"1978\" data-end=\"1981\" \/>Oven kiinnike: <strong data-start=\"1992\" data-end=\"2006\">TFX 3,5 mm<\/strong><\/p>","protected":false},"excerpt":{"rendered":"<p>ASSA ABLOY 523T\/2 on ulosp\u00e4in avautuvien ovien jarru. Ovenjarru pit\u00e4\u00e4 oven halutussa avautumisasennossa ja est\u00e4\u00e4 sit\u00e4 nousemasta takaisin. Sopii karmimitoille 770\u2013910 mm ja sek\u00e4 oikea- ett\u00e4 vasenk\u00e4tisille oville.<\/p>","protected":false},"featured_media":137131,"template":"","meta":{"_acf_changed":false},"product_brand":[],"product_cat":[3370],"product_tag":[],"class_list":{"0":"post-92805","1":"product","2":"type-product","3":"status-publish","4":"has-post-thumbnail","6":"product_cat-dorrbroms-dorrbromsar","7":"product_shipping_class-tunga-paket","8":"pa_brands-abloy","9":"tm-no-options","11":"first","12":"instock","13":"sale","14":"taxable","15":"shipping-taxable","16":"purchasable","17":"product-type-simple"},"acf":[],"_links":{"self":[{"href":"https:\/\/secureus.se\/fi\/wp-json\/wp\/v2\/product\/92805","targetHints":{"allow":["GET"]}}],"collection":[{"href":"https:\/\/secureus.se\/fi\/wp-json\/wp\/v2\/product"}],"about":[{"href":"https:\/\/secureus.se\/fi\/wp-json\/wp\/v2\/types\/product"}],"wp:featuredmedia":[{"embeddable":true,"href":"https:\/\/secureus.se\/fi\/wp-json\/wp\/v2\/media\/137131"}],"wp:attachment":[{"href":"https:\/\/secureus.se\/fi\/wp-json\/wp\/v2\/media?parent=92805"}],"wp:term":[{"taxonomy":"product_brand","embeddable":true,"href":"https:\/\/secureus.se\/fi\/wp-json\/wp\/v2\/product_brand?post=92805"},{"taxonomy":"product_cat","embeddable":true,"href":"https:\/\/secureus.se\/fi\/wp-json\/wp\/v2\/product_cat?post=92805"},{"taxonomy":"product_tag","embeddable":true,"href":"https:\/\/secureus.se\/fi\/wp-json\/wp\/v2\/product_tag?post=92805"}],"curies":[{"name":"wp","href":"https:\/\/api.w.org\/{rel}","templated":true}]}}