{"id":92828,"date":"2024-06-16T23:12:00","date_gmt":"2024-06-16T21:12:00","guid":{"rendered":"https:\/\/secureus.se\/?post_type=product&#038;p=92828"},"modified":"2026-03-26T11:32:29","modified_gmt":"2026-03-26T10:32:29","slug":"elslutbleck-es-19m-rattvand","status":"publish","type":"product","link":"https:\/\/secureus.se\/fi\/elslutbleck-es-19m-rattvand\/","title":{"rendered":"S\u00e4hk\u00f6inen p\u00e4\u00e4tylevy ES19 Oikealle"},"content":{"rendered":"<h1>S\u00e4hk\u00f6inen p\u00e4\u00e4tylevy ES19 Oikealle<\/h1>\n<p class=\"\" data-start=\"659\" data-end=\"1027\">S\u00e4hk\u00f6inen iskulevy ES19 Suorakulmainen Safetronilta on edistyksellinen ratkaisu oviin, jotka vaativat normaalin turvatason.<\/p>\n<p class=\"\" data-start=\"659\" data-end=\"1027\">T\u00e4m\u00e4 nauhapainetekniikalla varustettu s\u00e4hk\u00f6isku varmistaa, ett\u00e4 ovi avautuu jopa 150 kg:n painetta k\u00e4ytett\u00e4ess\u00e4, joten se on luotettava valinta oville, jotka ovat alttiina esteille, kuten soralle, lumelle tai rakennuksen liialliselle paineelle.<\/p>\n<p class=\"\" data-start=\"1029\" data-end=\"1353\">Yksi ES19:n t\u00e4rkeimmist\u00e4 eduista on sen paloluokitus (E\/EI 120), mik\u00e4 tarkoittaa, ett\u00e4 se on hyv\u00e4ksytty k\u00e4ytett\u00e4v\u00e4ksi paloosaston ovissa ja se on hyv\u00e4ksytty tulenkest\u00e4v\u00e4ksi jopa 120 minuuttia.<\/p>\n<p class=\"\" data-start=\"1029\" data-end=\"1353\">T\u00e4m\u00e4 tekee siit\u00e4 erinomaisen valinnan rakennuksiin, joissa palonkest\u00e4vyys ja turvallisuus ovat t\u00e4rkeit\u00e4.<\/p>\n<p class=\"\" data-start=\"1355\" data-end=\"1685\">ES19 on pienikokoinen ja suunniteltu sopimaan useimpiin tavallisiin s\u00e4hk\u00f6isiin iskulevyn syvennyksiin, mik\u00e4 tekee sen asentamisesta helppoa.<\/p>\n<p class=\"\" data-start=\"1355\" data-end=\"1685\">Se on my\u00f6s varustettu m\u00e4nt\u00e4kytkimell\u00e4, jonka avulla se ilmaisee, onko ovi kiinni ja lukittu vai auki ja lukitsematta. T\u00e4m\u00e4 tekee siit\u00e4 hy\u00f6dyllisen sek\u00e4 turvallisuuden ett\u00e4 oven valvonnassa.<\/p>\n<p class=\"\" data-start=\"1687\" data-end=\"1975\">Sen murtolujuus on vaikuttava 1500 kg (15 kN), ja se on suunniteltu kest\u00e4m\u00e4\u00e4n fyysisi\u00e4 iskuja s\u00e4ilytt\u00e4en samalla korkean toiminnallisuuden korkeilla avautumistiheydill\u00e4.<\/p>\n<p class=\"\" data-start=\"1687\" data-end=\"1975\">Alhainen virrankulutus, vain 35 mA 24 V DC:ll\u00e4, t\u00e4m\u00e4 s\u00e4hk\u00f6isku on my\u00f6s energiatehokas.<\/p>\n<p class=\"\" data-start=\"1977\" data-end=\"2007\"><strong data-start=\"1977\" data-end=\"2007\">T\u00e4rkeimm\u00e4t ominaisuudet ja edut:<\/strong><\/p>\n<ul data-start=\"2008\" data-end=\"2630\">\n<li class=\"\" data-start=\"2008\" data-end=\"2095\">\n<p class=\"\" data-start=\"2010\" data-end=\"2095\">Nauhapainetekniikka: Kest\u00e4\u00e4 jopa 150 kg painetta vaikuttamatta oven toimintaan.<\/p>\n<\/li>\n<li class=\"\" data-start=\"2096\" data-end=\"2180\">\n<p class=\"\" data-start=\"2098\" data-end=\"2180\">Paloluokitus: E\/EI 120 (120 minuuttia) palonkest\u00e4vyyssertifioitu.<\/p>\n<\/li>\n<li class=\"\" data-start=\"2181\" data-end=\"2267\">\n<p class=\"\" data-start=\"2183\" data-end=\"2267\">Suuri murtolujuus: Kest\u00e4\u00e4 jopa 1500 kg (15 kN), mik\u00e4 tarjoaa vankan turvallisuuden.<\/p>\n<\/li>\n<li class=\"\" data-start=\"2268\" data-end=\"2348\">\n<p class=\"\" data-start=\"2270\" data-end=\"2348\">M\u00e4nt\u00e4kytkin: Osoittaa, onko ovi kiinni ja lukittu vai auki ja lukitsematta.<\/p>\n<\/li>\n<li class=\"\" data-start=\"2349\" data-end=\"2447\">\n<p class=\"\" data-start=\"2351\" data-end=\"2447\">Peruutustoiminto: Oven lukitus avataan j\u00e4nnitteett\u00f6m\u00e4ss\u00e4 tilassa, mik\u00e4 on ihanteellinen h\u00e4t\u00e4tilanteisiin.<\/p>\n<\/li>\n<li class=\"\" data-start=\"2448\" data-end=\"2552\">\n<p class=\"\" data-start=\"2450\" data-end=\"2552\">Energiatehokas: 35 mA:n virrankulutus 24 V DC:ll\u00e4, mik\u00e4 tekee siit\u00e4 tehokkaan ratkaisun.<\/p>\n<\/li>\n<li class=\"\" data-start=\"2553\" data-end=\"2630\">\n<p class=\"\" data-start=\"2555\" data-end=\"2630\">Pieni koko: Sopii useimpiin vakiopistorasioihin asennuksen helpottamiseksi.<\/p>\n<\/li>\n<\/ul>\n<p class=\"\" data-start=\"2632\" data-end=\"2930\">Yhteensopivuus: ES19 Right-Hand Electric Strike on yhteensopiva sek\u00e4 yksisalpaisten ett\u00e4 kaksinkertaisten lukkojen kanssa, joten se on hy\u00f6dyllinen oville, joilla on normaalit turvallisuusvaatimukset. Se on k\u00e4\u00e4nnett\u00e4viss\u00e4 sek\u00e4 oikea- ett\u00e4 vasemmanpuoleisiin oviin, mik\u00e4 tarjoaa joustavuutta asennuksessa.<\/p>\n<p class=\"\" data-start=\"2932\" data-end=\"2955\">Tehovaatimukset:<\/p>\n<ul data-start=\"2956\" data-end=\"3120\">\n<li class=\"\" data-start=\"2956\" data-end=\"3000\">\n<p class=\"\" data-start=\"2958\" data-end=\"3000\">J\u00e4nnite: 12V tai 24V DC \u00b115 % -10 %<\/p>\n<\/li>\n<li class=\"\" data-start=\"3001\" data-end=\"3064\">\n<p class=\"\" data-start=\"3003\" data-end=\"3064\">Virrankulutus: 35 mA 24 V DC:ll\u00e4 (max 60 mA 12 V DC)<\/p>\n<\/li>\n<li class=\"\" data-start=\"3065\" data-end=\"3120\">\n<p class=\"\" data-start=\"3067\" data-end=\"3120\">Mikrokytkin: Yksinapainen vaihto, max. 30V DC, 1A<\/p>\n<\/li>\n<\/ul>","protected":false},"excerpt":{"rendered":"<p>S\u00e4hk\u00f6inen p\u00e4\u00e4tylevy ES19 Oikealle suunnattu Safetronilta nauhapainotekniikalla ja 1500 kg:n murtolujuudella, palonkest\u00e4vyys jopa 120 minuuttia.<\/p>\n<p>Ihanteellinen oville, joilla on normaalit turvallisuusvaatimukset ja korkea avautumistiheys.<\/p>","protected":false},"featured_media":137582,"template":"","meta":{"_acf_changed":false},"product_brand":[],"product_cat":[3355],"product_tag":[4196,4200],"class_list":{"0":"post-92828","1":"product","2":"type-product","3":"status-publish","4":"has-post-thumbnail","6":"product_cat-elslutbleck","7":"product_tag-12-24v","8":"product_tag-rattvand","9":"product_shipping_class-tunga-paket","10":"pa_brands-7safetron","11":"pa_farg-rostfritt-stal","12":"tm-no-options","14":"first","15":"instock","16":"sale","17":"taxable","18":"shipping-taxable","19":"purchasable","20":"product-type-simple"},"acf":[],"_links":{"self":[{"href":"https:\/\/secureus.se\/fi\/wp-json\/wp\/v2\/product\/92828","targetHints":{"allow":["GET"]}}],"collection":[{"href":"https:\/\/secureus.se\/fi\/wp-json\/wp\/v2\/product"}],"about":[{"href":"https:\/\/secureus.se\/fi\/wp-json\/wp\/v2\/types\/product"}],"wp:featuredmedia":[{"embeddable":true,"href":"https:\/\/secureus.se\/fi\/wp-json\/wp\/v2\/media\/137582"}],"wp:attachment":[{"href":"https:\/\/secureus.se\/fi\/wp-json\/wp\/v2\/media?parent=92828"}],"wp:term":[{"taxonomy":"product_brand","embeddable":true,"href":"https:\/\/secureus.se\/fi\/wp-json\/wp\/v2\/product_brand?post=92828"},{"taxonomy":"product_cat","embeddable":true,"href":"https:\/\/secureus.se\/fi\/wp-json\/wp\/v2\/product_cat?post=92828"},{"taxonomy":"product_tag","embeddable":true,"href":"https:\/\/secureus.se\/fi\/wp-json\/wp\/v2\/product_tag?post=92828"}],"curies":[{"name":"wp","href":"https:\/\/api.w.org\/{rel}","templated":true}]}}