{"id":92830,"date":"2024-06-16T23:12:00","date_gmt":"2024-06-16T21:12:00","guid":{"rendered":"https:\/\/secureus.se\/?post_type=product&#038;p=92830"},"modified":"2026-02-20T11:47:22","modified_gmt":"2026-02-20T10:47:22","slug":"elslutbleck-514-24-volt","status":"publish","type":"product","link":"https:\/\/secureus.se\/fi\/elslutbleck-514-24-volt\/","title":{"rendered":"S\u00e4hk\u00f6inen p\u00e4\u00e4tylevy 514 24 volttia"},"content":{"rendered":"<h1>S\u00e4hk\u00f6inen p\u00e4\u00e4tylevy 514 24 volttia<\/h1>\n<p class=\"\" data-start=\"640\" data-end=\"1022\">Assa ABLOY:n s\u00e4hk\u00f6inen iskulevy 514 24V on kustannustehokas ratkaisu <strong data-start=\"711\" data-end=\"755\">ovet, joiden turvallisuusvaatimukset ovat alhaiset<\/strong>.<\/p>\n<p class=\"\" data-start=\"640\" data-end=\"1022\">Se sopii erityisesti <strong data-start=\"786\" data-end=\"804\">sis\u00e4inen lukitus<\/strong> sellaisilla aloilla kuin kauppa, toimistot ja teollisuus.<\/p>\n<p class=\"\" data-start=\"640\" data-end=\"1022\">Kanssa a <strong data-start=\"858\" data-end=\"879\">oikeak\u00e4tinen toiminto<\/strong> kun ovi on lukittu s\u00e4hk\u00f6katkon sattuessa, varmistetaan, ett\u00e4 ovi pysyy kiinni my\u00f6s s\u00e4hk\u00f6katkon sattuessa, mik\u00e4 lis\u00e4\u00e4 turvallisuutta n\u00e4iss\u00e4 ymp\u00e4rist\u00f6iss\u00e4.<\/p>\n<p class=\"\" data-start=\"1024\" data-end=\"1455\">S\u00e4hk\u00f6inen iskulevy on suunniteltu <strong data-start=\"1057\" data-end=\"1076\">ter\u00e4ksinen v\u00e4\u00e4nt\u00f6tanko<\/strong> ja yksi <strong data-start=\"1085\" data-end=\"1110\">lukkokotelo sinkkiseoksesta<\/strong>, joka tarjoaa sek\u00e4 kest\u00e4vyyden ett\u00e4 korroosionkest\u00e4vyyden pitk\u00e4aikaiseen k\u00e4ytt\u00f6\u00f6n.<\/p>\n<p class=\"\" data-start=\"1024\" data-end=\"1455\">Sen <strong data-start=\"1193\" data-end=\"1229\">murtolujuus 400 kg (4 kN)<\/strong> tekee siit\u00e4 luotettavan ratkaisun oviin, joissa turvallisuusvaatimukset eiv\u00e4t ole yht\u00e4 korkeat.<\/p>\n<p class=\"\" data-start=\"1024\" data-end=\"1455\">T\u00e4t\u00e4 s\u00e4hk\u00f6iskua k\u00e4ytet\u00e4\u00e4n p\u00e4\u00e4asiassa yhdess\u00e4 <strong data-start=\"1364\" data-end=\"1398\">yksilehtinen lukko tai kaksilehtinen lukko<\/strong>, mik\u00e4 tekee siit\u00e4 monipuolisen erilaisiin oviasennuksiin.<\/p>\n<p class=\"\" data-start=\"1457\" data-end=\"1649\">Suojaamaan s\u00e4hk\u00f6laitteita, kuten <strong data-start=\"1507\" data-end=\"1517\">koodilukko<\/strong> tai <strong data-start=\"1524\" data-end=\"1538\">kortinlukija<\/strong>, transientteja (j\u00e4nnitehuippuja) vastaan, on suositeltavaa, ett\u00e4 a <strong data-start=\"1596\" data-end=\"1610\">suojadiodi<\/strong> asennettu l\u00e4helle s\u00e4hk\u00f6iskukelaa.<\/p>\n<p class=\"\" data-start=\"1651\" data-end=\"1843\">S\u00e4hk\u00f6inen vastalevy 514 24V on varustettu <strong data-start=\"1687\" data-end=\"1706\">salpapultin kosketus<\/strong>, jonka avulla se voi ilmoittaa, onko ovi kiinni vai auki, mik\u00e4 on hy\u00f6dyllinen ominaisuus valvonnassa ja turvavalvonnassa.<\/p>\n<p class=\"\" data-start=\"1845\" data-end=\"1875\"><strong data-start=\"1845\" data-end=\"1875\">T\u00e4rkeimm\u00e4t ominaisuudet ja edut:<\/strong><\/p>\n<ul data-start=\"1876\" data-end=\"2521\">\n<li class=\"\" data-start=\"1876\" data-end=\"1956\">\n<p class=\"\" data-start=\"1878\" data-end=\"1956\"><strong data-start=\"1878\" data-end=\"1900\">Oikealle suunnattu toiminto:<\/strong> Ovi lukitaan s\u00e4hk\u00f6katkon sattuessa turvallisuuden lis\u00e4\u00e4miseksi.<\/p>\n<\/li>\n<li class=\"\" data-start=\"1957\" data-end=\"2070\">\n<p class=\"\" data-start=\"1959\" data-end=\"2070\"><strong data-start=\"1959\" data-end=\"1979\">Murtovoima:<\/strong> Kest\u00e4\u00e4 jopa 400 kg (4 kN), joten se soveltuu oviin, joilla on alhainen turvallisuusvaatimus.<\/p>\n<\/li>\n<li class=\"\" data-start=\"2071\" data-end=\"2162\">\n<p class=\"\" data-start=\"2073\" data-end=\"2162\"><strong data-start=\"2073\" data-end=\"2119\">Ter\u00e4ksinen kierrelukko ja sinkkiseoksesta valmistettu lukkokotelo:<\/strong> Tarjoaa kest\u00e4vyytt\u00e4 ja korroosionkest\u00e4vyytt\u00e4.<\/p>\n<\/li>\n<li class=\"\" data-start=\"2163\" data-end=\"2254\">\n<p class=\"\" data-start=\"2165\" data-end=\"2254\"><strong data-start=\"2165\" data-end=\"2185\">Lukitusm\u00e4nn\u00e4n kosketin:<\/strong> Osoittaa, onko ovi kiinni ja lukittu vai auki ja lukitsematta.<\/p>\n<\/li>\n<li class=\"\" data-start=\"2255\" data-end=\"2334\">\n<p class=\"\" data-start=\"2257\" data-end=\"2334\"><strong data-start=\"2257\" data-end=\"2276\">Yhteensopivuus:<\/strong> K\u00e4ytet\u00e4\u00e4n yhdess\u00e4 yksi- tai kaksoissalpalukkojen kanssa.<\/p>\n<\/li>\n<li class=\"\" data-start=\"2335\" data-end=\"2399\">\n<p class=\"\" data-start=\"2337\" data-end=\"2399\"><strong data-start=\"2337\" data-end=\"2356\">Energiatehokas:<\/strong> Virrankulutus max. 190 mA 24 V DC:ll\u00e4.<\/p>\n<\/li>\n<li class=\"\" data-start=\"2400\" data-end=\"2521\">\n<p class=\"\" data-start=\"2402\" data-end=\"2521\"><strong data-start=\"2402\" data-end=\"2428\">Suojaus transienteilta:<\/strong> Mahdollisuus asentaa suojadiodi s\u00e4hk\u00f6laitteiden vaurioitumisen est\u00e4miseksi.<\/p>\n<\/li>\n<\/ul>\n<p class=\"\" data-start=\"2523\" data-end=\"2831\"><strong data-start=\"2523\" data-end=\"2541\">Yhteensopivuus:<\/strong> S\u00e4hk\u00f6inen vastalevy 514 24V on yhteensopiva molempien kanssa <strong data-start=\"2586\" data-end=\"2601\">yksilehtinen lukko<\/strong> ja <strong data-start=\"2606\" data-end=\"2622\">kaksilehtinen lukko<\/strong>, mik\u00e4 tekee siit\u00e4 monipuolisen ja muunneltavan erilaisiin ovij\u00e4rjestelmiin.<\/p>\n<p class=\"\" data-start=\"2523\" data-end=\"2831\">Se soveltuu oviin, joilla ei ole korkeita turvallisuusvaatimuksia, ja se on suunniteltu k\u00e4ytett\u00e4v\u00e4ksi sis\u00e4isess\u00e4 lukituksessa esimerkiksi kaupassa, toimistoissa ja teollisuudessa.<\/p>\n<p class=\"\" data-start=\"2833\" data-end=\"2856\"><strong data-start=\"2833\" data-end=\"2856\">Tehovaatimukset:<\/strong><\/p>\n<ul data-start=\"2857\" data-end=\"2974\">\n<li class=\"\" data-start=\"2857\" data-end=\"2885\">\n<p class=\"\" data-start=\"2859\" data-end=\"2885\"><strong data-start=\"2859\" data-end=\"2872\">J\u00e4nnite:<\/strong> 24V DC \u00b110 %<\/p>\n<\/li>\n<li class=\"\" data-start=\"2886\" data-end=\"2918\">\n<p class=\"\" data-start=\"2888\" data-end=\"2918\"><strong data-start=\"2888\" data-end=\"2909\">Virrankulutus:<\/strong> 0-190mA<\/p>\n<\/li>\n<li class=\"\" data-start=\"2919\" data-end=\"2974\">\n<p class=\"\" data-start=\"2921\" data-end=\"2974\"><strong data-start=\"2921\" data-end=\"2938\">Mikrokytkin:<\/strong> Yksinapainen vaihto, max. 30V DC, 1A<\/p>\n<\/li>\n<\/ul>","protected":false},"excerpt":{"rendered":"<p>Assa ABLOY:n s\u00e4hk\u00f6inen vastalevy 514 24V on t\u00e4ydellinen oviin, joilla on alhainen turvallisuusvaatimus.<\/p>\n<p>Oikealle suunnattu toiminto ja murtolujuus 400 kg, k\u00e4ytet\u00e4\u00e4n p\u00e4\u00e4asiassa kaupassa, toimistoissa ja teollisuudessa.<\/p>","protected":false},"featured_media":137316,"template":"","meta":{"_acf_changed":false},"product_brand":[],"product_cat":[3355],"product_tag":[4197,4200],"class_list":{"0":"post-92830","1":"product","2":"type-product","3":"status-publish","4":"has-post-thumbnail","6":"product_cat-elslutbleck","7":"product_tag-24v","8":"product_tag-rattvand","9":"product_shipping_class-tunga-paket","10":"pa_brands-abloy","11":"tm-no-options","13":"first","14":"instock","15":"sale","16":"taxable","17":"shipping-taxable","18":"purchasable","19":"product-type-simple"},"acf":[],"_links":{"self":[{"href":"https:\/\/secureus.se\/fi\/wp-json\/wp\/v2\/product\/92830","targetHints":{"allow":["GET"]}}],"collection":[{"href":"https:\/\/secureus.se\/fi\/wp-json\/wp\/v2\/product"}],"about":[{"href":"https:\/\/secureus.se\/fi\/wp-json\/wp\/v2\/types\/product"}],"wp:featuredmedia":[{"embeddable":true,"href":"https:\/\/secureus.se\/fi\/wp-json\/wp\/v2\/media\/137316"}],"wp:attachment":[{"href":"https:\/\/secureus.se\/fi\/wp-json\/wp\/v2\/media?parent=92830"}],"wp:term":[{"taxonomy":"product_brand","embeddable":true,"href":"https:\/\/secureus.se\/fi\/wp-json\/wp\/v2\/product_brand?post=92830"},{"taxonomy":"product_cat","embeddable":true,"href":"https:\/\/secureus.se\/fi\/wp-json\/wp\/v2\/product_cat?post=92830"},{"taxonomy":"product_tag","embeddable":true,"href":"https:\/\/secureus.se\/fi\/wp-json\/wp\/v2\/product_tag?post=92830"}],"curies":[{"name":"wp","href":"https:\/\/api.w.org\/{rel}","templated":true}]}}