{"id":92833,"date":"2024-06-16T23:12:01","date_gmt":"2024-06-16T21:12:01","guid":{"rendered":"https:\/\/secureus.se\/?post_type=product&#038;p=92833"},"modified":"2026-02-20T11:47:17","modified_gmt":"2026-02-20T10:47:17","slug":"elslutbleck-st900-90-preload","status":"publish","type":"product","link":"https:\/\/secureus.se\/fi\/elslutbleck-st900-90-preload\/","title":{"rendered":"S\u00e4hk\u00f6inen p\u00e4\u00e4tylevy ST900 (90 Preload)"},"content":{"rendered":"<h1>S\u00e4hk\u00f6inen p\u00e4\u00e4tylevy ST900 (90 Preload)<\/h1>\n<p class=\"\" data-start=\"668\" data-end=\"1084\">STEPin s\u00e4hk\u00f6inen vastalevy ST900 (90 Preload) on a <strong data-start=\"715\" data-end=\"748\">kompakti ja tehokas ratkaisu<\/strong> oville, jotka vaativat suurta turvallisuutta ja joustavuutta.<\/p>\n<p class=\"\" data-start=\"668\" data-end=\"1084\">Kanssa a <strong data-start=\"809\" data-end=\"840\">patentoitu nauhapainotekniikka<\/strong>, t\u00e4m\u00e4 s\u00e4hk\u00f6isku voidaan avata, vaikka oveen kohdistuisi jopa painetta <strong data-start=\"916\" data-end=\"926\">250 kg<\/strong>.<\/p>\n<p class=\"\" data-start=\"668\" data-end=\"1084\">T\u00e4m\u00e4 tekee STEP 90 Preloadista erinomaisen valinnan oville, jotka ovat usein alttiina esteille, kuten soralle tai lumelle kynnyksell\u00e4, tai oviin, jotka ovat hieman vinossa.<\/p>\n<p class=\"\" data-start=\"1086\" data-end=\"1410\">The <strong data-start=\"1090\" data-end=\"1110\">korkea murtolujuus<\/strong> p\u00e4\u00e4ll\u00e4 <strong data-start=\"1114\" data-end=\"1133\">1200 kg (12 kN)<\/strong> varmistaa, ett\u00e4 ovi on turvallinen ja kest\u00e4\u00e4 rasitusta, mik\u00e4 tekee siit\u00e4 ihanteellisen ymp\u00e4rist\u00f6ihin, joissa on korkea avautumistaajuus.<\/p>\n<p class=\"\" data-start=\"1086\" data-end=\"1410\">Lis\u00e4ksi se on <strong data-start=\"1285\" data-end=\"1303\">tehtaalla testattu<\/strong> kest\u00e4m\u00e4\u00e4n <strong data-start=\"1326\" data-end=\"1354\">1 500 000 avausjaksoa<\/strong>, joten se on luotettava ja pitk\u00e4ik\u00e4inen ratkaisu.<\/p>\n<p class=\"\" data-start=\"1412\" data-end=\"1800\">VAIHE 90 Esilataus on <strong data-start=\"1431\" data-end=\"1463\">paloluokitus E\/EI 120 mukaan<\/strong>, joten se on sertifioitu k\u00e4ytett\u00e4v\u00e4ksi <strong data-start=\"1509\" data-end=\"1537\">palokammion jakoovet<\/strong>, joka on t\u00e4rke\u00e4 turvaominaisuus monissa rakennuksissa.<\/p>\n<p class=\"\" data-start=\"1412\" data-end=\"1800\">Lis\u00e4ksi s\u00e4hk\u00f6isess\u00e4 iskulevyss\u00e4 on a <strong data-start=\"1626\" data-end=\"1645\">k\u00e4\u00e4nteinen funktio<\/strong>, mik\u00e4 tarkoittaa, ett\u00e4 ovi on <strong data-start=\"1676\" data-end=\"1704\">lukitsematon, kun se on j\u00e4nnitteet\u00f6n<\/strong>, josta on hy\u00f6ty\u00e4 h\u00e4t\u00e4tilanteissa tai kun oven lukitus on avattava s\u00e4hk\u00f6katkon aikana.<\/p>\n<p class=\"\" data-start=\"1802\" data-end=\"2099\">Toinen STEP 90 Preloadin etu on sen <strong data-start=\"1846\" data-end=\"1862\">joustavuus<\/strong>: se on k\u00e4\u00e4nnett\u00e4viss\u00e4 molempiin <strong data-start=\"1898\" data-end=\"1933\">oikealle ja vasemmalle ripustettavat ovet<\/strong>, ja sen toimintoa voidaan helposti muuttaa <strong data-start=\"1976\" data-end=\"1988\">vanhurskas<\/strong> to <strong data-start=\"1994\" data-end=\"2004\">p\u00e4invastoin<\/strong> asennuksen aikana, mik\u00e4 tarjoaa alhaisemmat k\u00e4sittelykustannukset ja suuremman asennuksen joustavuuden.<\/p>\n<p class=\"\" data-start=\"2101\" data-end=\"2131\"><strong data-start=\"2101\" data-end=\"2131\">T\u00e4rkeimm\u00e4t ominaisuudet ja edut:<\/strong><\/p>\n<ul data-start=\"2132\" data-end=\"2853\">\n<li class=\"\" data-start=\"2132\" data-end=\"2207\">\n<p class=\"\" data-start=\"2134\" data-end=\"2207\"><strong data-start=\"2134\" data-end=\"2156\">Oikealle suunnattu toiminto:<\/strong> S\u00e4hk\u00f6katkon sattuessa ovi lukitaan turvallisuuden vuoksi.<\/p>\n<\/li>\n<li class=\"\" data-start=\"2208\" data-end=\"2291\">\n<p class=\"\" data-start=\"2210\" data-end=\"2291\"><strong data-start=\"2210\" data-end=\"2231\">Listan tulostustekniikka:<\/strong> Kest\u00e4\u00e4 jopa 250 kg painetta ja avaa oven paineesta huolimatta.<\/p>\n<\/li>\n<li class=\"\" data-start=\"2292\" data-end=\"2369\">\n<p class=\"\" data-start=\"2294\" data-end=\"2369\"><strong data-start=\"2294\" data-end=\"2313\">Korkea murtolujuus:<\/strong> 1200 kg (12 kN) kest\u00e4m\u00e4\u00e4n fyysist\u00e4 rasitusta.<\/p>\n<\/li>\n<li class=\"\" data-start=\"2370\" data-end=\"2484\">\n<p class=\"\" data-start=\"2372\" data-end=\"2484\"><strong data-start=\"2372\" data-end=\"2389\">Palohyv\u00e4ksytty:<\/strong> Sertifioitu palonkest\u00e4vyyden E\/EI 120 mukaan turvalliseen k\u00e4ytt\u00f6\u00f6n paloosaston v\u00e4lisein\u00e4ovissa.<\/p>\n<\/li>\n<li class=\"\" data-start=\"2485\" data-end=\"2562\">\n<p class=\"\" data-start=\"2487\" data-end=\"2562\"><strong data-start=\"2487\" data-end=\"2506\">Tehtaalla testattu:<\/strong> Testattu 1 500 000 avausjaksolla pitk\u00e4n k\u00e4ytt\u00f6i\u00e4n takaamiseksi.<\/p>\n<\/li>\n<li class=\"\" data-start=\"2563\" data-end=\"2694\">\n<p class=\"\" data-start=\"2565\" data-end=\"2694\"><strong data-start=\"2565\" data-end=\"2591\">Joustava asennus:<\/strong> Voidaan k\u00e4ytt\u00e4\u00e4 sek\u00e4 yksi- ett\u00e4 kaksoissalpalukkojen kanssa, ja se on k\u00e4\u00e4nnett\u00e4viss\u00e4 oikealle ja vasemmalle ripustetuille oville.<\/p>\n<\/li>\n<li class=\"\" data-start=\"2695\" data-end=\"2772\">\n<p class=\"\" data-start=\"2697\" data-end=\"2772\"><strong data-start=\"2697\" data-end=\"2724\">Suojaus manipulaatiota vastaan:<\/strong> Suojattu luvattoman k\u00e4yt\u00f6n est\u00e4miseksi.<\/p>\n<\/li>\n<li class=\"\" data-start=\"2773\" data-end=\"2853\">\n<p class=\"\" data-start=\"2775\" data-end=\"2853\"><strong data-start=\"2775\" data-end=\"2791\">M\u00e4nn\u00e4n kontakti:<\/strong> Osoittaa, onko ovi kiinni ja lukittu vai auki ja lukitsematta.<\/p>\n<\/li>\n<\/ul>\n<p class=\"\" data-start=\"2855\" data-end=\"3141\"><strong data-start=\"2855\" data-end=\"2873\">Yhteensopivuus:<\/strong> S\u00e4hk\u00f6inen iskulevy ST900 (90 Preload) on yhteensopiva <strong data-start=\"2924\" data-end=\"2939\">yksilehtinen lukko<\/strong> ja <strong data-start=\"2944\" data-end=\"2960\">kaksilehtinen lukko<\/strong>, ja sopii sek\u00e4 oikea- ett\u00e4 vasenk\u00e4tisiin oviin. Se on suunniteltu oville, jotka ovat paineen alaisia ja ovat <strong data-start=\"3068\" data-end=\"3092\">korkea avautumistaajuus<\/strong>, ja k\u00e4ytett\u00e4v\u00e4ksi paloosaston v\u00e4lisein\u00e4ovissa.<\/p>\n<p class=\"\" data-start=\"3143\" data-end=\"3166\"><strong data-start=\"3143\" data-end=\"3166\">Tehovaatimukset:<\/strong><\/p>\n<ul data-start=\"3167\" data-end=\"3336\">\n<li class=\"\" data-start=\"3167\" data-end=\"3211\">\n<p class=\"\" data-start=\"3169\" data-end=\"3211\"><strong data-start=\"3169\" data-end=\"3182\">J\u00e4nnite:<\/strong> 12V tai 24V DC \u00b115 % -10 %<\/p>\n<\/li>\n<li class=\"\" data-start=\"3212\" data-end=\"3267\">\n<p class=\"\" data-start=\"3214\" data-end=\"3267\"><strong data-start=\"3214\" data-end=\"3235\">Virrankulutus:<\/strong> 110 mAh 24 V DC:ll\u00e4 (max 300 mA)<\/p>\n<\/li>\n<li class=\"\" data-start=\"3268\" data-end=\"3336\">\n<p class=\"\" data-start=\"3270\" data-end=\"3336\"><strong data-start=\"3270\" data-end=\"3286\">M\u00e4nn\u00e4n kontakti:<\/strong> Mikrokytkin, yksinapainen vaihto, max. 30V DC, 1A<\/p>\n<\/li>\n<\/ul>","protected":false},"excerpt":{"rendered":"<p>STEP:n s\u00e4hk\u00f6inen iskulevy ST900 (90 Preload) oikeak\u00e4tisell\u00e4 toiminnolla, 1200 kg murtolujuus ja 250 kg nauhapaine.<\/p>\n<p>Palohyv\u00e4ksytty E\/EI 120:n mukaan, t\u00e4ydellinen oviin, jotka ovat alttiina paineelle ja suurelle avautumistiheydelle.<\/p>","protected":false},"featured_media":137100,"template":"","meta":{"_acf_changed":false},"product_brand":[],"product_cat":[3355],"product_tag":[4197],"class_list":{"0":"post-92833","1":"product","2":"type-product","3":"status-publish","4":"has-post-thumbnail","6":"product_cat-elslutbleck","7":"product_tag-24v","8":"product_shipping_class-tunga-paket","9":"pa_brands-step","10":"tm-no-options","12":"first","13":"instock","14":"sale","15":"taxable","16":"shipping-taxable","17":"purchasable","18":"product-type-simple"},"acf":[],"_links":{"self":[{"href":"https:\/\/secureus.se\/fi\/wp-json\/wp\/v2\/product\/92833","targetHints":{"allow":["GET"]}}],"collection":[{"href":"https:\/\/secureus.se\/fi\/wp-json\/wp\/v2\/product"}],"about":[{"href":"https:\/\/secureus.se\/fi\/wp-json\/wp\/v2\/types\/product"}],"wp:featuredmedia":[{"embeddable":true,"href":"https:\/\/secureus.se\/fi\/wp-json\/wp\/v2\/media\/137100"}],"wp:attachment":[{"href":"https:\/\/secureus.se\/fi\/wp-json\/wp\/v2\/media?parent=92833"}],"wp:term":[{"taxonomy":"product_brand","embeddable":true,"href":"https:\/\/secureus.se\/fi\/wp-json\/wp\/v2\/product_brand?post=92833"},{"taxonomy":"product_cat","embeddable":true,"href":"https:\/\/secureus.se\/fi\/wp-json\/wp\/v2\/product_cat?post=92833"},{"taxonomy":"product_tag","embeddable":true,"href":"https:\/\/secureus.se\/fi\/wp-json\/wp\/v2\/product_tag?post=92833"}],"curies":[{"name":"wp","href":"https:\/\/api.w.org\/{rel}","templated":true}]}}