{"id":92839,"date":"2024-06-16T23:12:01","date_gmt":"2024-06-16T21:12:01","guid":{"rendered":"https:\/\/secureus.se\/?post_type=product&#038;p=92839"},"modified":"2026-02-20T11:51:18","modified_gmt":"2026-02-20T10:51:18","slug":"elslutbleck-st401-step-40-preload-omvand","status":"publish","type":"product","link":"https:\/\/secureus.se\/fi\/elslutbleck-st401-step-40-preload-omvand\/","title":{"rendered":"S\u00e4hk\u00f6inen p\u00e4\u00e4tylevy ST401 STEP 40 Esij\u00e4nnitys Reverse"},"content":{"rendered":"<h1>S\u00e4hk\u00f6inen p\u00e4\u00e4tylevy ST401 STEP 40 Esij\u00e4nnitys Reverse<\/h1>\n<p class=\"\" data-start=\"697\" data-end=\"1191\">Electric Strike ST401 STEP 40 Preload Reverse 24V STEP:lt\u00e4 on suunniteltu tarjoamaan korkeatasoista turvallisuutta ja joustavuutta oville, joilla on normaalit turvallisuusvaatimukset.<\/p>\n<p class=\"\" data-start=\"697\" data-end=\"1191\">Varustettu patentoidulla <strong data-start=\"888\" data-end=\"910\">luettelon tulostustekniikka<\/strong> STEP:st\u00e4 t\u00e4m\u00e4 s\u00e4hk\u00f6isku varmistaa, ett\u00e4 ovi voidaan avata, vaikka siihen kohdistuisi jopa <strong data-start=\"1021\" data-end=\"1031\">250 kg<\/strong>, joten se on luotettava valinta oviin, joihin kohdistuu usein paineita, kuten oviin, jotka ovat hieman vinossa tai joiden kynnyksell\u00e4 on soraa tai lunta.<\/p>\n<p class=\"\" data-start=\"1193\" data-end=\"1559\">The <strong data-start=\"1197\" data-end=\"1219\">k\u00e4\u00e4nteinen toiminto<\/strong> tarkoittaa, ett\u00e4 ovi avataan s\u00e4hk\u00f6katkon sattuessa, mik\u00e4 on ihanteellinen sovelluksiin, joissa oven on oltava auki s\u00e4hk\u00f6katkon aikana, kuten h\u00e4t\u00e4tilanteissa.<\/p>\n<p class=\"\" data-start=\"1193\" data-end=\"1559\">T\u00e4m\u00e4 tekee STEP 40 Preloadista eritt\u00e4in joustavan ratkaisun, ja se on helppo vaihtaa <strong data-start=\"1472\" data-end=\"1505\">eteenp\u00e4in taaksep\u00e4in -toimintoon<\/strong> asennuksen aikana, mik\u00e4 v\u00e4hent\u00e4\u00e4 k\u00e4sittelykustannuksia.<\/p>\n<p class=\"\" data-start=\"1561\" data-end=\"1904\">Vaikuttavalla <strong data-start=\"1580\" data-end=\"1613\">murtolujuus 1200 kg (12 kN)<\/strong> ja yksi <strong data-start=\"1621\" data-end=\"1668\">tehdasstandardi 1 500 000 avausjaksoa<\/strong>, STEP 40 Preload on sek\u00e4 kest\u00e4v\u00e4 ett\u00e4 luotettava, jopa ymp\u00e4rist\u00f6iss\u00e4, joissa avautumistaajuus on korkea.<\/p>\n<p class=\"\" data-start=\"1561\" data-end=\"1904\">S\u00e4hk\u00f6inen iskulevy on my\u00f6s <strong data-start=\"1782\" data-end=\"1797\">peukaloinnin kest\u00e4v\u00e4<\/strong>, mik\u00e4 tarkoittaa, ett\u00e4 se on v\u00e4\u00e4rent\u00e4misen est\u00e4v\u00e4 ja tarjoaa lis\u00e4suojaa luvattomalta k\u00e4yt\u00f6lt\u00e4.<\/p>\n<p class=\"\" data-start=\"1906\" data-end=\"2158\">VAIHE 40 Esilataus on <strong data-start=\"1925\" data-end=\"1978\">yhteensopiva sek\u00e4 yksi- ett\u00e4 kaksoislukkojen kanssa<\/strong>, joka tarjoaa suuren joustavuuden ja mukauttavuuden ovij\u00e4rjestelm\u00e4st\u00e4 riippuen.<\/p>\n<p class=\"\" data-start=\"1906\" data-end=\"2158\">Se on my\u00f6s <strong data-start=\"2075\" data-end=\"2089\">k\u00e4\u00e4nnett\u00e4v\u00e4<\/strong>, joten se on hy\u00f6dyllinen sek\u00e4 oikealle ett\u00e4 vasemmalle ripustetuissa ovissa.<\/p>\n<p class=\"\" data-start=\"2160\" data-end=\"2190\"><strong data-start=\"2160\" data-end=\"2190\">T\u00e4rkeimm\u00e4t ominaisuudet ja edut:<\/strong><\/p>\n<ul data-start=\"2191\" data-end=\"2866\">\n<li class=\"\" data-start=\"2191\" data-end=\"2316\">\n<p class=\"\" data-start=\"2193\" data-end=\"2316\"><strong data-start=\"2193\" data-end=\"2213\">K\u00e4\u00e4nteinen toiminto:<\/strong> Avataan s\u00e4hk\u00f6katkon sattuessa, joten se sopii oviin, joiden on oltava auki s\u00e4hk\u00f6katkon aikana.<\/p>\n<\/li>\n<li class=\"\" data-start=\"2317\" data-end=\"2420\">\n<p class=\"\" data-start=\"2319\" data-end=\"2420\"><strong data-start=\"2319\" data-end=\"2340\">Listan tulostustekniikka:<\/strong> Kest\u00e4\u00e4 jopa 250 kg painetta, mik\u00e4 est\u00e4\u00e4 seisokit, kun ovea painetaan.<\/p>\n<\/li>\n<li class=\"\" data-start=\"2421\" data-end=\"2500\">\n<p class=\"\" data-start=\"2423\" data-end=\"2500\"><strong data-start=\"2423\" data-end=\"2442\">Korkea murtolujuus:<\/strong> 1200 kg (12 kN), mik\u00e4 tarjoaa vankan suojan murtoa vastaan.<\/p>\n<\/li>\n<li class=\"\" data-start=\"2501\" data-end=\"2607\">\n<p class=\"\" data-start=\"2503\" data-end=\"2607\"><strong data-start=\"2503\" data-end=\"2522\">Tehtaalla testattu:<\/strong> Testattu jopa 1 500 000 avausjaksoa varten pitk\u00e4n k\u00e4ytt\u00f6i\u00e4n varmistamiseksi.<\/p>\n<\/li>\n<li class=\"\" data-start=\"2608\" data-end=\"2674\">\n<p class=\"\" data-start=\"2610\" data-end=\"2674\"><strong data-start=\"2610\" data-end=\"2626\">M\u00e4nn\u00e4n kontakti:<\/strong> Osoittaa oven tilan (kiinni\/auki).<\/p>\n<\/li>\n<li class=\"\" data-start=\"2675\" data-end=\"2727\">\n<p class=\"\" data-start=\"2677\" data-end=\"2727\"><strong data-start=\"2677\" data-end=\"2693\">Iskunkest\u00e4v\u00e4:<\/strong> Est\u00e4\u00e4 luvattoman manipuloinnin.<\/p>\n<\/li>\n<li class=\"\" data-start=\"2728\" data-end=\"2787\">\n<p class=\"\" data-start=\"2730\" data-end=\"2787\"><strong data-start=\"2730\" data-end=\"2742\">K\u00e4\u00e4nnett\u00e4v\u00e4:<\/strong> Sopii sek\u00e4 oikealle ett\u00e4 vasemmalle ripustetuille oville.<\/p>\n<\/li>\n<li class=\"\" data-start=\"2788\" data-end=\"2866\">\n<p class=\"\" data-start=\"2790\" data-end=\"2866\"><strong data-start=\"2790\" data-end=\"2805\">Suojadiodi:<\/strong> Sis\u00e4\u00e4nrakennettu suojadiodi est\u00e4\u00e4 elektroniikan vaurioitumisen.<\/p>\n<\/li>\n<\/ul>\n<p class=\"\" data-start=\"2868\" data-end=\"3159\"><strong data-start=\"2868\" data-end=\"2886\">Yhteensopivuus:<\/strong> S\u00e4hk\u00f6inen vastalevy ST401 STEP 40 Preload Reverse sopii molempiin <strong data-start=\"2940\" data-end=\"2955\">yksilehtinen lukko<\/strong> ja <strong data-start=\"2960\" data-end=\"2976\">kaksilehtinen lukko<\/strong>, ja se voidaan asentaa sek\u00e4 oikealle ett\u00e4 vasemmalle ripustettuihin oviin.<\/p>\n<p class=\"\" data-start=\"2868\" data-end=\"3159\">Se on erityisen hy\u00f6dyllinen oville, joilla on normaalit turvallisuusvaatimukset, ja sovelluksissa, joissa vaaditaan suurta avautumistiheytt\u00e4.<\/p>\n<p class=\"\" data-start=\"3161\" data-end=\"3184\"><strong data-start=\"3161\" data-end=\"3184\">Tehovaatimukset:<\/strong><\/p>\n<ul data-start=\"3185\" data-end=\"3354\">\n<li class=\"\" data-start=\"3185\" data-end=\"3229\">\n<p class=\"\" data-start=\"3187\" data-end=\"3229\"><strong data-start=\"3187\" data-end=\"3200\">J\u00e4nnite:<\/strong> 12V tai 24V DC \u00b115 % -10 %<\/p>\n<\/li>\n<li class=\"\" data-start=\"3230\" data-end=\"3285\">\n<p class=\"\" data-start=\"3232\" data-end=\"3285\"><strong data-start=\"3232\" data-end=\"3253\">Virrankulutus:<\/strong> 110 mAh 24 V DC:ll\u00e4 (max 300 mA)<\/p>\n<\/li>\n<li class=\"\" data-start=\"3286\" data-end=\"3354\">\n<p class=\"\" data-start=\"3288\" data-end=\"3354\"><strong data-start=\"3288\" data-end=\"3304\">M\u00e4nn\u00e4n kontakti:<\/strong> Mikrokytkin, yksinapainen vaihto, max. 30V DC, 1A<\/p>\n<\/li>\n<\/ul>","protected":false},"excerpt":{"rendered":"<p>S\u00e4hk\u00f6iskulevy ST401 STEP 40 Preload Reverse 24V liuskapainetekniikalla, m\u00e4nt\u00e4koskettimella ja korkealla murtolujuudella (1200 kg).<\/p>\n<p>K\u00e4\u00e4nteinen toiminta ja korkea k\u00e4ytt\u00f6varmuus oville, joilla on normaalit turvallisuusvaatimukset.<\/p>","protected":false},"featured_media":137563,"template":"","meta":{"_acf_changed":false},"product_brand":[],"product_cat":[3355],"product_tag":[4197,4201],"class_list":{"0":"post-92839","1":"product","2":"type-product","3":"status-publish","4":"has-post-thumbnail","6":"product_cat-elslutbleck","7":"product_tag-24v","8":"product_tag-omvand","9":"product_shipping_class-tunga-paket","10":"pa_brands-step","11":"tm-no-options","13":"first","14":"instock","15":"sale","16":"taxable","17":"shipping-taxable","18":"purchasable","19":"product-type-simple"},"acf":[],"_links":{"self":[{"href":"https:\/\/secureus.se\/fi\/wp-json\/wp\/v2\/product\/92839","targetHints":{"allow":["GET"]}}],"collection":[{"href":"https:\/\/secureus.se\/fi\/wp-json\/wp\/v2\/product"}],"about":[{"href":"https:\/\/secureus.se\/fi\/wp-json\/wp\/v2\/types\/product"}],"wp:featuredmedia":[{"embeddable":true,"href":"https:\/\/secureus.se\/fi\/wp-json\/wp\/v2\/media\/137563"}],"wp:attachment":[{"href":"https:\/\/secureus.se\/fi\/wp-json\/wp\/v2\/media?parent=92839"}],"wp:term":[{"taxonomy":"product_brand","embeddable":true,"href":"https:\/\/secureus.se\/fi\/wp-json\/wp\/v2\/product_brand?post=92839"},{"taxonomy":"product_cat","embeddable":true,"href":"https:\/\/secureus.se\/fi\/wp-json\/wp\/v2\/product_cat?post=92839"},{"taxonomy":"product_tag","embeddable":true,"href":"https:\/\/secureus.se\/fi\/wp-json\/wp\/v2\/product_tag?post=92839"}],"curies":[{"name":"wp","href":"https:\/\/api.w.org\/{rel}","templated":true}]}}