{"id":92841,"date":"2024-06-16T23:12:01","date_gmt":"2024-06-16T21:12:01","guid":{"rendered":"https:\/\/secureus.se\/?post_type=product&#038;p=92841"},"modified":"2026-02-20T11:43:47","modified_gmt":"2026-02-20T10:43:47","slug":"elslutbleck-71-24v-standard-solid","status":"publish","type":"product","link":"https:\/\/secureus.se\/fi\/elslutbleck-71-24v-standard-solid\/","title":{"rendered":"S\u00e4hk\u00f6inen p\u00e4\u00e4tylevy 71 24V Vakio kiinte\u00e4"},"content":{"rendered":"<h1>S\u00e4hk\u00f6inen p\u00e4\u00e4tylevy 71 24V Vakio kiinte\u00e4<\/h1>\n<p class=\"\" data-start=\"696\" data-end=\"1009\">S\u00e4hk\u00f6inen sulkulevy 71 24V Standard Solid Assalta ABLOY on vankka ja luotettava s\u00e4hk\u00f6inen sulkulevy, joka sopii oviin <strong data-start=\"808\" data-end=\"844\">normaalit turvallisuusvaatimukset<\/strong>.<\/p>\n<p class=\"\" data-start=\"696\" data-end=\"1009\">Se soveltuu erinomaisesti k\u00e4ytett\u00e4v\u00e4ksi p\u00e4iv\u00e4lukituksena kuorisuojassa ja sis\u00e4isen\u00e4 lukituksena kaupassa, toimistoissa, teollisuudessa sek\u00e4 monikotitalojen sis\u00e4\u00e4nk\u00e4ynneiss\u00e4 ja julkisissa tiloissa.<\/p>\n<p class=\"\" data-start=\"1011\" data-end=\"1405\">The <strong data-start=\"1015\" data-end=\"1037\">k\u00e4\u00e4nteinen toiminto<\/strong> tarkoittaa, ett\u00e4 ovi avataan s\u00e4hk\u00f6katkon sattuessa, mik\u00e4 on hy\u00f6dyllist\u00e4 sovelluksissa, joissa oven lukitus on avattava s\u00e4hk\u00f6n puuttuessa, esimerkiksi h\u00e4t\u00e4tilanteissa.<\/p>\n<p class=\"\" data-start=\"1011\" data-end=\"1405\">S\u00e4hk\u00f6inen p\u00e4\u00e4tylevy on my\u00f6s suunniteltu k\u00e4ytett\u00e4v\u00e4ksi <strong data-start=\"1253\" data-end=\"1281\">palokammion jakoovet<\/strong>, kun se asennetaan yhdess\u00e4 oikean tolppa- ja lukkokotelon kanssa, joten se on hyv\u00e4 valinta rakennuksiin, joissa on palovaatimuksia.<\/p>\n<p class=\"\" data-start=\"1407\" data-end=\"1824\">S\u00e4hk\u00f6isess\u00e4 p\u00e4\u00e4tylevyss\u00e4 on <strong data-start=\"1425\" data-end=\"1445\">kierrekotelo pronssia<\/strong> ja yksi <strong data-start=\"1454\" data-end=\"1479\">lukkokotelo sinkkiseoksesta<\/strong>, joka tarjoaa kest\u00e4v\u00e4n ja korroosionkest\u00e4v\u00e4n rakenteen.<\/p>\n<p class=\"\" data-start=\"1407\" data-end=\"1824\">Kanssa a <strong data-start=\"1548\" data-end=\"1584\">murtolujuus 700 kg (7 kN)<\/strong> se kest\u00e4\u00e4 rasitusta ja tarjoaa turvaa usein k\u00e4ytett\u00e4v\u00e4lle ovelle.<\/p>\n<p class=\"\" data-start=\"1407\" data-end=\"1824\">Se on my\u00f6s suunniteltu olemaan <strong data-start=\"1724\" data-end=\"1748\">iskun- ja iskunkest\u00e4v\u00e4<\/strong>, joten se on luotettava valinta oviin ruuhkaisissa ymp\u00e4rist\u00f6iss\u00e4.<\/p>\n<p class=\"\" data-start=\"1826\" data-end=\"1856\"><strong data-start=\"1826\" data-end=\"1856\">T\u00e4rkeimm\u00e4t ominaisuudet ja edut:<\/strong><\/p>\n<ul data-start=\"1857\" data-end=\"2430\">\n<li class=\"\" data-start=\"1857\" data-end=\"1970\">\n<p class=\"\" data-start=\"1859\" data-end=\"1970\"><strong data-start=\"1859\" data-end=\"1879\">K\u00e4\u00e4nteinen toiminto:<\/strong> Avataan s\u00e4hk\u00f6katkon sattuessa, jotta ovi pysyy auki s\u00e4hk\u00f6katkon sattuessa.<\/p>\n<\/li>\n<li class=\"\" data-start=\"1971\" data-end=\"2061\">\n<p class=\"\" data-start=\"1973\" data-end=\"2061\"><strong data-start=\"1973\" data-end=\"1993\">Murtovoima:<\/strong> Kest\u00e4\u00e4 jopa 700 kg (7 kN) fyysist\u00e4 rasitusta.<\/p>\n<\/li>\n<li class=\"\" data-start=\"2062\" data-end=\"2177\">\n<p class=\"\" data-start=\"2064\" data-end=\"2177\"><strong data-start=\"2064\" data-end=\"2089\">Palokennojen mukautus:<\/strong> Voidaan k\u00e4ytt\u00e4\u00e4 palokammioiden v\u00e4lisiss\u00e4 ovissa, kun ne asennetaan oikean tolppa- ja lukkokotelon kanssa.<\/p>\n<\/li>\n<li class=\"\" data-start=\"2178\" data-end=\"2250\">\n<p class=\"\" data-start=\"2180\" data-end=\"2250\"><strong data-start=\"2180\" data-end=\"2201\">Kierrekotelo pronssia:<\/strong> Lis\u00e4\u00e4 kest\u00e4vyytt\u00e4 ja korroosionkest\u00e4vyytt\u00e4.<\/p>\n<\/li>\n<li class=\"\" data-start=\"2251\" data-end=\"2328\">\n<p class=\"\" data-start=\"2253\" data-end=\"2328\"><strong data-start=\"2253\" data-end=\"2270\">Korkea turvallisuus:<\/strong> Iskun- ja iskunkest\u00e4v\u00e4 rakenne takaa pitk\u00e4n k\u00e4ytt\u00f6i\u00e4n.<\/p>\n<\/li>\n<li class=\"\" data-start=\"2329\" data-end=\"2430\">\n<p class=\"\" data-start=\"2331\" data-end=\"2430\"><strong data-start=\"2331\" data-end=\"2350\">Yhteensopivuus:<\/strong> Sopii sek\u00e4 yksi- ett\u00e4 kaksinkertaisiin lukoihin sek\u00e4 oikealle ja vasemmalle ripustettaviin oviin.<\/p>\n<\/li>\n<\/ul>\n<p class=\"\" data-start=\"2432\" data-end=\"2719\"><strong data-start=\"2432\" data-end=\"2450\">Yhteensopivuus:<\/strong> S\u00e4hk\u00f6inen p\u00e4\u00e4tylevy 71 24V Standard Solid on suunniteltu k\u00e4ytett\u00e4v\u00e4ksi ovissa, joissa on <strong data-start=\"2527\" data-end=\"2542\">yksilehtinen lukko<\/strong> tai <strong data-start=\"2549\" data-end=\"2565\">kaksilehtinen lukko<\/strong> ja sopii sek\u00e4 oikealle ett\u00e4 vasemmalle ripustettuihin oviin.<\/p>\n<p class=\"\" data-start=\"2432\" data-end=\"2719\">Sen k\u00e4\u00e4nteinen toiminto tekee siit\u00e4 hy\u00f6dyllisen sovelluksissa, joissa oven lukitus on avattava j\u00e4nnitteett\u00f6m\u00e4ss\u00e4 asennossa.<\/p>\n<p class=\"\" data-start=\"2721\" data-end=\"2744\"><strong data-start=\"2721\" data-end=\"2744\">Tehovaatimukset:<\/strong><\/p>\n<ul data-start=\"2745\" data-end=\"2885\">\n<li class=\"\" data-start=\"2745\" data-end=\"2786\">\n<p class=\"\" data-start=\"2747\" data-end=\"2786\"><strong data-start=\"2747\" data-end=\"2760\">J\u00e4nnite:<\/strong> 12V tai 24V AC\/DC \u00b110 %<\/p>\n<\/li>\n<li class=\"\" data-start=\"2787\" data-end=\"2828\">\n<p class=\"\" data-start=\"2789\" data-end=\"2828\"><strong data-start=\"2789\" data-end=\"2810\">Virrankulutus:<\/strong> 140 mA 24 V DC:ll\u00e4<\/p>\n<\/li>\n<li class=\"\" data-start=\"2829\" data-end=\"2885\">\n<p class=\"\" data-start=\"2831\" data-end=\"2885\"><strong data-start=\"2831\" data-end=\"2848\">Mikrokytkin:<\/strong> Yksinapainen vaihto, max. 30V DC, 1A<\/p>\n<\/li>\n<\/ul>","protected":false},"excerpt":{"rendered":"<p>Electric strike 71 24V Standard Solid Assa ABLOY:lt\u00e4 sopii oviin, joilla on normaalit turvallisuusvaatimukset ja siin\u00e4 on peruutustoiminto (lukitus avataan s\u00e4hk\u00f6katkon sattuessa).<\/p>\n<p>Murtolujuus 700 kg ja soveltuu paloosaston v\u00e4lisein\u00e4oviin.<\/p>","protected":false},"featured_media":137083,"template":"","meta":{"_acf_changed":false},"product_brand":[],"product_cat":[3355],"product_tag":[4197,4201],"class_list":{"0":"post-92841","1":"product","2":"type-product","3":"status-publish","4":"has-post-thumbnail","6":"product_cat-elslutbleck","7":"product_tag-24v","8":"product_tag-omvand","9":"product_shipping_class-tunga-paket","10":"pa_brands-abloy","11":"tm-no-options","13":"first","14":"outofstock","15":"sale","16":"taxable","17":"shipping-taxable","18":"purchasable","19":"product-type-simple"},"acf":[],"_links":{"self":[{"href":"https:\/\/secureus.se\/fi\/wp-json\/wp\/v2\/product\/92841","targetHints":{"allow":["GET"]}}],"collection":[{"href":"https:\/\/secureus.se\/fi\/wp-json\/wp\/v2\/product"}],"about":[{"href":"https:\/\/secureus.se\/fi\/wp-json\/wp\/v2\/types\/product"}],"wp:featuredmedia":[{"embeddable":true,"href":"https:\/\/secureus.se\/fi\/wp-json\/wp\/v2\/media\/137083"}],"wp:attachment":[{"href":"https:\/\/secureus.se\/fi\/wp-json\/wp\/v2\/media?parent=92841"}],"wp:term":[{"taxonomy":"product_brand","embeddable":true,"href":"https:\/\/secureus.se\/fi\/wp-json\/wp\/v2\/product_brand?post=92841"},{"taxonomy":"product_cat","embeddable":true,"href":"https:\/\/secureus.se\/fi\/wp-json\/wp\/v2\/product_cat?post=92841"},{"taxonomy":"product_tag","embeddable":true,"href":"https:\/\/secureus.se\/fi\/wp-json\/wp\/v2\/product_tag?post=92841"}],"curies":[{"name":"wp","href":"https:\/\/api.w.org\/{rel}","templated":true}]}}