{"id":92843,"date":"2024-06-16T23:12:01","date_gmt":"2024-06-16T21:12:01","guid":{"rendered":"https:\/\/secureus.se\/?post_type=product&#038;p=92843"},"modified":"2026-02-20T11:47:07","modified_gmt":"2026-02-20T10:47:07","slug":"elslutbleck-step-60-st600-silent-24v","status":"publish","type":"product","link":"https:\/\/secureus.se\/fi\/elslutbleck-step-60-st600-silent-24v\/","title":{"rendered":"S\u00e4hk\u00f6inen p\u00e4\u00e4televy STEP 60 ST600 Silent 24V"},"content":{"rendered":"<h1>S\u00e4hk\u00f6inen vastakappale STEP 60 ST600 Silent 24V \u2013 Oikea toiminta<\/h1>\n<p class=\"\" data-start=\"734\" data-end=\"1156\">STEP 60 Silent 24V s\u00e4hk\u00f6isku on osa STEPin Silent-sarjaa ja tarjoaa ainutlaatuisen ratkaisun oviin, jotka vaativat sek\u00e4 korkeaa turvallisuutta ett\u00e4 alhaista melutasoa.<\/p>\n<p class=\"\" data-start=\"734\" data-end=\"1156\">Patentoitu <strong data-start=\"900\" data-end=\"924\">STEP Hiljainen tekniikka<\/strong> varmistaa, ett\u00e4 ovi avautuu ja sulkeutuu a <strong data-start=\"974\" data-end=\"988\">pehme\u00e4 k\u00e4vely<\/strong> ja melkein <strong data-start=\"1000\" data-end=\"1020\">hiljainen toiminto<\/strong>, joten se sopii t\u00e4ydellisesti k\u00e4ytett\u00e4v\u00e4ksi ymp\u00e4rist\u00f6iss\u00e4, joissa alennettu melutaso on toivottavaa, kuten toimistoissa, kouluissa, sairaaloissa ja kerrostaloissa.<\/p>\n<p class=\"\" data-start=\"1158\" data-end=\"1547\">Kanssa a <strong data-start=\"1165\" data-end=\"1203\">murtolujuus 1600 kg (16 kN)<\/strong> ja yksi <strong data-start=\"1211\" data-end=\"1244\">nauhan painekapasiteetti 100 kg<\/strong>, STEP 60 Silent takaa vankan ja turvallisen ratkaisun oville, jotka ovat alttiina paineelle tai esteille, kuten lumi tai sora ovenv\u00e4liss\u00e4.<\/p>\n<p class=\"\" data-start=\"1158\" data-end=\"1547\">Se on varustettu a <strong data-start=\"1407\" data-end=\"1422\">m\u00e4nn\u00e4n kosketus<\/strong> osoittaa, onko ovi kiinni ja lukittu vai auki ja lukitsematon, joten se on luotettava valinta oven valvontaan.<\/p>\n<p class=\"\" data-start=\"1549\" data-end=\"1905\">S\u00e4hk\u00f6inen iskulevy on <strong data-start=\"1566\" data-end=\"1599\">sertifioitu palonkest\u00e4vyyteen<\/strong> mukaan <strong data-start=\"1607\" data-end=\"1625\">luokka E\/EI 120<\/strong>, mik\u00e4 tarkoittaa, ett\u00e4 se on hyv\u00e4ksytty k\u00e4ytett\u00e4v\u00e4ksi paloosastojen v\u00e4lisein\u00e4ovissa rakennuksissa, joissa on korkeat palovaatimukset.<\/p>\n<p class=\"\" data-start=\"1549\" data-end=\"1905\">Se on my\u00f6s suunniteltu k\u00e4ytett\u00e4v\u00e4ksi yhdess\u00e4 <strong data-start=\"1791\" data-end=\"1806\">yksilehtinen lukko<\/strong> tai <strong data-start=\"1813\" data-end=\"1829\">kaksilehtinen lukko<\/strong>, mik\u00e4 tekee siit\u00e4 monipuolisen ja mukautuvan erilaisiin ovisovelluksiin.<\/p>\n<p class=\"\" data-start=\"1907\" data-end=\"1937\"><strong data-start=\"1907\" data-end=\"1937\">T\u00e4rkeimm\u00e4t ominaisuudet ja edut:<\/strong><\/p>\n<ul data-start=\"1938\" data-end=\"2645\">\n<li class=\"\" data-start=\"1938\" data-end=\"2035\">\n<p class=\"\" data-start=\"1940\" data-end=\"2035\"><strong data-start=\"1940\" data-end=\"1963\">Pehme\u00e4 ja hiljainen juoksu:<\/strong> Patentoitu STEP Silent -tekniikka mahdollistaa l\u00e4hes \u00e4\u00e4nett\u00f6m\u00e4n avaamisen ja sulkemisen.<\/p>\n<\/li>\n<li data-start=\"1938\" data-end=\"2035\"><strong>Oikealle suunnattu toiminto<\/strong><\/li>\n<li class=\"\" data-start=\"2036\" data-end=\"2155\">\n<p class=\"\" data-start=\"2038\" data-end=\"2155\"><strong data-start=\"2038\" data-end=\"2057\">Korkea murtolujuus:<\/strong> Kest\u00e4\u00e4 jopa 1600 kg (16 kN) kuormitusta, mik\u00e4 tarjoaa vankan turvan rasituksille altistuville oville.<\/p>\n<\/li>\n<li class=\"\" data-start=\"2156\" data-end=\"2261\">\n<p class=\"\" data-start=\"2158\" data-end=\"2261\"><strong data-start=\"2158\" data-end=\"2175\">Palohyv\u00e4ksytty:<\/strong> Palonkest\u00e4vyyssertifioitu E\/EI 120 mukaan, soveltuu paloosaston v\u00e4lisein\u00e4oviin.<\/p>\n<\/li>\n<li class=\"\" data-start=\"2262\" data-end=\"2356\">\n<p class=\"\" data-start=\"2264\" data-end=\"2356\"><strong data-start=\"2264\" data-end=\"2285\">Listan tulostustekniikka:<\/strong> Kest\u00e4\u00e4 jopa 100 kg:n painetta ja avaa oven, vaikka siin\u00e4 olisi esteit\u00e4.<\/p>\n<\/li>\n<li class=\"\" data-start=\"2357\" data-end=\"2487\">\n<p class=\"\" data-start=\"2359\" data-end=\"2487\"><strong data-start=\"2359\" data-end=\"2375\">M\u00e4nn\u00e4n kontakti:<\/strong> Osoittaa oven kiinni\/auki ja lukittu\/auki, joten se on ihanteellinen turvavalvontaan.<\/p>\n<\/li>\n<li class=\"\" data-start=\"2488\" data-end=\"2569\">\n<p class=\"\" data-start=\"2490\" data-end=\"2569\"><strong data-start=\"2490\" data-end=\"2515\">Pieni virrankulutus:<\/strong> Enint\u00e4\u00e4n 250 mA 24 V DC:ll\u00e4, mik\u00e4 tekee siit\u00e4 energiatehokkaan.<\/p>\n<\/li>\n<li class=\"\" data-start=\"2570\" data-end=\"2645\">\n<p class=\"\" data-start=\"2572\" data-end=\"2645\"><strong data-start=\"2572\" data-end=\"2599\">Suojaus manipulaatiota vastaan:<\/strong> Vuorosuojattu ja suojattu luvattomalta k\u00e4yt\u00f6lt\u00e4.<\/p>\n<\/li>\n<\/ul>\n<p class=\"\" data-start=\"2647\" data-end=\"2969\"><strong data-start=\"2647\" data-end=\"2665\">Yhteensopivuus:<\/strong> STEP 60 Silent Electric Strike on suunniteltu k\u00e4ytett\u00e4v\u00e4ksi molempien kanssa <strong data-start=\"2729\" data-end=\"2744\">yksilehtinen lukko<\/strong> ja <strong data-start=\"2749\" data-end=\"2765\">kaksilehtinen lukko<\/strong>, joten se voidaan mukauttaa useisiin erilaisiin ovij\u00e4rjestelmiin.<\/p>\n<p class=\"\" data-start=\"2647\" data-end=\"2969\">Se on my\u00f6s <strong data-start=\"2840\" data-end=\"2852\">palautuva<\/strong> sek\u00e4 oikea- ett\u00e4 vasenk\u00e4tisille oville ja on varustettu a <strong data-start=\"2917\" data-end=\"2945\">5 metrin halogeeniton kaapeli<\/strong> helppoa asennusta varten.<\/p>\n<p class=\"\" data-start=\"2971\" data-end=\"2994\"><strong data-start=\"2971\" data-end=\"2994\">Tehovaatimukset:<\/strong><\/p>\n<ul data-start=\"2995\" data-end=\"3156\">\n<li class=\"\" data-start=\"2995\" data-end=\"3039\">\n<p class=\"\" data-start=\"2997\" data-end=\"3039\"><strong data-start=\"2997\" data-end=\"3010\">J\u00e4nnite:<\/strong> 12V tai 24V DC \u00b115 % -10 %<\/p>\n<\/li>\n<li class=\"\" data-start=\"3040\" data-end=\"3099\">\n<p class=\"\" data-start=\"3042\" data-end=\"3099\"><strong data-start=\"3042\" data-end=\"3063\">Virrankulutus:<\/strong> Max 250 mA 24 V DC:ll\u00e4, 121 mA lukitsematon<\/p>\n<\/li>\n<li class=\"\" data-start=\"3100\" data-end=\"3156\">\n<p class=\"\" data-start=\"3102\" data-end=\"3156\"><strong data-start=\"3102\" data-end=\"3119\">Mikrokytkin:<\/strong> Yksinapainen vaihto, max. 30V DC, 1A<\/p>\n<\/li>\n<\/ul>","protected":false},"excerpt":{"rendered":"<p>STEP 60 Silent 24V Electric Strike tarjoaa tasaisen ja hiljaisen toiminnan, joka on ihanteellinen oviin, joita k\u00e4ytet\u00e4\u00e4n usein esimerkiksi toimistoissa, kouluissa ja sairaaloissa.<\/p>\n<p>Korkea murtolujuus (1600 kg) ja paloluokitus E\/EI 120 asti. Oikea toiminta.<\/p>","protected":false},"featured_media":138005,"template":"","meta":{"_acf_changed":false},"product_brand":[],"product_cat":[3355],"product_tag":[4197,4200],"class_list":{"0":"post-92843","1":"product","2":"type-product","3":"status-publish","4":"has-post-thumbnail","6":"product_cat-elslutbleck","7":"product_tag-24v","8":"product_tag-rattvand","9":"product_shipping_class-tunga-paket","10":"pa_brands-step","11":"tm-no-options","13":"first","14":"instock","15":"sale","16":"taxable","17":"shipping-taxable","18":"purchasable","19":"product-type-simple"},"acf":[],"_links":{"self":[{"href":"https:\/\/secureus.se\/fi\/wp-json\/wp\/v2\/product\/92843","targetHints":{"allow":["GET"]}}],"collection":[{"href":"https:\/\/secureus.se\/fi\/wp-json\/wp\/v2\/product"}],"about":[{"href":"https:\/\/secureus.se\/fi\/wp-json\/wp\/v2\/types\/product"}],"wp:featuredmedia":[{"embeddable":true,"href":"https:\/\/secureus.se\/fi\/wp-json\/wp\/v2\/media\/138005"}],"wp:attachment":[{"href":"https:\/\/secureus.se\/fi\/wp-json\/wp\/v2\/media?parent=92843"}],"wp:term":[{"taxonomy":"product_brand","embeddable":true,"href":"https:\/\/secureus.se\/fi\/wp-json\/wp\/v2\/product_brand?post=92843"},{"taxonomy":"product_cat","embeddable":true,"href":"https:\/\/secureus.se\/fi\/wp-json\/wp\/v2\/product_cat?post=92843"},{"taxonomy":"product_tag","embeddable":true,"href":"https:\/\/secureus.se\/fi\/wp-json\/wp\/v2\/product_tag?post=92843"}],"curies":[{"name":"wp","href":"https:\/\/api.w.org\/{rel}","templated":true}]}}