{"id":92845,"date":"2024-06-16T23:12:01","date_gmt":"2024-06-16T21:12:01","guid":{"rendered":"https:\/\/secureus.se\/?post_type=product&#038;p=92845"},"modified":"2026-02-20T11:47:11","modified_gmt":"2026-02-20T10:47:11","slug":"elslutbleck-st90-step-90-preload-rattvand-24v","status":"publish","type":"product","link":"https:\/\/secureus.se\/fi\/elslutbleck-st90-step-90-preload-rattvand-24v\/","title":{"rendered":"S\u00e4hk\u00f6inen p\u00e4\u00e4tylevy ST90 (STEP 90 Preload) Oikealle p\u00e4in 24V"},"content":{"rendered":"<h1>S\u00e4hk\u00f6inen p\u00e4\u00e4tylevy ST90 (STEP 90 Preload) Oikealle p\u00e4in 24V<\/h1>\n<p class=\"\" data-start=\"760\" data-end=\"1205\">S\u00e4hk\u00f6inen iskulevy ST90 (STEP 90 Preload) Oikeak\u00e4tinen 24 V on osa STEPin Preload-sarjaa ja tarjoaa t\u00e4ydellisen tasapainon korkean turvallisuuden, kompaktien mittojen ja vankan rakenteen v\u00e4lill\u00e4.<\/p>\n<p class=\"\" data-start=\"760\" data-end=\"1205\">T\u00e4m\u00e4 s\u00e4hk\u00f6isku on varustettu STEP:n patentoimalla <strong data-start=\"987\" data-end=\"1007\">luettelon tulostustekniikka<\/strong>, joka mahdollistaa oven avaamisen jopa paineesta huolimatta <strong data-start=\"1066\" data-end=\"1076\">250 kg<\/strong>, joka sopii erinomaisesti oviin, jotka ovat alttiina liialliselle paineelle, soralle tai lumelle kynnyksell\u00e4, tai oviin, jotka voivat olla hieman vinossa.<\/p>\n<p class=\"\" data-start=\"1207\" data-end=\"1620\">Kanssa a <strong data-start=\"1214\" data-end=\"1252\">murtolujuus 1200 kg (12 kN)<\/strong>, STEP 90 esij\u00e4nnitys takaa korkean turvallisuuden, ja se on testattu kest\u00e4v\u00e4ksi <strong data-start=\"1338\" data-end=\"1366\">1 500 000 avausjaksoa<\/strong>, joten se on pitk\u00e4ik\u00e4inen ja luotettava ratkaisu oviin, joissa on korkea avautumistiheys.<\/p>\n<p class=\"\" data-start=\"1207\" data-end=\"1620\">Se on my\u00f6s varustettu <strong data-start=\"1490\" data-end=\"1512\">sis\u00e4\u00e4nrakennettu suojadiodi<\/strong>, joka est\u00e4\u00e4 s\u00e4hk\u00f6laitteiden, kuten koodilukkojen tai kortinlukijoiden, vahingoittumisen j\u00e4nnitepiikin aikana.<\/p>\n<p data-start=\"1207\" data-end=\"1620\">VAIHE 90 Esilataus on <strong data-start=\"1641\" data-end=\"1672\">palosuojattu standardin E\/EI120 mukaisesti<\/strong>, mik\u00e4 tarkoittaa, ett\u00e4 sen palonkest\u00e4vyys on sertifioitu jopa 120 minuuttiin, joten se soveltuu k\u00e4ytett\u00e4v\u00e4ksi paloosaston v\u00e4lisein\u00e4ovissa.<\/p>\n<p data-start=\"1207\" data-end=\"1620\">Sit\u00e4 voidaan k\u00e4ytt\u00e4\u00e4 molemmissa <strong data-start=\"1843\" data-end=\"1855\">vanhurskas<\/strong> ja <strong data-start=\"1860\" data-end=\"1870\">p\u00e4invastoin<\/strong> toiminto, joka tarjoaa joustavuutta erilaisiin asennustarpeisiin ja helpottaa mukauttamista asennuksen aikana.<\/p>\n<p data-start=\"1207\" data-end=\"1620\">Lis\u00e4ksi se on <strong data-start=\"1999\" data-end=\"2011\">palautuva<\/strong> sopii sek\u00e4 oikealle ett\u00e4 vasemmalle ripustetuille oville, mik\u00e4 tekee asennuksesta entist\u00e4 joustavamman.<\/p>\n<p class=\"\" data-start=\"2110\" data-end=\"2140\"><strong data-start=\"2110\" data-end=\"2140\">T\u00e4rkeimm\u00e4t ominaisuudet ja edut:<\/strong><\/p>\n<ul data-start=\"2141\" data-end=\"2915\">\n<li class=\"\" data-start=\"2141\" data-end=\"2241\">\n<p class=\"\" data-start=\"2143\" data-end=\"2241\"><strong data-start=\"2143\" data-end=\"2167\">Vaihdettava toiminto:<\/strong> Sek\u00e4 eteen- ett\u00e4 taaksep\u00e4in-toiminto eri asennustarpeisiin.<\/p>\n<\/li>\n<li class=\"\" data-start=\"2242\" data-end=\"2383\">\n<p class=\"\" data-start=\"2244\" data-end=\"2383\"><strong data-start=\"2244\" data-end=\"2265\">Listan tulostustekniikka:<\/strong> Kest\u00e4\u00e4 jopa 250 kg painetta vaikuttamatta oven toimintaan, joten se on turvallinen valinta alttiina oleviin ymp\u00e4rist\u00f6ihin.<\/p>\n<\/li>\n<li class=\"\" data-start=\"2384\" data-end=\"2503\">\n<p class=\"\" data-start=\"2386\" data-end=\"2503\"><strong data-start=\"2386\" data-end=\"2403\">Palohyv\u00e4ksytty:<\/strong> Palonkest\u00e4vyyssertifioitu E\/EI120 mukaisesti, joten se soveltuu paloosaston v\u00e4lisein\u00e4oviin.<\/p>\n<\/li>\n<li class=\"\" data-start=\"2504\" data-end=\"2604\">\n<p class=\"\" data-start=\"2506\" data-end=\"2604\"><strong data-start=\"2506\" data-end=\"2525\">Korkea murtolujuus:<\/strong> 1200 kg (12 kN), mik\u00e4 tarjoaa eritt\u00e4in vankan suojan fyysist\u00e4 rasitusta vastaan.<\/p>\n<\/li>\n<li class=\"\" data-start=\"2605\" data-end=\"2680\">\n<p class=\"\" data-start=\"2607\" data-end=\"2680\"><strong data-start=\"2607\" data-end=\"2634\">Suojaus manipulaatiota vastaan:<\/strong> Vuorosuojattu ja suojattu luvattomalta k\u00e4yt\u00f6lt\u00e4.<\/p>\n<\/li>\n<li class=\"\" data-start=\"2681\" data-end=\"2791\">\n<p class=\"\" data-start=\"2683\" data-end=\"2791\"><strong data-start=\"2683\" data-end=\"2702\">Pitk\u00e4 k\u00e4ytt\u00f6ik\u00e4:<\/strong> Tehdastestattu jopa 1 500 000 avausjaksoa varten pitk\u00e4n k\u00e4ytt\u00f6i\u00e4n varmistamiseksi.<\/p>\n<\/li>\n<li class=\"\" data-start=\"2792\" data-end=\"2915\">\n<p class=\"\" data-start=\"2794\" data-end=\"2915\"><strong data-start=\"2794\" data-end=\"2820\">Joustava asennus:<\/strong> Sopii sek\u00e4 yksi- ett\u00e4 kaksoissalpalukkoon ja on k\u00e4\u00e4nnett\u00e4v\u00e4 oikealle tai vasemmalle ripustetuille oville.<\/p>\n<\/li>\n<\/ul>\n<p class=\"\" data-start=\"2917\" data-end=\"3181\"><strong data-start=\"2917\" data-end=\"2935\">Yhteensopivuus:<\/strong> S\u00e4hk\u00f6inen iskulevy ST90 Preload on yhteensopiva <strong data-start=\"2980\" data-end=\"2995\">yksilehtinen lukko<\/strong> ja <strong data-start=\"3000\" data-end=\"3016\">kaksilehtinen lukko<\/strong> ja sopii oviin, joilla on normaalit turvallisuusvaatimukset.<\/p>\n<p class=\"\" data-start=\"2917\" data-end=\"3181\">Se on my\u00f6s suunniteltu k\u00e4ytett\u00e4v\u00e4ksi mm <strong data-start=\"3101\" data-end=\"3129\">palokammion jakoovet<\/strong> kun se on asennettu asianmukaisella tolppa- ja lukkokotelolla.<\/p>\n<p class=\"\" data-start=\"3183\" data-end=\"3206\"><strong data-start=\"3183\" data-end=\"3206\">Tehovaatimukset:<\/strong><\/p>\n<ul data-start=\"3207\" data-end=\"3363\">\n<li class=\"\" data-start=\"3207\" data-end=\"3251\">\n<p class=\"\" data-start=\"3209\" data-end=\"3251\"><strong data-start=\"3209\" data-end=\"3222\">J\u00e4nnite:<\/strong> 12V tai 24V DC \u00b115 % -10 %<\/p>\n<\/li>\n<li class=\"\" data-start=\"3252\" data-end=\"3307\">\n<p class=\"\" data-start=\"3254\" data-end=\"3307\"><strong data-start=\"3254\" data-end=\"3275\">Virrankulutus:<\/strong> 110 mAh 24 V DC:ll\u00e4 (max 300 mA)<\/p>\n<\/li>\n<li class=\"\" data-start=\"3308\" data-end=\"3363\">\n<p class=\"\" data-start=\"3310\" data-end=\"3363\"><strong data-start=\"3310\" data-end=\"3327\">Mikrokytkin:<\/strong> Yksinapainen vaihto, max. 30V DC, 1A<\/p>\n<\/li>\n<\/ul>","protected":false},"excerpt":{"rendered":"<p>S\u00e4hk\u00f6inen iskulevy ST90 (STEP 90 Preload) R\u00e4ttv\u00e4nd 24V on kompakti ja tehokas s\u00e4hk\u00f6inen iskulevy nauhapainetekniikalla, joka kest\u00e4\u00e4 jopa 250 kg painetta ja 1200 kg murtolujuutta.<\/p>\n<p>Sertifioitu palonkest\u00e4vyydelle E\/EI120 asti, sopii erinomaisesti korkeataajuisiin oviin.<\/p>","protected":false},"featured_media":137312,"template":"","meta":{"_acf_changed":false},"product_brand":[],"product_cat":[3355],"product_tag":[4197,4200],"class_list":{"0":"post-92845","1":"product","2":"type-product","3":"status-publish","4":"has-post-thumbnail","6":"product_cat-elslutbleck","7":"product_tag-24v","8":"product_tag-rattvand","9":"product_shipping_class-tunga-paket","10":"pa_brands-step","11":"tm-no-options","13":"first","14":"instock","15":"sale","16":"taxable","17":"shipping-taxable","18":"purchasable","19":"product-type-simple"},"acf":[],"_links":{"self":[{"href":"https:\/\/secureus.se\/fi\/wp-json\/wp\/v2\/product\/92845","targetHints":{"allow":["GET"]}}],"collection":[{"href":"https:\/\/secureus.se\/fi\/wp-json\/wp\/v2\/product"}],"about":[{"href":"https:\/\/secureus.se\/fi\/wp-json\/wp\/v2\/types\/product"}],"wp:featuredmedia":[{"embeddable":true,"href":"https:\/\/secureus.se\/fi\/wp-json\/wp\/v2\/media\/137312"}],"wp:attachment":[{"href":"https:\/\/secureus.se\/fi\/wp-json\/wp\/v2\/media?parent=92845"}],"wp:term":[{"taxonomy":"product_brand","embeddable":true,"href":"https:\/\/secureus.se\/fi\/wp-json\/wp\/v2\/product_brand?post=92845"},{"taxonomy":"product_cat","embeddable":true,"href":"https:\/\/secureus.se\/fi\/wp-json\/wp\/v2\/product_cat?post=92845"},{"taxonomy":"product_tag","embeddable":true,"href":"https:\/\/secureus.se\/fi\/wp-json\/wp\/v2\/product_tag?post=92845"}],"curies":[{"name":"wp","href":"https:\/\/api.w.org\/{rel}","templated":true}]}}