{"id":92855,"date":"2024-06-16T23:12:02","date_gmt":"2024-06-16T21:12:02","guid":{"rendered":"https:\/\/secureus.se\/?post_type=product&#038;p=92855"},"modified":"2026-04-08T16:37:52","modified_gmt":"2026-04-08T14:37:52","slug":"elslutbleck-es-17m-rattvand","status":"publish","type":"product","link":"https:\/\/secureus.se\/fi\/elslutbleck-es-17m-rattvand\/","title":{"rendered":"S\u00e4hk\u00f6inen p\u00e4\u00e4tylevy ES 17M Oikealle"},"content":{"rendered":"<h1>S\u00e4hk\u00f6inen p\u00e4\u00e4tylevy ES 17M Oikealle<\/h1>\n<p class=\"\" data-start=\"708\" data-end=\"1045\">SAFETRONin s\u00e4hk\u00f6inen sulkulevy ES 17M on vakios\u00e4hk\u00f6levy, jossa yhdistyv\u00e4t korkea suorituskyky ja kompakti rakenne, mik\u00e4 tekee siit\u00e4 t\u00e4ydellisen valinnan oviin, joilla on normaalit turvallisuusvaatimukset.<\/p>\n<p class=\"\" data-start=\"708\" data-end=\"1045\">Se soveltuu erityisen hyvin k\u00e4ytett\u00e4v\u00e4ksi kuorisuojauksessa, sis\u00e4lukossa kaupassa, toimistoissa ja teollisuudessa sek\u00e4 kerrostalojen sis\u00e4\u00e4nk\u00e4ynneiss\u00e4 ja julkisissa tiloissa.<\/p>\n<p class=\"\" data-start=\"1047\" data-end=\"1580\">Yksi ES 17M:n merkitt\u00e4vimmist\u00e4 ominaisuuksista on innovatiivinen nauhapainetekniikka, jonka avulla s\u00e4hk\u00f6inen sulkulevy avautuu, vaikka oveen kohdistuisi jopa 150 kg:n paine.<\/p>\n<p class=\"\" data-start=\"1047\" data-end=\"1580\">T\u00e4st\u00e4 on hy\u00f6ty\u00e4 erityisesti silloin, kun ovi altistuu paineelle, joka johtuu esimerkiksi rakennuksen ylipaineesta, ovirakoon p\u00e4\u00e4tyneest\u00e4 lumesta tai sorasta tai kun ovi on hieman vinossa.<\/p>\n<p class=\"\" data-start=\"1047\" data-end=\"1580\">Nauhapaine on yleinen ongelma, joka voi aiheuttaa seisokkeja, mutta ES 17M:n avulla n\u00e4m\u00e4 ongelmat poistuvat ja varmistavat oven sujuvan toiminnan kaikissa olosuhteissa.<\/p>\n<p class=\"\" data-start=\"1582\" data-end=\"2080\">S\u00e4hk\u00f6p\u00e4\u00e4televyn pieni koko tekee siit\u00e4 my\u00f6s joustavan valinnan asennusta varten. Se sopii k\u00e4yt\u00e4nn\u00f6llisesti katsoen mihin tahansa syvennykseen, joka on valmistettu tavallisille s\u00e4hk\u00f6levyille, ja se voidaan asentaa oviin, joissa on 150 mm:n nastakiinnityksell\u00e4, mik\u00e4 tekee siit\u00e4 ihanteellisen sis\u00e4oviin.<\/p>\n<p class=\"\" data-start=\"1582\" data-end=\"2080\">Lis\u00e4ksi s\u00e4hk\u00f6p\u00e4\u00e4tylevy on varustettu ruostumattomalla peukalosuojalla, joka est\u00e4\u00e4 p\u00e4\u00e4syn liit\u00e4nt\u00e4kaapeliin pylv\u00e4\u00e4n rei\u00e4n kautta paineh\u00e4vi\u00f6ille, mik\u00e4 antaa sek\u00e4 lis\u00e4varmuutta ett\u00e4 esteettisesti miellytt\u00e4v\u00e4n ulkon\u00e4\u00f6n.<\/p>\n<p class=\"\" data-start=\"2082\" data-end=\"2403\">ES 17M:n virrankulutus on my\u00f6s alhainen, sill\u00e4 vain 35 mA 24 VDC:ll\u00e4 ja 60 mA 12 VDC:ll\u00e4, mik\u00e4 tekee siit\u00e4 energiatehokkaan ja taloudellisen.<\/p>\n<p class=\"\" data-start=\"2082\" data-end=\"2403\">Siin\u00e4 on my\u00f6s vakiona m\u00e4nt\u00e4kytkin, jonka avulla se ilmaisee, onko ovi kiinni vai auki, mik\u00e4 on k\u00e4tev\u00e4 ominaisuus valvontaan ja turvallisuuteen.<\/p>\n<p class=\"\" data-start=\"2405\" data-end=\"2435\"><strong data-start=\"2405\" data-end=\"2435\">T\u00e4rkeimm\u00e4t ominaisuudet ja edut:<\/strong><\/p>\n<ul data-start=\"2436\" data-end=\"3028\">\n<li class=\"\" data-start=\"2436\" data-end=\"2549\">\n<p class=\"\" data-start=\"2438\" data-end=\"2549\"><strong data-start=\"2438\" data-end=\"2459\">Listan tulostustekniikka:<\/strong> Avautuu, vaikka oveen kohdistuisi jopa 150 kg:n paine, mik\u00e4 est\u00e4\u00e4 seisokit.<\/p>\n<\/li>\n<li class=\"\" data-start=\"2550\" data-end=\"2628\">\n<p class=\"\" data-start=\"2552\" data-end=\"2628\"><strong data-start=\"2552\" data-end=\"2571\">Kompakti muotoilu:<\/strong> Sopii tavallisiin pistorasioihin ja mahdollistaa helpon asennuksen.<\/p>\n<\/li>\n<li class=\"\" data-start=\"2629\" data-end=\"2717\">\n<p class=\"\" data-start=\"2631\" data-end=\"2717\"><strong data-start=\"2631\" data-end=\"2647\">M\u00e4nn\u00e4n kontakti:<\/strong> Vakiomikrokytkin oven tilan ilmaisemiseen (kiinni\/auki).<\/p>\n<\/li>\n<li class=\"\" data-start=\"2718\" data-end=\"2807\">\n<p class=\"\" data-start=\"2720\" data-end=\"2807\"><strong data-start=\"2720\" data-end=\"2745\">Pieni virrankulutus:<\/strong> 35 mA 24 VDC:ll\u00e4 ja 60 mA 12 VDC:ll\u00e4 energiatehokkaaseen toimintaan.<\/p>\n<\/li>\n<li class=\"\" data-start=\"2808\" data-end=\"2910\">\n<p class=\"\" data-start=\"2810\" data-end=\"2910\"><strong data-start=\"2810\" data-end=\"2828\">Korkea pitovoima:<\/strong> Kest\u00e4\u00e4 jopa 1500 kg (15 kN), joten se on vankka valinta turvallisuuden kannalta.<\/p>\n<\/li>\n<li class=\"\" data-start=\"2911\" data-end=\"3028\">\n<p class=\"\" data-start=\"2913\" data-end=\"3028\"><strong data-start=\"2913\" data-end=\"2946\">Ruostumaton peukalointisuoja:<\/strong> Est\u00e4\u00e4 p\u00e4\u00e4syn liit\u00e4nt\u00e4kaapeliin ja parantaa asennuksen estetiikkaa.<\/p>\n<\/li>\n<\/ul>\n<p class=\"\" data-start=\"3030\" data-end=\"3266\"><strong data-start=\"3030\" data-end=\"3048\">Yhteensopivuus:<\/strong> S\u00e4hk\u00f6inen vastalevy ES 17M on yhteensopiva sek\u00e4 yksi- ett\u00e4 kaksoislukkojen kanssa ja on suunniteltu oville, joilla on normaalit turvallisuusvaatimukset.<\/p>\n<p class=\"\" data-start=\"3030\" data-end=\"3266\">Sen monipuolinen muotoilu mahdollistaa sen asentamisen sek\u00e4 oikealle ett\u00e4 vasemmalle ripustettavaan oviin.<\/p>\n<p class=\"\" data-start=\"3268\" data-end=\"3291\"><strong data-start=\"3268\" data-end=\"3291\">Tehovaatimukset:<\/strong><\/p>\n<ul data-start=\"3292\" data-end=\"3426\">\n<li class=\"\" data-start=\"3292\" data-end=\"3326\">\n<p class=\"\" data-start=\"3294\" data-end=\"3326\"><strong data-start=\"3294\" data-end=\"3307\">J\u00e4nnite:<\/strong> 12 \u2013 24 V DC \u00b110 %<\/p>\n<\/li>\n<li class=\"\" data-start=\"3327\" data-end=\"3385\">\n<p class=\"\" data-start=\"3329\" data-end=\"3385\"><strong data-start=\"3329\" data-end=\"3350\">Virrankulutus:<\/strong> 35 mA 24 VDC:ll\u00e4, 60 mA 12 VDC:ll\u00e4<\/p>\n<\/li>\n<li class=\"\" data-start=\"3386\" data-end=\"3426\">\n<p class=\"\" data-start=\"3388\" data-end=\"3426\"><strong data-start=\"3388\" data-end=\"3405\">Mikrokytkin:<\/strong> Max 30V DC, 500mA<\/p>\n<\/li>\n<\/ul>","protected":false},"excerpt":{"rendered":"<p>SAFETRONin ES 17M s\u00e4hk\u00f6isku on kompakti s\u00e4hk\u00f6isku nauhapainetekniikalla, joka sopii t\u00e4ydellisesti oviin, joilla on normaalit turvallisuusvaatimukset.<\/p>\n<p>Oikealle suunnattu toiminto, m\u00e4nt\u00e4kosketin ja alhainen 35 mA:n virrankulutus tekev\u00e4t siit\u00e4 ihanteellisen sis\u00e4iseen lukitukseen.<\/p>","protected":false},"featured_media":138000,"template":"","meta":{"_acf_changed":false},"product_brand":[],"product_cat":[3355],"product_tag":[4196,4200],"class_list":{"0":"post-92855","1":"product","2":"type-product","3":"status-publish","4":"has-post-thumbnail","6":"product_cat-elslutbleck","7":"product_tag-12-24v","8":"product_tag-rattvand","9":"product_shipping_class-tunga-paket","10":"pa_brands-7safetron","11":"pa_farg-zink","12":"tm-no-options","14":"first","15":"instock","16":"sale","17":"taxable","18":"shipping-taxable","19":"purchasable","20":"product-type-simple"},"acf":[],"_links":{"self":[{"href":"https:\/\/secureus.se\/fi\/wp-json\/wp\/v2\/product\/92855","targetHints":{"allow":["GET"]}}],"collection":[{"href":"https:\/\/secureus.se\/fi\/wp-json\/wp\/v2\/product"}],"about":[{"href":"https:\/\/secureus.se\/fi\/wp-json\/wp\/v2\/types\/product"}],"wp:featuredmedia":[{"embeddable":true,"href":"https:\/\/secureus.se\/fi\/wp-json\/wp\/v2\/media\/138000"}],"wp:attachment":[{"href":"https:\/\/secureus.se\/fi\/wp-json\/wp\/v2\/media?parent=92855"}],"wp:term":[{"taxonomy":"product_brand","embeddable":true,"href":"https:\/\/secureus.se\/fi\/wp-json\/wp\/v2\/product_brand?post=92855"},{"taxonomy":"product_cat","embeddable":true,"href":"https:\/\/secureus.se\/fi\/wp-json\/wp\/v2\/product_cat?post=92855"},{"taxonomy":"product_tag","embeddable":true,"href":"https:\/\/secureus.se\/fi\/wp-json\/wp\/v2\/product_tag?post=92855"}],"curies":[{"name":"wp","href":"https:\/\/api.w.org\/{rel}","templated":true}]}}