{"id":92857,"date":"2024-06-16T23:12:02","date_gmt":"2024-06-16T21:12:02","guid":{"rendered":"https:\/\/secureus.se\/?post_type=product&#038;p=92857"},"modified":"2026-02-20T11:46:56","modified_gmt":"2026-02-20T10:46:56","slug":"elslutbleck-st400-step-40-preload","status":"publish","type":"product","link":"https:\/\/secureus.se\/fi\/elslutbleck-st400-step-40-preload\/","title":{"rendered":"S\u00e4hk\u00f6inen p\u00e4\u00e4televy ST400 STEP 40 Esij\u00e4nnitys"},"content":{"rendered":"<h1>S\u00e4hk\u00f6inen p\u00e4\u00e4televy ST400 STEP 40 Esij\u00e4nnitys<\/h1>\n<p class=\"\" data-start=\"673\" data-end=\"1128\">S\u00e4hk\u00f6inen p\u00e4\u00e4tylevy STEP 40 Preload on osa STEPin Preload-sarjaa ja tarjoaa korkean tason p\u00e4iv\u00e4lukitukselle.<\/p>\n<p class=\"\" data-start=\"673\" data-end=\"1128\">Minimaalisen koon ja eritt\u00e4in tehokkaan yhdistelm\u00e4n ansiosta t\u00e4m\u00e4 s\u00e4hk\u00f6inen sulkulevy on t\u00e4ydellinen valinta oviin, joilla on normaalit turvallisuusvaatimukset.<\/p>\n<p class=\"\" data-start=\"673\" data-end=\"1128\">Patentoitu puristuspainetekniikka mahdollistaa oven avaamisen jopa 250 kg:n paineen alaisena, joten se on luotettava valinta oville, joihin saattaa kohdistua painetta tai esteit\u00e4.<\/p>\n<p class=\"\" data-start=\"1130\" data-end=\"1595\">Yksi STEP 40 Preloadin merkitt\u00e4vimmist\u00e4 ominaisuuksista on sen kytkett\u00e4v\u00e4 toiminto. T\u00e4m\u00e4 tarkoittaa, ett\u00e4 s\u00e4hk\u00f6ist\u00e4 p\u00e4\u00e4tylevy\u00e4 voidaan s\u00e4\u00e4t\u00e4\u00e4 asennuksen aikana erityyppisiin oviin ja sovelluksiin sopivaksi.<\/p>\n<p class=\"\" data-start=\"1130\" data-end=\"1595\">T\u00e4m\u00e4 tarjoaa sek\u00e4 joustavuutta ett\u00e4 alhaisemmat k\u00e4sittelykustannukset asennuksen ja k\u00e4yt\u00f6n aikana. S\u00e4hk\u00f6isess\u00e4 sulkulevyss\u00e4 on oikealle p\u00e4in oleva toiminto, mik\u00e4 tarkoittaa, ett\u00e4 se on lukittu j\u00e4nnitteett\u00f6m\u00e4\u00e4n asentoon, mik\u00e4 on t\u00e4rke\u00e4 turvaominaisuus, joka pit\u00e4\u00e4 oven kiinni, kun virtaa ei ole.<\/p>\n<p class=\"\" data-start=\"1597\" data-end=\"2004\">Asennuksen helpottamiseksi s\u00e4hk\u00f6p\u00e4\u00e4tylevy on k\u00e4\u00e4nnett\u00e4v\u00e4, mik\u00e4 tarkoittaa, ett\u00e4 se toimii sek\u00e4 oikealle ett\u00e4 vasemmalle ripustetuissa ovissa.<\/p>\n<p class=\"\" data-start=\"1597\" data-end=\"2004\">Lis\u00e4ksi se on varustettu m\u00e4nt\u00e4kytkimell\u00e4, joka voi ilmoittaa onko ovi kiinni vai auki, mik\u00e4 on k\u00e4yt\u00e4nn\u00f6llinen valvonta- ja turvatoiminto.<\/p>\n<p class=\"\" data-start=\"1597\" data-end=\"2004\">Sen murtolujuus on my\u00f6s jopa 1200 kg (12 kN), mik\u00e4 tekee siit\u00e4 eritt\u00e4in vankan ratkaisun.<\/p>\n<p class=\"\" data-start=\"2006\" data-end=\"2326\">STEP 40 Preload on tehtaalla testattu kest\u00e4m\u00e4\u00e4n jopa 1 500 000 avausjaksoa, ja sen kest\u00e4vyys ja kulutuskest\u00e4vyys on testattu.<\/p>\n<p class=\"\" data-start=\"2006\" data-end=\"2326\">Elektroniikan suojaamiseksi transienteilta (j\u00e4nnitehuippuja) on sis\u00e4\u00e4nrakennettu suojadiodi, joka est\u00e4\u00e4 elektronisten komponenttien, kuten koodilukkojen tai kortinlukijoiden, vahingoittumisen.<\/p>\n<p class=\"\" data-start=\"2328\" data-end=\"2358\"><strong data-start=\"2328\" data-end=\"2358\">T\u00e4rkeimm\u00e4t ominaisuudet ja edut:<\/strong><\/p>\n<ul data-start=\"2359\" data-end=\"2843\">\n<li class=\"\" data-start=\"2359\" data-end=\"2451\">\n<p class=\"\" data-start=\"2361\" data-end=\"2451\"><strong data-start=\"2361\" data-end=\"2393\">Patentoitu nauhapainotekniikka:<\/strong> Mahdollistaa oven avaamisen jopa 250 kg:n paineesta huolimatta.<\/p>\n<\/li>\n<li class=\"\" data-start=\"2452\" data-end=\"2517\">\n<p class=\"\" data-start=\"2454\" data-end=\"2517\"><strong data-start=\"2454\" data-end=\"2476\">Oikealle suunnattu toiminto:<\/strong> Lukittu j\u00e4nnitteett\u00f6m\u00e4\u00e4n tilaan turvallisuuden lis\u00e4\u00e4miseksi.<\/p>\n<\/li>\n<li class=\"\" data-start=\"2518\" data-end=\"2597\">\n<p class=\"\" data-start=\"2520\" data-end=\"2597\"><strong data-start=\"2520\" data-end=\"2536\">M\u00e4nn\u00e4n kontakti:<\/strong> Mikrokytkin n\u00e4ytt\u00e4\u00e4 oven tilan (kiinni\/auki).<\/p>\n<\/li>\n<li class=\"\" data-start=\"2598\" data-end=\"2678\">\n<p class=\"\" data-start=\"2600\" data-end=\"2678\"><strong data-start=\"2600\" data-end=\"2624\">Korkea murtolujuus:<\/strong> Kest\u00e4\u00e4 jopa 1200 kg (12 kN) ja takaa kest\u00e4v\u00e4n turvallisuuden.<\/p>\n<\/li>\n<li class=\"\" data-start=\"2679\" data-end=\"2764\">\n<p class=\"\" data-start=\"2681\" data-end=\"2764\"><strong data-start=\"2681\" data-end=\"2703\">Kest\u00e4vyys testattu:<\/strong> Tehdastestattu 1 500 000 sykli\u00e4 pitk\u00e4kestoiseen k\u00e4ytt\u00f6\u00f6n.<\/p>\n<\/li>\n<li class=\"\" data-start=\"2765\" data-end=\"2843\">\n<p class=\"\" data-start=\"2767\" data-end=\"2843\"><strong data-start=\"2767\" data-end=\"2793\">Joustava asennus:<\/strong> K\u00e4\u00e4nnett\u00e4v\u00e4 sek\u00e4 oikealle ett\u00e4 vasemmalle ripustetuille oville.<\/p>\n<\/li>\n<\/ul>\n<p class=\"\" data-start=\"2845\" data-end=\"3118\"><strong data-start=\"2845\" data-end=\"2863\">Yhteensopivuus:<\/strong> S\u00e4hk\u00f6inen sulkulevy STEP 40 Preload on yhteensopiva sek\u00e4 yksi- ett\u00e4 kaksipudotuslukkojen kanssa ja sopii oviin, joilla on normaalit turvallisuusvaatimukset.<\/p>\n<p class=\"\" data-start=\"2845\" data-end=\"3118\">S\u00e4\u00e4dett\u00e4v\u00e4n toiminnon ansiosta se sopii monenlaisiin oviin ja sovelluksiin toimistosta teollisuuteen.<\/p>\n<p class=\"\" data-start=\"3120\" data-end=\"3143\"><strong data-start=\"3120\" data-end=\"3143\">Tehovaatimukset:<\/strong><\/p>\n<ul data-start=\"3144\" data-end=\"3315\">\n<li class=\"\" data-start=\"3144\" data-end=\"3189\">\n<p class=\"\" data-start=\"3146\" data-end=\"3189\"><strong data-start=\"3146\" data-end=\"3159\">J\u00e4nnite:<\/strong> 12V tai 24V DC \u00b115 % \u2013 10 %<\/p>\n<\/li>\n<li class=\"\" data-start=\"3190\" data-end=\"3245\">\n<p class=\"\" data-start=\"3192\" data-end=\"3245\"><strong data-start=\"3192\" data-end=\"3213\">Virrankulutus:<\/strong> 110 mAh 24 V DC:ll\u00e4 (max 300 mA)<\/p>\n<\/li>\n<li class=\"\" data-start=\"3246\" data-end=\"3315\">\n<p class=\"\" data-start=\"3248\" data-end=\"3315\"><strong data-start=\"3248\" data-end=\"3264\">M\u00e4nn\u00e4n kontakti:<\/strong> Mikrokytkin, yksinapainen vaihdettava, max. 30V DC, 1A.<\/p>\n<\/li>\n<\/ul>\n<div class=\"col-xs-12 col-md-6\">\n<div id=\"article-description\" class=\"main-content row\">\n<div class=\"col-xs-12 col-md-12\">\n<div class=\"mt-sm\">\n<div class=\"article-description mb-sm\">\n<div><\/div>\n<\/div>\n<\/div>\n<\/div>\n<\/div>\n<\/div>\n<div class=\"col-xs-12 col-md-6\">\n<div class=\"row spec-item-row\">\n<div class=\"col-xs-12 col-sm-6\"><\/div>\n<\/div>\n<\/div>","protected":false},"excerpt":{"rendered":"<p>STEP:n STEP 40 Preload -s\u00e4hk\u00f6iskulevy on suunniteltu p\u00e4iv\u00e4lukitukseen korkealla toimintavarmuudella ja pienikokoisella.<\/p>\n<p>Varustettu nauhapainetekniikalla, joka kest\u00e4\u00e4 painetta jopa 250 kg, sek\u00e4 m\u00e4nt\u00e4koskettimella oven havaitsemiseen.<\/p>","protected":false},"featured_media":137994,"template":"","meta":{"_acf_changed":false},"product_brand":[],"product_cat":[3355],"product_tag":[4197],"class_list":{"0":"post-92857","1":"product","2":"type-product","3":"status-publish","4":"has-post-thumbnail","6":"product_cat-elslutbleck","7":"product_tag-24v","8":"product_shipping_class-tunga-paket","9":"pa_brands-step","10":"tm-no-options","12":"first","13":"instock","14":"sale","15":"taxable","16":"shipping-taxable","17":"purchasable","18":"product-type-simple"},"acf":[],"_links":{"self":[{"href":"https:\/\/secureus.se\/fi\/wp-json\/wp\/v2\/product\/92857","targetHints":{"allow":["GET"]}}],"collection":[{"href":"https:\/\/secureus.se\/fi\/wp-json\/wp\/v2\/product"}],"about":[{"href":"https:\/\/secureus.se\/fi\/wp-json\/wp\/v2\/types\/product"}],"wp:featuredmedia":[{"embeddable":true,"href":"https:\/\/secureus.se\/fi\/wp-json\/wp\/v2\/media\/137994"}],"wp:attachment":[{"href":"https:\/\/secureus.se\/fi\/wp-json\/wp\/v2\/media?parent=92857"}],"wp:term":[{"taxonomy":"product_brand","embeddable":true,"href":"https:\/\/secureus.se\/fi\/wp-json\/wp\/v2\/product_brand?post=92857"},{"taxonomy":"product_cat","embeddable":true,"href":"https:\/\/secureus.se\/fi\/wp-json\/wp\/v2\/product_cat?post=92857"},{"taxonomy":"product_tag","embeddable":true,"href":"https:\/\/secureus.se\/fi\/wp-json\/wp\/v2\/product_tag?post=92857"}],"curies":[{"name":"wp","href":"https:\/\/api.w.org\/{rel}","templated":true}]}}