{"id":93481,"date":"2024-06-25T13:54:44","date_gmt":"2024-06-25T11:54:44","guid":{"rendered":"https:\/\/secureus.se\/?post_type=product&#038;p=93481"},"modified":"2025-09-30T17:24:18","modified_gmt":"2025-09-30T15:24:18","slug":"larmbyggare-for-dsc-neo-larm","status":"publish","type":"product","link":"https:\/\/secureus.se\/fi\/larmbyggare-for-dsc-neo-larm\/","title":{"rendered":"H\u00e4lytysrakentaja DSC NEO Alarmille"},"content":{"rendered":"<p>Voit aina ottaa meihin yhteytt\u00e4 saadaksesi yksil\u00f6llisen tarjouksen tai tuen \u2013 olemme t\u00e4\u00e4ll\u00e4 sinua varten.<\/p>","protected":false},"excerpt":{"rendered":"<h1><a href=\"https:\/\/secureus.se\/fi\/larmbyggare-for-dsc-neo\/\"><strong>KLIKKAA T\u00c4ST\u00c4 P\u00c4\u00c4SETKSESI RAKENTAJAAN<\/strong><\/a><\/h1>\n<p>T\u00e4\u00e4ll\u00e4 voit rakentaa oman h\u00e4lytysj\u00e4rjestelm\u00e4n juuri sellaiseksi kuin haluat. Sinun ei tarvitse ostaa joka askeleelta, vaan valitset mit\u00e4 tarvitset. Olemme tehneet sinulle helpoksi n\u00e4hd\u00e4, kuinka paljon paketti maksaa, ja saada yleiskatsauksen kaikista osista ilman, ett\u00e4 sinun tarvitsee p\u00e4ivitt\u00e4\u00e4 kassalla.<\/p>\n<p>Muista, ett\u00e4 voit aina laajentaa suojaasi edetess\u00e4si. Voit aina ottaa meihin yhteytt\u00e4 saadaksesi yksil\u00f6llisen tarjouksen tai tuen \u2013 olemme sinua varten.<\/p>","protected":false},"featured_media":95971,"template":"","meta":{"_acf_changed":false},"product_brand":[],"product_cat":[4025],"product_tag":[],"class_list":{"0":"post-93481","1":"product","2":"type-product","3":"status-publish","4":"has-post-thumbnail","6":"product_cat-larmbyggare-dsc-larm-neo-power-hybridlarm","7":"tm-no-options","9":"first","10":"instock","11":"taxable","12":"shipping-taxable","13":"purchasable","14":"product-type-simple"},"acf":[],"_links":{"self":[{"href":"https:\/\/secureus.se\/fi\/wp-json\/wp\/v2\/product\/93481","targetHints":{"allow":["GET"]}}],"collection":[{"href":"https:\/\/secureus.se\/fi\/wp-json\/wp\/v2\/product"}],"about":[{"href":"https:\/\/secureus.se\/fi\/wp-json\/wp\/v2\/types\/product"}],"wp:featuredmedia":[{"embeddable":true,"href":"https:\/\/secureus.se\/fi\/wp-json\/wp\/v2\/media\/95971"}],"wp:attachment":[{"href":"https:\/\/secureus.se\/fi\/wp-json\/wp\/v2\/media?parent=93481"}],"wp:term":[{"taxonomy":"product_brand","embeddable":true,"href":"https:\/\/secureus.se\/fi\/wp-json\/wp\/v2\/product_brand?post=93481"},{"taxonomy":"product_cat","embeddable":true,"href":"https:\/\/secureus.se\/fi\/wp-json\/wp\/v2\/product_cat?post=93481"},{"taxonomy":"product_tag","embeddable":true,"href":"https:\/\/secureus.se\/fi\/wp-json\/wp\/v2\/product_tag?post=93481"}],"curies":[{"name":"wp","href":"https:\/\/api.w.org\/{rel}","templated":true}]}}