{"id":94469,"date":"2023-02-20T14:15:27","date_gmt":"2023-02-20T13:15:27","guid":{"rendered":"https:\/\/secureus.se\/pir-detector-flx-a-dam\/"},"modified":"2026-04-22T16:04:15","modified_gmt":"2026-04-22T14:04:15","slug":"optex-flx-a-dam-x5-pir-detector","status":"publish","type":"product","link":"https:\/\/secureus.se\/fi\/optex-flx-a-dam-x5-pir-detector\/","title":{"rendered":"Optex FLX-A-DAM-X5 Anti-mask yhdistelm\u00e4ilmaisin PIR+mikroaaltouuni 15m 85 astetta tai 24 metri\u00e4 pitk\u00e4 s\u00e4de"},"content":{"rendered":"<h1>Optex FLX-A-DAM-X5 on markkinajohtajan Optexin laadukas ilmaisin, joka korvaa aiemman CDX-DAM-mallin ja tarjoaa edistyneemm\u00e4n ja luotettavamman ratkaisun sis\u00e4ilman havaitsemiseen.<\/h1>\n<p>T\u00e4ss\u00e4 tunnistimessa yhdistyv\u00e4t PIR (passiivinen infrapuna) ja mikroaaltotekniikka varmistaakseen tarkemman ja turvallisemman havaitsemisen pienemm\u00e4ll\u00e4 v\u00e4\u00e4rien h\u00e4lytysten riskill\u00e4.<\/p>\n<p>FLX-A-DAM-X5 on ilmiselv\u00e4 valinta sek\u00e4 asuin- ett\u00e4 julkisiin ymp\u00e4rist\u00f6ihin, sill\u00e4 sen tunnistuskapasiteetti voidaan mukauttaa erilaisiin tarpeisiin ja sill\u00e4 on eritt\u00e4in alhainen v\u00e4\u00e4rien h\u00e4lytysten mahdollisuus.<\/p>\n<p>Ilmaisin on SBSC-hyv\u00e4ksytty h\u00e4lytysluokkaan 3, mik\u00e4 tarkoittaa, ett\u00e4 se t\u00e4ytt\u00e4\u00e4 tiukat turvallisuusstandardit ja on sertifioitu k\u00e4ytett\u00e4v\u00e4ksi ammattimaisissa turvaj\u00e4rjestelmiss\u00e4.<\/p>\n<p>Lis\u00e4ksi FLX-A-DAM-X5 on immuuni pienempi\u00e4 lemmikkej\u00e4 vastaan, mik\u00e4 tekee siit\u00e4 erityisen hy\u00f6dyllisen ymp\u00e4rist\u00f6iss\u00e4, joissa on pieni\u00e4 el\u00e4imi\u00e4.<\/p>\n<p>Yksi FLX-A-DAM-X5:n merkitt\u00e4vimmist\u00e4 ominaisuuksista on k\u00e4\u00e4nnett\u00e4v\u00e4 linssi, jonka avulla voit s\u00e4\u00e4t\u00e4\u00e4 tunnistusaluetta erityisten asennusvaatimusten mukaan.<\/p>\n<p>Siin\u00e4 on kaksi tunnistusmallivaihtoehtoa: 15 x 15 metri\u00e4 leve\u00e4 s\u00e4dekuvio, joka on esivalittu ja sopii t\u00e4ydellisesti suurille, avoimille alueille, ja 24 x 2 metri\u00e4 pitk\u00e4 s\u00e4dekuvio, joka sopii erinomaisesti kapeampien k\u00e4yt\u00e4vien tai ikkunoiden peitt\u00e4miseen.<\/p>\n<p>Pitk\u00e4\u00e4 s\u00e4dekuviota k\u00e4ytett\u00e4ess\u00e4 mikroaaltouunitoiminto kytkeytyy pois p\u00e4\u00e4lt\u00e4, joten se on monipuolinen ratkaisu erilaisiin asennusalueisiin.<\/p>\n<p>FLX-A-DAM-X5 on my\u00f6s varustettu digitaalisella signaaliprosessorilla ja uudella PIR-elementill\u00e4.<\/p>\n<p>N\u00e4in ilmaisin havaitsee liikkeet tarkemmin ja varmistaa, ett\u00e4 kaikki valvonta-alueen osat on peitetty luotettavasti.<\/p>\n<p>Pallomainen linssi parantaa my\u00f6s havaitsemisen kattavuutta ja tarkkuutta.<\/p>\n<p>Pitk\u00e4n k\u00e4ytt\u00f6i\u00e4n ja luotettavuuden takaamiseksi ilmaisimessa on my\u00f6s peittosuoja, mik\u00e4 tekee siit\u00e4 hyv\u00e4n valinnan julkisiin tiloihin, joissa sabotaasiriski on suurempi.<\/p>\n<p>Lis\u00e4ksi moniulotteinen analyysi (SMDA) ja kaksijohtiminen suojaus suojaavat ilmaisinta ulkoisilta h\u00e4iri\u00f6ilt\u00e4, jotka voivat vaikuttaa sen suorituskykyyn.<\/p>\n<p>T\u00e4m\u00e4 ilmaisin on suunniteltu helppoon asennukseen, ja siin\u00e4 on k\u00e4tev\u00e4 mekanismi, jossa riviliittimet voidaan helposti irrottaa ilmaisimesta johdotuksen ja kytkenn\u00e4n yksinkertaistamiseksi.<\/p>\n<p>Asennus tapahtuu yleens\u00e4 2-3 metrin korkeudelle, mik\u00e4 on suositeltu asennuskorkeus parhaan tuloksen saavuttamiseksi.<\/p>\n<p>FLX-A-DAM-X5:ss\u00e4 on my\u00f6s moderni ja kest\u00e4v\u00e4 muotoilu, joka on valmistettu akryylinitriilimuovista, joka tekee siit\u00e4 kest\u00e4v\u00e4n UV-valoa ja est\u00e4\u00e4 sen kellastumisen ajan my\u00f6t\u00e4.<\/p>\n<p>T\u00e4m\u00e4 tarkoittaa, ett\u00e4 se s\u00e4ilytt\u00e4\u00e4 esteettisen ulkon\u00e4k\u00f6ns\u00e4 my\u00f6s alttiina olevissa ymp\u00e4rist\u00f6iss\u00e4.<\/p>\n<p>Yhteenvetona voidaan todeta, ett\u00e4 Optex FLX-A-DAM-X5 on korkealaatuinen, joustava ja luotettava ilmaisin, jossa yhdistyv\u00e4t viimeisin teknologia varmistaakseen tehokkaan ja turvallisen valvonnan sek\u00e4 yksityisiss\u00e4 ett\u00e4 kaupallisissa kiinteist\u00f6iss\u00e4.<\/p>\n<p>Se on helppo asentaa, siin\u00e4 on alhainen v\u00e4\u00e4rien h\u00e4lytysten m\u00e4\u00e4r\u00e4 ja se tarjoaa r\u00e4\u00e4t\u00e4l\u00f6ityj\u00e4 tunnistusvaihtoehtoja eri ymp\u00e4rist\u00f6ihin.<\/p>\n<p><strong>Tekniset tiedot:<\/strong><\/p>\n<ul>\n<li><strong>Ilmaisimen tyyppi:<\/strong> Yhdistelm\u00e4tunnistin (PIR + mikroaaltouuni)<\/li>\n<li><strong>Tunnistusalue:<\/strong> 15 x 15 m (leve\u00e4 palkki) tai 24 x 2 m (pitk\u00e4 palkki)<\/li>\n<li><strong>Immuuni lemmikkiel\u00e4imille:<\/strong> Kyll\u00e4, pienille lemmikeille<\/li>\n<li><strong>Suojaus suojana:<\/strong> Kyll\u00e4<\/li>\n<li><strong>Signaaliprosessori:<\/strong> Digitaalinen<\/li>\n<li><strong>Asennuskorkeus:<\/strong> 2-3 metri\u00e4<\/li>\n<li><strong>Virtal\u00e4hde:<\/strong> 12V DC<\/li>\n<li><strong>Suojausluokka:<\/strong> IP50<\/li>\n<li><strong>L\u00e4mp\u00f6tila-alue:<\/strong> -20\u00b0C - +45\u00b0C<\/li>\n<li><strong>Sertifiointi:<\/strong> SBSC hyv\u00e4ksyttiin LK 3:ssa<\/li>\n<li><strong>Materiaali:<\/strong> Akryylinitriili muovia<\/li>\n<li><strong>Mitata:<\/strong> 160 x 62 x 59 mm<\/li>\n<li><strong>Paino:<\/strong> 200 g<\/li>\n<\/ul>","protected":false},"excerpt":{"rendered":"<p>Optex FLX-A-DAM-X5 on SBSC-hyv\u00e4ksytty PIR- ja mikroaaltouuniilmaisin sis\u00e4k\u00e4ytt\u00f6\u00f6n, immuuni lemmikkiel\u00e4imille ja s\u00e4\u00e4dett\u00e4v\u00e4ll\u00e4 tunnistusalueella.<\/p>\n<p>Suojaussuojan ja alhaisen v\u00e4\u00e4r\u00e4n h\u00e4lytyksen ansiosta ilmaisin on ihanteellinen sek\u00e4 asuin- ett\u00e4 julkisiin tiloihin.<\/p>","protected":false},"featured_media":140467,"template":"","meta":{"_acf_changed":false},"product_brand":[],"product_cat":[1325],"product_tag":[2989,2145,2466],"class_list":{"0":"post-94469","1":"product","2":"type-product","3":"status-publish","4":"has-post-thumbnail","6":"product_cat-larmgivare-skalskydd","7":"product_tag-egen-logo-ej-taggar-kort","8":"product_tag-rorelsedetektor-ir-detektorer","9":"product_tag-sbsc-larmklass3","10":"product_shipping_class-postnord-varubrev","11":"pa_brands-optex","12":"tm-no-options","14":"first","15":"instock","16":"sale","17":"featured","18":"taxable","19":"shipping-taxable","20":"purchasable","21":"product-type-simple"},"acf":[],"_links":{"self":[{"href":"https:\/\/secureus.se\/fi\/wp-json\/wp\/v2\/product\/94469","targetHints":{"allow":["GET"]}}],"collection":[{"href":"https:\/\/secureus.se\/fi\/wp-json\/wp\/v2\/product"}],"about":[{"href":"https:\/\/secureus.se\/fi\/wp-json\/wp\/v2\/types\/product"}],"wp:featuredmedia":[{"embeddable":true,"href":"https:\/\/secureus.se\/fi\/wp-json\/wp\/v2\/media\/140467"}],"wp:attachment":[{"href":"https:\/\/secureus.se\/fi\/wp-json\/wp\/v2\/media?parent=94469"}],"wp:term":[{"taxonomy":"product_brand","embeddable":true,"href":"https:\/\/secureus.se\/fi\/wp-json\/wp\/v2\/product_brand?post=94469"},{"taxonomy":"product_cat","embeddable":true,"href":"https:\/\/secureus.se\/fi\/wp-json\/wp\/v2\/product_cat?post=94469"},{"taxonomy":"product_tag","embeddable":true,"href":"https:\/\/secureus.se\/fi\/wp-json\/wp\/v2\/product_tag?post=94469"}],"curies":[{"name":"wp","href":"https:\/\/api.w.org\/{rel}","templated":true}]}}