{"id":94471,"date":"2022-06-29T12:46:19","date_gmt":"2022-06-29T10:46:19","guid":{"rendered":"https:\/\/secureus.se\/ir-detektor-pdm-i18\/"},"modified":"2026-04-08T16:41:14","modified_gmt":"2026-04-08T14:41:14","slug":"ir-detektor-pdm-i18","status":"publish","type":"product","link":"https:\/\/secureus.se\/fi\/ir-detektor-pdm-i18\/","title":{"rendered":"IR-ilmaisin PDM-I18 \u2013 18 metrin laajakulma"},"content":{"rendered":"<h1>IR-ilmaisin PDM-I18 \u2013 18 metrin laajakulma<\/h1>\n<p data-start=\"299\" data-end=\"1081\">PDM-I18 IR-ilmaisin on moderni ja tyylikk\u00e4\u00e4sti suunniteltu liikeilmaisin, jonka 18 metrin laajakulma tekee siit\u00e4 ihanteellisen monenlaisiin asennuksiin.<\/p>\n<p data-start=\"299\" data-end=\"1081\">Edistyneell\u00e4 Visatec-algoritmilla ja patentoidulla MAGIC-peilill\u00e4 PDM-I18 tarjoaa luotettavan tunkeutujien tunnistuksen ja parhaan mahdollisen suojan aiheettomia h\u00e4lytyksi\u00e4 vastaan.<br data-start=\"645\" data-end=\"648\" \/>Asennus on otettu huomioon uudella k\u00e4velytestausmenettelyll\u00e4 ja uudella EOL-j\u00e4rjestelm\u00e4ll\u00e4, mik\u00e4 tekee asennusajasta uskomattoman lyhyen ja tehokkaan.<br data-start=\"800\" data-end=\"803\" \/>PDM-I18:n sy\u00f6tt\u00f6j\u00e4nnite on 9\u201316 VDC ja virrankulutus enint\u00e4\u00e4n 4,7 mA (LED p\u00e4\u00e4ll\u00e4), mik\u00e4 tekee siit\u00e4 sek\u00e4 energiatehokkaan ett\u00e4 luotettavan.<\/p>\n<p data-start=\"299\" data-end=\"1081\">Se on sertifioitu SBSC-sertifikaatin 13-333, luokan 1-2 mukaisesti, mik\u00e4 varmistaa, ett\u00e4 se t\u00e4ytt\u00e4\u00e4 korkeimmat turvallisuusvaatimukset.<\/p>\n<p data-start=\"1083\" data-end=\"1113\"><strong data-start=\"1083\" data-end=\"1111\">Ominaisuudet ja edut:<\/strong><\/p>\n<ul data-start=\"1114\" data-end=\"1512\">\n<li data-start=\"1114\" data-end=\"1173\">\n<p data-start=\"1116\" data-end=\"1173\">18 metrin laajakulma kattavaan ja tarkkaan havaitsemiseen<\/p>\n<\/li>\n<li data-start=\"1174\" data-end=\"1255\">\n<p data-start=\"1176\" data-end=\"1255\">Patentoitu MAGIC-peili ja Visatec-algoritmi takaavat korkean turvallisuuden ja tarkkuuden<\/p>\n<\/li>\n<li data-start=\"1256\" data-end=\"1321\">\n<p data-start=\"1258\" data-end=\"1321\">Nopea asennus uuden k\u00e4velytestimenettelyn ja EOL-j\u00e4rjestelm\u00e4n ansiosta<\/p>\n<\/li>\n<li data-start=\"1322\" data-end=\"1370\">\n<p data-start=\"1324\" data-end=\"1370\">Alhainen virrankulutus (enint\u00e4\u00e4n 4,7 mA, kun LED-valo palaa)<\/p>\n<\/li>\n<li data-start=\"1371\" data-end=\"1439\">\n<p data-start=\"1373\" data-end=\"1439\">Sertifioitu SBSC-sertifikaatin 13-333 mukaisesti, luokka 1-2, korkea turvallisuustaso<\/p>\n<\/li>\n<li data-start=\"1440\" data-end=\"1512\">\n<p data-start=\"1442\" data-end=\"1512\">Kompakti ja moderni muotoilu helpottaa integrointia erilaisiin asennuksiin<\/p>\n<\/li>\n<\/ul>\n<p data-start=\"1514\" data-end=\"1545\"><strong data-start=\"1514\" data-end=\"1543\">Tekniset tiedot:<\/strong><\/p>\n<ul data-start=\"1546\" data-end=\"1729\">\n<li data-start=\"1546\" data-end=\"1578\">\n<p data-start=\"1548\" data-end=\"1578\">Kattavuus: 18 metri\u00e4 laajakulma<\/p>\n<\/li>\n<li data-start=\"1579\" data-end=\"1611\">\n<p data-start=\"1581\" data-end=\"1611\">Virtal\u00e4hde: 9\u201316 VDC<\/p>\n<\/li>\n<li data-start=\"1612\" data-end=\"1653\">\n<p data-start=\"1614\" data-end=\"1653\">Virrankulutus: enint. 4,7 mA (LED p\u00e4\u00e4ll\u00e4)<\/p>\n<\/li>\n<li data-start=\"1654\" data-end=\"1687\">\n<p data-start=\"1656\" data-end=\"1687\">SBSC-sertifikaatti: 13-333, luokka 1-2<\/p>\n<\/li>\n<li data-start=\"1688\" data-end=\"1729\">\n<p data-start=\"1690\" data-end=\"1729\">Mitat: PIR-ilmaisimien vakiomitat<\/p>\n<\/li>\n<\/ul>","protected":false},"excerpt":{"rendered":"<p>MAGIC-liiketunnistin, jossa on 18 metrin laajakulma, Visatec-algoritmi ja alhainen virrankulutus.<\/p>\n<p>Korkea suojaus v\u00e4\u00e4ri\u00e4 h\u00e4lytyksi\u00e4 vastaan ja nopea asennus.<\/p>","protected":false},"featured_media":142638,"template":"","meta":{"_acf_changed":false},"product_brand":[],"product_cat":[1325],"product_tag":[2145,2418,2465],"class_list":{"0":"post-94471","1":"product","2":"type-product","3":"status-publish","4":"has-post-thumbnail","6":"product_cat-larmgivare-skalskydd","7":"product_tag-rorelsedetektor-ir-detektorer","8":"product_tag-rel-larmgivare","9":"product_tag-sbsc-larmklass2","10":"product_shipping_class-postnord-varubrev","11":"pa_brands-6vanderbilt","12":"tm-no-options","14":"first","15":"instock","16":"sale","17":"featured","18":"taxable","19":"shipping-taxable","20":"purchasable","21":"product-type-simple"},"acf":[],"_links":{"self":[{"href":"https:\/\/secureus.se\/fi\/wp-json\/wp\/v2\/product\/94471","targetHints":{"allow":["GET"]}}],"collection":[{"href":"https:\/\/secureus.se\/fi\/wp-json\/wp\/v2\/product"}],"about":[{"href":"https:\/\/secureus.se\/fi\/wp-json\/wp\/v2\/types\/product"}],"wp:featuredmedia":[{"embeddable":true,"href":"https:\/\/secureus.se\/fi\/wp-json\/wp\/v2\/media\/142638"}],"wp:attachment":[{"href":"https:\/\/secureus.se\/fi\/wp-json\/wp\/v2\/media?parent=94471"}],"wp:term":[{"taxonomy":"product_brand","embeddable":true,"href":"https:\/\/secureus.se\/fi\/wp-json\/wp\/v2\/product_brand?post=94471"},{"taxonomy":"product_cat","embeddable":true,"href":"https:\/\/secureus.se\/fi\/wp-json\/wp\/v2\/product_cat?post=94471"},{"taxonomy":"product_tag","embeddable":true,"href":"https:\/\/secureus.se\/fi\/wp-json\/wp\/v2\/product_tag?post=94471"}],"curies":[{"name":"wp","href":"https:\/\/api.w.org\/{rel}","templated":true}]}}