{"id":94472,"date":"2022-06-29T12:45:51","date_gmt":"2022-06-29T10:45:51","guid":{"rendered":"https:\/\/secureus.se\/ir-detektor-pdm-i18t\/"},"modified":"2026-04-23T11:08:49","modified_gmt":"2026-04-23T09:08:49","slug":"ir-detektor-pdm-i18t","status":"publish","type":"product","link":"https:\/\/secureus.se\/fi\/ir-detektor-pdm-i18t\/","title":{"rendered":"IR-ilmaisin PDM-I18T peitt\u00e4misenesto - 18 metrin laajakulma"},"content":{"rendered":"<h1>IR-ilmaisin PDM-I18T peitt\u00e4misenesto - 18 metrin laajakulma<\/h1>\n<p data-start=\"327\" data-end=\"1330\">PDM-I18T IR-ilmaisin on elegantti ja moderni liikeilmaisin, joka yhdist\u00e4\u00e4 edistyneit\u00e4 teknologioita, kuten MAGIC-peilioptiikan ja Visatec-algoritmin, luotettavan tunnistuksen ja korkean turvallisuuden takaamiseksi.<\/p>\n<p data-start=\"327\" data-end=\"1330\">18 metrin laajakulmapeittoalueensa ansiosta PDM-I18T sopii t\u00e4ydellisesti kaikenlaisiin asennuksiin, niin yksityisiin kuin kaupallisiinkin ymp\u00e4rist\u00f6ihin.<br data-start=\"707\" data-end=\"710\" \/>PDM-I18T:n ainutlaatuinen ominaisuus on sen reaaliaikainen peitt\u00e4misen tunnistustoiminto, jonka avulla se havaitsee peukalointi- ja peitt\u00e4misyritykset reaaliajassa ja tarjoaa siten korkeamman turvallisuustason.<br data-start=\"891\" data-end=\"894\" \/>PDM-I18T on varustettu asennusyst\u00e4v\u00e4llisell\u00e4 konseptilla, joka sis\u00e4lt\u00e4\u00e4 uuden k\u00e4velytestimenettelyn ja EOL-j\u00e4rjestelm\u00e4n, jotka tekev\u00e4t asennuksesta nopeaa ja helppoa.<\/p>\n<p data-start=\"327\" data-end=\"1330\">Sen virrankulutus on alhainen, 3,9 mA (rms), ja maksimihuippu 6,6 mA, mik\u00e4 tekee siit\u00e4 energiatehokkaan ja luotettavan.<br data-start=\"1177\" data-end=\"1180\" \/>PDM-I18T on hyv\u00e4ksytty standardien EN50131-2-2 luokan 3, VdS luokan C ja SBSC luokan 3\/4 mukaisesti, mik\u00e4 varmistaa, ett\u00e4 se t\u00e4ytt\u00e4\u00e4 korkeimmat turvallisuusstandardit.<\/p>\n<p data-start=\"1332\" data-end=\"1362\"><strong data-start=\"1332\" data-end=\"1360\">Ominaisuudet ja edut:<\/strong><\/p>\n<ul data-start=\"1363\" data-end=\"1823\">\n<li data-start=\"1363\" data-end=\"1412\">\n<p data-start=\"1365\" data-end=\"1412\">18 metrin laajakulma kattavaan havainnointiin<\/p>\n<\/li>\n<li data-start=\"1413\" data-end=\"1485\">\n<p data-start=\"1415\" data-end=\"1485\">Reaaliaikainen peitt\u00e4misen tunnistustoiminto havaitsee peukaloinnin ja peitt\u00e4misen<\/p>\n<\/li>\n<li data-start=\"1486\" data-end=\"1559\">\n<p data-start=\"1488\" data-end=\"1559\">MAGIC-peilioptiikka ja Visatec-algoritmi takaavat korkean turvallisuuden ja tarkkuuden<\/p>\n<\/li>\n<li data-start=\"1560\" data-end=\"1614\">\n<p data-start=\"1562\" data-end=\"1614\">Alhainen virrankulutus (3,9 mA rms, 6,6 mA huippuvirta)<\/p>\n<\/li>\n<li data-start=\"1615\" data-end=\"1680\">\n<p data-start=\"1617\" data-end=\"1680\">Helppo asennus uuden k\u00e4velytestimenettelyn ja EOL-j\u00e4rjestelm\u00e4n ansiosta<\/p>\n<\/li>\n<li data-start=\"1681\" data-end=\"1747\">\n<p data-start=\"1683\" data-end=\"1747\">L\u00e4ht\u00f6: 30 VDC \/ 100 mA, NC turvalliseen ja joustavaan integrointiin<\/p>\n<\/li>\n<li data-start=\"1748\" data-end=\"1823\">\n<p data-start=\"1750\" data-end=\"1823\">Sertifioitu standardien EN50131-2-2 luokan 3, VdS luokan C ja SBSC luokan 3\/4 mukaisesti<\/p>\n<\/li>\n<\/ul>\n<p data-start=\"1825\" data-end=\"1856\"><strong data-start=\"1825\" data-end=\"1854\">Tekniset tiedot:<\/strong><\/p>\n<ul data-start=\"1857\" data-end=\"2177\">\n<li data-start=\"1857\" data-end=\"1889\">\n<p data-start=\"1859\" data-end=\"1889\">Kattavuus: 18 metri\u00e4 laajakulma<\/p>\n<\/li>\n<li data-start=\"1890\" data-end=\"1934\">\n<p data-start=\"1892\" data-end=\"1934\">Virtal\u00e4hde: 9\u201316 VDC (nimellisj\u00e4nnite 12 V)<\/p>\n<\/li>\n<li data-start=\"1935\" data-end=\"1988\">\n<p data-start=\"1937\" data-end=\"1988\">Virrankulutus: 3,9 mA (rms), 6,6 mA (huippuarvo)<\/p>\n<\/li>\n<li data-start=\"1989\" data-end=\"2022\">\n<p data-start=\"1991\" data-end=\"2022\">L\u00e4hd\u00f6t: 30 VDC \/ 100 mA, NC<\/p>\n<\/li>\n<li data-start=\"2023\" data-end=\"2057\">\n<p data-start=\"2025\" data-end=\"2057\">Mitat (LxKxS): 64 x 147 x 35 mm<\/p>\n<\/li>\n<li data-start=\"2058\" data-end=\"2124\">\n<p data-start=\"2060\" data-end=\"2124\">Hyv\u00e4ksynt\u00e4: EN50131-2-2 luokka 3, VdS luokka C, SBSC luokka 3\/4<\/p>\n<\/li>\n<li data-start=\"2125\" data-end=\"2177\">\n<p data-start=\"2127\" data-end=\"2177\">L\u00e4mp\u00f6tila-alue: PIR-ilmaisimien standardi<\/p>\n<\/li>\n<\/ul>","protected":false},"excerpt":{"rendered":"<p>MAGIC-liiketunnistin, jossa on 18 metrin laajakulma ja reaaliaikainen peitt\u00e4misen tunnistus.<\/p>\n<p>Visatec-algoritmi, patentoitu MAGIC-peili ja korkea turvallisuus luotettavaa tunnistusta varten.<\/p>","protected":false},"featured_media":142197,"template":"","meta":{"_acf_changed":false},"product_brand":[],"product_cat":[1325],"product_tag":[2145,2418,2466],"class_list":{"0":"post-94472","1":"product","2":"type-product","3":"status-publish","4":"has-post-thumbnail","6":"product_cat-larmgivare-skalskydd","7":"product_tag-rorelsedetektor-ir-detektorer","8":"product_tag-rel-larmgivare","9":"product_tag-sbsc-larmklass3","10":"product_shipping_class-postnord-varubrev","11":"pa_brands-6vanderbilt","12":"tm-no-options","14":"first","15":"instock","16":"sale","17":"featured","18":"taxable","19":"shipping-taxable","20":"purchasable","21":"product-type-simple"},"acf":[],"_links":{"self":[{"href":"https:\/\/secureus.se\/fi\/wp-json\/wp\/v2\/product\/94472","targetHints":{"allow":["GET"]}}],"collection":[{"href":"https:\/\/secureus.se\/fi\/wp-json\/wp\/v2\/product"}],"about":[{"href":"https:\/\/secureus.se\/fi\/wp-json\/wp\/v2\/types\/product"}],"wp:featuredmedia":[{"embeddable":true,"href":"https:\/\/secureus.se\/fi\/wp-json\/wp\/v2\/media\/142197"}],"wp:attachment":[{"href":"https:\/\/secureus.se\/fi\/wp-json\/wp\/v2\/media?parent=94472"}],"wp:term":[{"taxonomy":"product_brand","embeddable":true,"href":"https:\/\/secureus.se\/fi\/wp-json\/wp\/v2\/product_brand?post=94472"},{"taxonomy":"product_cat","embeddable":true,"href":"https:\/\/secureus.se\/fi\/wp-json\/wp\/v2\/product_cat?post=94472"},{"taxonomy":"product_tag","embeddable":true,"href":"https:\/\/secureus.se\/fi\/wp-json\/wp\/v2\/product_tag?post=94472"}],"curies":[{"name":"wp","href":"https:\/\/api.w.org\/{rel}","templated":true}]}}