{"id":94473,"date":"2022-06-29T12:45:25","date_gmt":"2022-06-29T10:45:25","guid":{"rendered":"https:\/\/secureus.se\/ir-detektor-pdm-i12t\/"},"modified":"2026-04-23T11:08:27","modified_gmt":"2026-04-23T09:08:27","slug":"ir-detektor-pdm-i12t","status":"publish","type":"product","link":"https:\/\/secureus.se\/fi\/ir-detektor-pdm-i12t\/","title":{"rendered":"IR-ilmaisin PDM-I12T peitt\u00e4misenesto - 12 metrin laajakulma"},"content":{"rendered":"<h1>IR-ilmaisin PDM-I12T peitt\u00e4misenesto - 12 metrin laajakulma<\/h1>\n<p data-start=\"330\" data-end=\"1423\">PDM-I12T Antimask-IR-liiketunnistin on moderni ja tyylikk\u00e4\u00e4sti suunniteltu liiketunnistin, joka yhdist\u00e4\u00e4 patentoidun MAGIC-peilin ja edelleen kehitetyn Visatec-algoritmin tunkeilijoiden tarkkaan ja luotettavaan havaitsemiseen.<\/p>\n<p data-start=\"330\" data-end=\"1423\">12 metrin laajakulmapeittoalueen ja reaaliaikaisen peitt\u00e4misen tunnistustoiminnon ansiosta PDM-I12T tarjoaa korkean turvallisuuden ja minimoi v\u00e4\u00e4rien h\u00e4lytysten riskin sek\u00e4 yksityisiss\u00e4 ett\u00e4 kaupallisissa ymp\u00e4rist\u00f6iss\u00e4.<br data-start=\"751\" data-end=\"754\" \/>Edistyksellinen MAGIC-peili varmistaa, ett\u00e4 ilmaisin havaitsee ja seuraa tunkeilijoita tehokkaasti, ja patentoitu Visatec-algoritmi mahdollistaa PDM-I12T:n suodattaa pois ei-toivotut signaalit ja esineet, jotka eiv\u00e4t aiheuta uhkaa.<br data-start=\"998\" data-end=\"1001\" \/>PDM-I12T on varustettu my\u00f6s k\u00e4ytt\u00e4j\u00e4yst\u00e4v\u00e4llisell\u00e4 asennuskonseptilla, mukaan lukien uusi k\u00e4velytestimenettely ja EOL-j\u00e4rjestelm\u00e4, jotka tekev\u00e4t asennuksesta nopeaa ja helppoa.<\/p>\n<p data-start=\"330\" data-end=\"1423\">Ilmaisin on sek\u00e4 energiatehokas ett\u00e4 luotettava, sill\u00e4 sen virrankulutus on enint\u00e4\u00e4n 6,6 mA (LED p\u00e4\u00e4ll\u00e4) ja j\u00e4nnitesy\u00f6tt\u00f6 on 9\u201316 VDC.<\/p>\n<p data-start=\"330\" data-end=\"1423\">Se on sertifioitu SBSC-sertifikaatin 13-332, luokan 3-4 mukaisesti, mik\u00e4 takaa sen t\u00e4ytt\u00e4v\u00e4n korkeat turvallisuusstandardit.<\/p>\n<p data-start=\"1425\" data-end=\"1455\"><strong data-start=\"1425\" data-end=\"1453\">Ominaisuudet ja edut:<\/strong><\/p>\n<ul data-start=\"1456\" data-end=\"1905\">\n<li data-start=\"1456\" data-end=\"1513\">\n<p data-start=\"1458\" data-end=\"1513\">12 metrin laajakulma tehokasta ja tarkkaa havaitsemista varten<\/p>\n<\/li>\n<li data-start=\"1514\" data-end=\"1587\">\n<p data-start=\"1516\" data-end=\"1587\">Reaaliaikainen peitt\u00e4misen tunnistustoiminto est\u00e4\u00e4 peukaloinnin ja peitt\u00e4misen<\/p>\n<\/li>\n<li data-start=\"1588\" data-end=\"1661\">\n<p data-start=\"1590\" data-end=\"1661\">MAGIC-peilioptiikka ja Visatec-algoritmi takaavat korkean turvallisuuden ja tarkkuuden<\/p>\n<\/li>\n<li data-start=\"1662\" data-end=\"1710\">\n<p data-start=\"1664\" data-end=\"1710\">Alhainen virrankulutus (enint\u00e4\u00e4n 6,6 mA, kun LED palaa)<\/p>\n<\/li>\n<li data-start=\"1711\" data-end=\"1776\">\n<p data-start=\"1713\" data-end=\"1776\">Uusi k\u00e4velytestausmenetelm\u00e4 ja EOL-j\u00e4rjestelm\u00e4 nopeaan asennukseen<\/p>\n<\/li>\n<li data-start=\"1777\" data-end=\"1845\">\n<p data-start=\"1779\" data-end=\"1845\">Sertifioitu SBSC-sertifikaatin 13-332 mukaisesti, luokka 3-4, korkean turvallisuuden takaamiseksi<\/p>\n<\/li>\n<li data-start=\"1846\" data-end=\"1905\">\n<p data-start=\"1848\" data-end=\"1905\">Kompakti ja tyylik\u00e4s muotoilu, joka sopii mihin tahansa asennukseen<\/p>\n<\/li>\n<\/ul>\n<p data-start=\"1907\" data-end=\"1938\"><strong data-start=\"1907\" data-end=\"1936\">Tekniset tiedot:<\/strong><\/p>\n<ul data-start=\"1939\" data-end=\"2210\">\n<li data-start=\"1939\" data-end=\"1971\">\n<p data-start=\"1941\" data-end=\"1971\">Peittoalue: 12 metri\u00e4 laajakulma<\/p>\n<\/li>\n<li data-start=\"1972\" data-end=\"2004\">\n<p data-start=\"1974\" data-end=\"2004\">Virtal\u00e4hde: 9\u201316 VDC<\/p>\n<\/li>\n<li data-start=\"2005\" data-end=\"2046\">\n<p data-start=\"2007\" data-end=\"2046\">Virrankulutus: enint\u00e4\u00e4n 6,6 mA (LED p\u00e4\u00e4ll\u00e4)<\/p>\n<\/li>\n<li data-start=\"2047\" data-end=\"2063\">\n<p data-start=\"2049\" data-end=\"2063\">Maskinsuoja: Kyll\u00e4<\/p>\n<\/li>\n<li data-start=\"2064\" data-end=\"2109\">\n<p data-start=\"2066\" data-end=\"2109\">Hyv\u00e4ksynt\u00e4: SBSC-sertifikaatti 13-332, luokka 3-4<\/p>\n<\/li>\n<li data-start=\"2110\" data-end=\"2159\">\n<p data-start=\"2112\" data-end=\"2159\">Mitat: PIR-\/mikroaaltoilmaisimien vakiomitat<\/p>\n<\/li>\n<li data-start=\"2160\" data-end=\"2210\">\n<p data-start=\"2162\" data-end=\"2210\">L\u00e4mp\u00f6tila-alue: PIR-ilmaisimien standardi<\/p>\n<\/li>\n<\/ul>","protected":false},"excerpt":{"rendered":"<p>MAGIC-liiketunnistin, jossa on 12 metrin laajakulma ja reaaliaikainen peitt\u00e4misen tunnistustoiminto.<\/p>\n<p>Visatecin algoritmi ja korkea turvallisuus takaavat tarkan tunnistuksen ja luotettavan suorituskyvyn.<\/p>","protected":false},"featured_media":142553,"template":"","meta":{"_acf_changed":false},"product_brand":[],"product_cat":[1325],"product_tag":[2145,2466],"class_list":{"0":"post-94473","1":"product","2":"type-product","3":"status-publish","4":"has-post-thumbnail","6":"product_cat-larmgivare-skalskydd","7":"product_tag-rorelsedetektor-ir-detektorer","8":"product_tag-sbsc-larmklass3","9":"product_shipping_class-postnord-varubrev","10":"pa_brands-6vanderbilt","11":"tm-no-options","13":"first","14":"instock","15":"sale","16":"featured","17":"taxable","18":"shipping-taxable","19":"purchasable","20":"product-type-simple"},"acf":[],"_links":{"self":[{"href":"https:\/\/secureus.se\/fi\/wp-json\/wp\/v2\/product\/94473","targetHints":{"allow":["GET"]}}],"collection":[{"href":"https:\/\/secureus.se\/fi\/wp-json\/wp\/v2\/product"}],"about":[{"href":"https:\/\/secureus.se\/fi\/wp-json\/wp\/v2\/types\/product"}],"wp:featuredmedia":[{"embeddable":true,"href":"https:\/\/secureus.se\/fi\/wp-json\/wp\/v2\/media\/142553"}],"wp:attachment":[{"href":"https:\/\/secureus.se\/fi\/wp-json\/wp\/v2\/media?parent=94473"}],"wp:term":[{"taxonomy":"product_brand","embeddable":true,"href":"https:\/\/secureus.se\/fi\/wp-json\/wp\/v2\/product_brand?post=94473"},{"taxonomy":"product_cat","embeddable":true,"href":"https:\/\/secureus.se\/fi\/wp-json\/wp\/v2\/product_cat?post=94473"},{"taxonomy":"product_tag","embeddable":true,"href":"https:\/\/secureus.se\/fi\/wp-json\/wp\/v2\/product_tag?post=94473"}],"curies":[{"name":"wp","href":"https:\/\/api.w.org\/{rel}","templated":true}]}}