{"id":94474,"date":"2022-06-29T12:45:15","date_gmt":"2022-06-29T10:45:15","guid":{"rendered":"https:\/\/secureus.se\/ir-detektor-pdm-i12\/"},"modified":"2026-04-08T16:54:11","modified_gmt":"2026-04-08T14:54:11","slug":"ir-detektor-pdm-i12","status":"publish","type":"product","link":"https:\/\/secureus.se\/fi\/ir-detektor-pdm-i12\/","title":{"rendered":"IR-ilmaisin PDM-I12 \u2013 12 metrin laajakulma"},"content":{"rendered":"<h1>IR-ilmaisin PDM-I12 \u2013 12 metrin laajakulma<\/h1>\n<p data-start=\"327\" data-end=\"1252\">PDM-I12 IR-ilmaisin on moderni ja tyylikk\u00e4\u00e4sti suunniteltu liikeilmaisin, jonka 12 metrin laajakulma tekee siit\u00e4 t\u00e4ydellisen kaikenlaisiin asennuksiin.<\/p>\n<p data-start=\"327\" data-end=\"1252\">Patentoidun MAGIC-peilin ja edelleen kehitetyn Visatec-algoritmin ansiosta PDM-I12 tarjoaa luotettavan tunkeutujien tunnistuksen ja parhaan mahdollisen suojan aiheettomia h\u00e4lytyksi\u00e4 vastaan.<br data-start=\"677\" data-end=\"680\" \/>PDM-I12:n ainutlaatuinen ominaisuus on lemmikkien tunnistus, joka voidaan aktivoida PO-CL-lemmikkikiinnikkeell\u00e4. T\u00e4m\u00e4 mahdollistaa ilmaisimen k\u00e4yt\u00f6n lemmikkien l\u00e4sn\u00e4oloymp\u00e4rist\u00f6iss\u00e4 ilman v\u00e4\u00e4rien h\u00e4lytysten riski\u00e4.<br data-start=\"872\" data-end=\"875\" \/>Asennuksen helpottamiseksi PDM-I12:ssa on uusi k\u00e4velytesti ja EOL-j\u00e4rjestelm\u00e4, jotka tekev\u00e4t asennuksesta nopeaa ja helppoa.<\/p>\n<p data-start=\"327\" data-end=\"1252\">Sen maksimivirrankulutus on 4,7 mA (LED p\u00e4\u00e4ll\u00e4) ja j\u00e4nnitesy\u00f6tt\u00f6 9\u201316 VDC, mik\u00e4 tekee siit\u00e4 energiatehokkaan ja luotettavan.<\/p>\n<p data-start=\"327\" data-end=\"1252\">SBSC-sertifikaatin 13-331, luokan 1-2 mukainen sertifiointi takaa, ett\u00e4 PDM-I12 t\u00e4ytt\u00e4\u00e4 korkeimmat turvallisuusvaatimukset.<\/p>\n<p data-start=\"1254\" data-end=\"1284\"><strong data-start=\"1254\" data-end=\"1282\">Ominaisuudet ja edut:<\/strong><\/p>\n<ul data-start=\"1285\" data-end=\"1770\">\n<li data-start=\"1285\" data-end=\"1342\">\n<p data-start=\"1287\" data-end=\"1342\">12 metrin laajakulma tehokasta ja tarkkaa havaitsemista varten<\/p>\n<\/li>\n<li data-start=\"1343\" data-end=\"1429\">\n<p data-start=\"1345\" data-end=\"1429\">Lemmikkitunnistin (voidaan aktivoida PO-CL-lemmikkiklipsill\u00e4) v\u00e4\u00e4rien h\u00e4lytysten est\u00e4miseksi<\/p>\n<\/li>\n<li data-start=\"1430\" data-end=\"1503\">\n<p data-start=\"1432\" data-end=\"1503\">MAGIC-peilioptiikka ja Visatec-algoritmi takaavat korkean turvallisuuden ja tarkkuuden<\/p>\n<\/li>\n<li data-start=\"1504\" data-end=\"1575\">\n<p data-start=\"1506\" data-end=\"1575\">Alhainen virrankulutus (enint\u00e4\u00e4n 4,7 mA LED-valon ollessa p\u00e4\u00e4ll\u00e4) energiatehokkuuden parantamiseksi<\/p>\n<\/li>\n<li data-start=\"1576\" data-end=\"1641\">\n<p data-start=\"1578\" data-end=\"1641\">Uusi k\u00e4velytestausmenetelm\u00e4 ja EOL-j\u00e4rjestelm\u00e4 nopeaan asennukseen<\/p>\n<\/li>\n<li data-start=\"1642\" data-end=\"1710\">\n<p data-start=\"1644\" data-end=\"1710\">Sertifioitu SBSC-sertifikaatin 13-331 mukaisesti, luokka 1-2, korkea turvallisuustaso<\/p>\n<\/li>\n<li data-start=\"1711\" data-end=\"1770\">\n<p data-start=\"1713\" data-end=\"1770\">Kompakti ja tyylik\u00e4s muotoilu, joka sopii mihin tahansa asennukseen<\/p>\n<\/li>\n<\/ul>\n<p data-start=\"1772\" data-end=\"1803\"><strong data-start=\"1772\" data-end=\"1801\">Tekniset tiedot:<\/strong><\/p>\n<ul data-start=\"1804\" data-end=\"2101\">\n<li data-start=\"1804\" data-end=\"1836\">\n<p data-start=\"1806\" data-end=\"1836\">Peittoalue: 12 metri\u00e4 laajakulma<\/p>\n<\/li>\n<li data-start=\"1837\" data-end=\"1869\">\n<p data-start=\"1839\" data-end=\"1869\">Virtal\u00e4hde: 9\u201316 VDC<\/p>\n<\/li>\n<li data-start=\"1870\" data-end=\"1911\">\n<p data-start=\"1872\" data-end=\"1911\">Virrankulutus: enint. 4,7 mA (LED p\u00e4\u00e4ll\u00e4)<\/p>\n<\/li>\n<li data-start=\"1912\" data-end=\"1960\">\n<p data-start=\"1914\" data-end=\"1960\">Lemmikkiel\u00e4inten immuniteetti: Kyll\u00e4 (PO-CL-lemmikkipidikkeen kautta)<\/p>\n<\/li>\n<li data-start=\"1961\" data-end=\"2006\">\n<p data-start=\"1963\" data-end=\"2006\">Hyv\u00e4ksynt\u00e4: SBSC-sertifikaatti 13-331, luokka 1-2<\/p>\n<\/li>\n<li data-start=\"2007\" data-end=\"2048\">\n<p data-start=\"2009\" data-end=\"2048\">Mitat: PIR-ilmaisimien vakiomitat<\/p>\n<\/li>\n<li data-start=\"2049\" data-end=\"2101\">\n<p data-start=\"2051\" data-end=\"2101\">L\u00e4mp\u00f6tila-alue: PIR-ilmaisimien standardi<\/p>\n<\/li>\n<\/ul>","protected":false},"excerpt":{"rendered":"<p>MAGIC-liiketunnistin, jossa on 12 metrin laajakulma, Visatec-algoritmi ja lemmikkien tunnistus (PO-CL-lemmikkikiinnikkeen kautta).<\/p>\n<p>Luotettava tunnistus ja korkea turvallisuus alhaisella virrankulutuksella.<\/p>","protected":false},"featured_media":142492,"template":"","meta":{"_acf_changed":false},"product_brand":[],"product_cat":[1325],"product_tag":[2145,2465],"class_list":{"0":"post-94474","1":"product","2":"type-product","3":"status-publish","4":"has-post-thumbnail","6":"product_cat-larmgivare-skalskydd","7":"product_tag-rorelsedetektor-ir-detektorer","8":"product_tag-sbsc-larmklass2","9":"product_shipping_class-postnord-varubrev","10":"pa_brands-6vanderbilt","11":"tm-no-options","13":"first","14":"instock","15":"sale","16":"featured","17":"taxable","18":"shipping-taxable","19":"purchasable","20":"product-type-simple"},"acf":[],"_links":{"self":[{"href":"https:\/\/secureus.se\/fi\/wp-json\/wp\/v2\/product\/94474","targetHints":{"allow":["GET"]}}],"collection":[{"href":"https:\/\/secureus.se\/fi\/wp-json\/wp\/v2\/product"}],"about":[{"href":"https:\/\/secureus.se\/fi\/wp-json\/wp\/v2\/types\/product"}],"wp:featuredmedia":[{"embeddable":true,"href":"https:\/\/secureus.se\/fi\/wp-json\/wp\/v2\/media\/142492"}],"wp:attachment":[{"href":"https:\/\/secureus.se\/fi\/wp-json\/wp\/v2\/media?parent=94474"}],"wp:term":[{"taxonomy":"product_brand","embeddable":true,"href":"https:\/\/secureus.se\/fi\/wp-json\/wp\/v2\/product_brand?post=94474"},{"taxonomy":"product_cat","embeddable":true,"href":"https:\/\/secureus.se\/fi\/wp-json\/wp\/v2\/product_cat?post=94474"},{"taxonomy":"product_tag","embeddable":true,"href":"https:\/\/secureus.se\/fi\/wp-json\/wp\/v2\/product_tag?post=94474"}],"curies":[{"name":"wp","href":"https:\/\/api.w.org\/{rel}","templated":true}]}}