{"id":94475,"date":"2022-06-13T15:04:05","date_gmt":"2022-06-13T13:04:05","guid":{"rendered":"https:\/\/secureus.se\/kombi-bosch-blueline-husdj-isc-bdl2-wp12g\/"},"modified":"2026-04-09T10:16:57","modified_gmt":"2026-04-09T08:16:57","slug":"kombi-bosch-blueline-husdj-isc-bdl2-wp12g","status":"publish","type":"product","link":"https:\/\/secureus.se\/fi\/kombi-bosch-blueline-husdj-isc-bdl2-wp12g\/","title":{"rendered":"Bosch BLUELINE Combi Detector Lemmikit ISC-BDL2-WP12G"},"content":{"rendered":"<h1>Bosch BLUELINE Combi Detector Lemmikit ISC-BDL2-WP12G<\/h1>\n<p data-start=\"352\" data-end=\"1150\">Bosch BLUELINE ISC-BDL2-WP12G on edistynyt yhdistelm\u00e4ilmaisin, joka hy\u00f6dynt\u00e4\u00e4 infrapuna- ja mikroaaltotekniikkaa luotettavan ja tarkan tunnistuksen takaamiseksi.<\/p>\n<p data-start=\"352\" data-end=\"1150\">12 x 12 metrin peittoalueen ja valittavan lemmikkien tunnistustoiminnon ansiosta se sopii erinomaisesti sek\u00e4 kaupallisiin ett\u00e4 asuinymp\u00e4rist\u00f6ihin, my\u00f6s tiloihin, joissa on lemmikkej\u00e4.<br data-start=\"696\" data-end=\"699\" \/>Ilmaisin on varustettu ensimm\u00e4isen askeleen prosessoinnilla (FSP) ja dynaamisella l\u00e4mp\u00f6tilakompensoinnilla, joiden ansiosta se mukautuu muuttuviin ymp\u00e4rist\u00f6olosuhteisiin ja tarjoaa korkean luotettavuuden kaikissa l\u00e4mp\u00f6tiloissa.<\/p>\n<p data-start=\"352\" data-end=\"1150\">Joustava kiinnitys ilman korkeuss\u00e4\u00e4t\u00f6j\u00e4 ja kaksiosainen, itselukittuva kotelo tekev\u00e4t asennuksesta nopeaa ja helppoa.<br data-start=\"1029\" data-end=\"1032\" \/>ISC-BDL2-WP12G yhdist\u00e4\u00e4 parhaan teknologian varmistaakseen korkean turvallisuustason ja v\u00e4hent\u00e4\u00e4kseen v\u00e4\u00e4rien h\u00e4lytysten riski\u00e4.<\/p>\n<p data-start=\"1152\" data-end=\"1182\"><strong data-start=\"1152\" data-end=\"1180\">Ominaisuudet ja edut:<\/strong><\/p>\n<ul data-start=\"1183\" data-end=\"1650\">\n<li data-start=\"1183\" data-end=\"1235\">\n<p data-start=\"1185\" data-end=\"1235\">12 x 12 m peittoalue tehokasta havaitsemista varten<\/p>\n<\/li>\n<li data-start=\"1236\" data-end=\"1302\">\n<p data-start=\"1238\" data-end=\"1302\">Yhdist\u00e4 infrapuna ja mikroaalto parantaaksesi tarkkuutta ja luotettavuutta<\/p>\n<\/li>\n<li data-start=\"1303\" data-end=\"1374\">\n<p data-start=\"1305\" data-end=\"1374\">Valittavissa oleva lemmikkien immuniteetti jopa 45 kg:aan asti v\u00e4\u00e4rien h\u00e4lytysten est\u00e4miseksi<\/p>\n<\/li>\n<li data-start=\"1375\" data-end=\"1436\">\n<p data-start=\"1377\" data-end=\"1436\">Ensimm\u00e4isen vaiheen k\u00e4sittely (FSP) nopeaa ja tarkkaa tunnistusta varten<\/p>\n<\/li>\n<li data-start=\"1437\" data-end=\"1515\">\n<p data-start=\"1439\" data-end=\"1515\">Dynaaminen l\u00e4mp\u00f6tilakompensaatio takaa tasaisen suorituskyvyn kaikissa l\u00e4mp\u00f6tiloissa<\/p>\n<\/li>\n<li data-start=\"1516\" data-end=\"1579\">\n<p data-start=\"1518\" data-end=\"1579\">Helppo ja joustava asennus ilman korkeuss\u00e4\u00e4t\u00f6\u00e4<\/p>\n<\/li>\n<li data-start=\"1580\" data-end=\"1650\">\n<p data-start=\"1582\" data-end=\"1650\">Kaksiosainen itselukittuva kotelo helpottaa asennusta ja huoltoa<\/p>\n<\/li>\n<\/ul>\n<p data-start=\"1652\" data-end=\"1683\"><strong data-start=\"1652\" data-end=\"1681\">Tekniset tiedot:<\/strong><\/p>\n<ul data-start=\"1684\" data-end=\"2050\">\n<li data-start=\"1684\" data-end=\"1707\">\n<p data-start=\"1686\" data-end=\"1707\">Peittoalue: 12 x 12 m<\/p>\n<\/li>\n<li data-start=\"1708\" data-end=\"1745\">\n<p data-start=\"1710\" data-end=\"1745\">Teknologia: Yhdistetty infrapuna\/mikroaaltouuni<\/p>\n<\/li>\n<li data-start=\"1746\" data-end=\"1790\">\n<p data-start=\"1748\" data-end=\"1790\">Lemmikkiel\u00e4inten immuniteetti: Valittavissa jopa 45 kg:aan asti<\/p>\n<\/li>\n<li data-start=\"1791\" data-end=\"1822\">\n<p data-start=\"1793\" data-end=\"1822\">First Step Processing (FSP)<\/p>\n<\/li>\n<li data-start=\"1823\" data-end=\"1858\">\n<p data-start=\"1825\" data-end=\"1858\">Dynaaminen l\u00e4mp\u00f6tilan kompensointi<\/p>\n<\/li>\n<li data-start=\"1859\" data-end=\"1911\">\n<p data-start=\"1861\" data-end=\"1911\">Asennusvaihtoehto: Joustava ilman korkeuss\u00e4\u00e4t\u00f6\u00e4<\/p>\n<\/li>\n<li data-start=\"1912\" data-end=\"1948\">\n<p data-start=\"1914\" data-end=\"1948\">Kotelo: Kaksiosainen, itselukittuva<\/p>\n<\/li>\n<li data-start=\"1949\" data-end=\"2000\">\n<p data-start=\"1951\" data-end=\"2000\">Virtal\u00e4hde: Vakio Boschin ilmaisimille<\/p>\n<\/li>\n<li data-start=\"2001\" data-end=\"2050\">\n<p data-start=\"2003\" data-end=\"2050\">Mitat: PIR-\/mikroaaltoilmaisimien vakiomitat<\/p>\n<\/li>\n<\/ul>","protected":false},"excerpt":{"rendered":"<p>Yhdistelm\u00e4ilmaisin (IR\/mikroaaltouuni), jonka peittoalue on 12 x 12 m ja lemmikkiel\u00e4inten tunnistustoiminto valittavissa jopa 45 kg:aan asti.<\/p>\n<p>Ensimm\u00e4isen vaiheen k\u00e4sittely ja dynaaminen l\u00e4mp\u00f6tilakompensaatio.<\/p>","protected":false},"featured_media":144201,"template":"","meta":{"_acf_changed":false},"product_brand":[],"product_cat":[1325],"product_tag":[2146,2418,2465],"class_list":{"0":"post-94475","1":"product","2":"type-product","3":"status-publish","4":"has-post-thumbnail","6":"product_cat-larmgivare-skalskydd","7":"product_tag-rorelsedetektor-kombidetektorer","8":"product_tag-rel-larmgivare","9":"product_tag-sbsc-larmklass2","10":"product_shipping_class-postnord-varubrev","11":"pa_brands-bosch","12":"tm-no-options","14":"first","15":"instock","16":"sale","17":"featured","18":"taxable","19":"shipping-taxable","20":"purchasable","21":"product-type-simple"},"acf":[],"_links":{"self":[{"href":"https:\/\/secureus.se\/fi\/wp-json\/wp\/v2\/product\/94475","targetHints":{"allow":["GET"]}}],"collection":[{"href":"https:\/\/secureus.se\/fi\/wp-json\/wp\/v2\/product"}],"about":[{"href":"https:\/\/secureus.se\/fi\/wp-json\/wp\/v2\/types\/product"}],"wp:featuredmedia":[{"embeddable":true,"href":"https:\/\/secureus.se\/fi\/wp-json\/wp\/v2\/media\/144201"}],"wp:attachment":[{"href":"https:\/\/secureus.se\/fi\/wp-json\/wp\/v2\/media?parent=94475"}],"wp:term":[{"taxonomy":"product_brand","embeddable":true,"href":"https:\/\/secureus.se\/fi\/wp-json\/wp\/v2\/product_brand?post=94475"},{"taxonomy":"product_cat","embeddable":true,"href":"https:\/\/secureus.se\/fi\/wp-json\/wp\/v2\/product_cat?post=94475"},{"taxonomy":"product_tag","embeddable":true,"href":"https:\/\/secureus.se\/fi\/wp-json\/wp\/v2\/product_tag?post=94475"}],"curies":[{"name":"wp","href":"https:\/\/api.w.org\/{rel}","templated":true}]}}