{"id":94477,"date":"2022-03-10T15:47:00","date_gmt":"2022-03-10T14:47:00","guid":{"rendered":"https:\/\/secureus.se\/optex-ir-detektor-sx-360z-takhojd-24-55-m-diameter18-m-sbsc-klass-2\/"},"modified":"2026-04-01T13:32:21","modified_gmt":"2026-04-01T11:32:21","slug":"optex-ir-detektor-sx-360z-takhojd-24-55-m-diameter18-m-sbsc-klass-2","status":"publish","type":"product","link":"https:\/\/secureus.se\/fi\/optex-ir-detektor-sx-360z-takhojd-24-55-m-diameter18-m-sbsc-klass-2\/","title":{"rendered":"Optex SX-360Z \u2013 Katon korkeus: 2,4-5,5 m. \u2013 Halkaisija 18 m"},"content":{"rendered":"<h1><strong>Optex SX-360Z<\/strong> on edistynyt kattoon asennettava infrapunatunnistin, joka tarjoaa korkean turvallisuuden ja luotettavuuden.<\/h1>\n<p>Patentoidulla monitarkennuksella varustettu objektiivi ja mahdollisuus s\u00e4\u00e4t\u00e4\u00e4 peittoaluetta asennuskorkeuden mukaan, t\u00e4m\u00e4 laite on erinomainen valinta sek\u00e4 asuin- ett\u00e4 kaupallisiin ymp\u00e4rist\u00f6ihin.<\/p>\n<p>Se on sertifioitu SBSC-h\u00e4lytysluokan 1\/2 mukaan ja soveltuu k\u00e4ytett\u00e4v\u00e4ksi erilaisissa ymp\u00e4rist\u00f6iss\u00e4.<\/p>\n<h4>Ominaisuudet ja edut<\/h4>\n<ul>\n<li><strong>Patentoitu monitarkennusobjektiivi<\/strong>: Ainutlaatuinen linssi s\u00e4\u00e4t\u00e4\u00e4 peittoalueen automaattisesti varmistaakseen optimaalisen peiton korkeudesta riippumatta.<\/li>\n<li><strong>S\u00e4\u00e4dett\u00e4v\u00e4 zoom-toiminto<\/strong>: Mukauta tunnistuskuvio erityistarpeiden mukaan 2,4 metrist\u00e4 5,5 metriin asennuskorkeudella.<\/li>\n<li><strong>Korkea h\u00e4iri\u00f6nkest\u00e4vyys<\/strong>: Laitteessa on parannettu suojaus transientteja, staattista s\u00e4hk\u00f6\u00e4, radioh\u00e4iri\u00f6it\u00e4 ja valkoista valoa vastaan.<\/li>\n<li><strong>L\u00e4mp\u00f6tilan kompensointi<\/strong>: Parempi suorituskyky vaihtelevissa l\u00e4mp\u00f6tiloissa, mik\u00e4 varmistaa luotettavan toiminnan erilaisissa ymp\u00e4rist\u00f6olosuhteissa.<\/li>\n<li><strong>Pulssiluku<\/strong>: Toiminto, joka v\u00e4hent\u00e4\u00e4 v\u00e4\u00e4rien h\u00e4lytysten riski\u00e4 ja tarjoaa tarkemman havaitsemisen.<\/li>\n<li><strong>Valvonta-alue<\/strong>: Halkaisijaltaan jopa 18 metrin kattavuus t\u00e4ydell\u00e4 360\u00b0 havainnolla.<\/li>\n<\/ul>\n<h4>K\u00e4ytt\u00f6alueet<\/h4>\n<p><strong>Optex SX-360Z<\/strong> on monipuolinen ratkaisu turvallisuustarpeisiin niin yksityisiss\u00e4 kuin kaupallisissa ymp\u00e4rist\u00f6iss\u00e4:<\/p>\n<ul>\n<li><strong>Asunnot<\/strong>: Suojaa kotia valvomalla suuria tiloja, kuten olohuoneita tai eteisi\u00e4.<\/li>\n<li><strong>Toimistot ja kaupat<\/strong>: T\u00e4ydellinen avointen toimistotilojen tai liiketilojen valvontaan.<\/li>\n<li><strong>Varastot ja teollisuudenalat<\/strong>: Varmista suojaus suuremmissa tiloissa, joissa on korkeat katot ja laajat valvontavaatimukset.<\/li>\n<li><strong>Ty\u00f6pajat ja muut liiketilat<\/strong>: Mukauta tunnistusalue vastaamaan tiettyj\u00e4 liiketoiminnan tarpeita.<\/li>\n<\/ul>\n<h4>Tekniset tiedot<\/h4>\n<ul>\n<li><strong>Asennuskorkeus<\/strong>: 2,4\u20135,5 m<\/li>\n<li><strong>Valvonta-alue<\/strong>: 18 mi halkaisija (360\u00b0 tunnistus)<\/li>\n<li><strong>H\u00e4lytysten luokitus<\/strong>: SBSC-h\u00e4lytysluokka 1\/2<\/li>\n<li><strong>Suojaus h\u00e4iri\u00f6it\u00e4 vastaan<\/strong>: Transientit, staattinen s\u00e4hk\u00f6, radioh\u00e4iri\u00f6t ja valkoinen valo<\/li>\n<li><strong>L\u00e4mp\u00f6tila-alue<\/strong>: -20 \u00b0C - +50 \u00b0C<\/li>\n<li><strong>Mitat<\/strong>: Kompakti ja kevyt rakenne, ihanteellinen kattoasennukseen<\/li>\n<li><strong>Virtal\u00e4hde<\/strong>: Yhteensopiva yleisten turvaj\u00e4rjestelmien kanssa<\/li>\n<\/ul>\n<h4>SX-360Z:n edut<\/h4>\n<p>SX-360Z:n edistynyt muotoilu ja toiminnallisuus tekev\u00e4t siit\u00e4 luotettavan kumppanin turvaj\u00e4rjestelmille. Patentoitu monitarkennusj\u00e4rjestelm\u00e4 ja joustava zoom-toiminto tarjoavat vertaansa vailla olevan mukautuvuuden erilaisiin asennusymp\u00e4rist\u00f6ihin.<\/p>\n<p>Lis\u00e4ksi suojaus v\u00e4\u00e4ri\u00e4 h\u00e4lytyksi\u00e4 ja h\u00e4iri\u00f6it\u00e4 vastaan takaa sujuvan ja huolettoman toiminnan.<\/p>\n<h4>Helppo asennus ja huolto<\/h4>\n<p>Yksikk\u00f6 on helppo asentaa 2,4-5,5 metrin korkeuteen. Sen vankka rakenne ja intuitiiviset s\u00e4\u00e4t\u00f6ominaisuudet tekev\u00e4t asennuksesta nopeaa ja k\u00e4tev\u00e4\u00e4, mik\u00e4 s\u00e4\u00e4st\u00e4\u00e4 aikaa ja alentaa kustannuksia.<\/p>\n<p>&nbsp;<\/p>\n<p>&nbsp;<\/p>","protected":false},"excerpt":{"rendered":"<p>Optex SX-360Z IR-ilmaisin kattoon asennettavaksi, patentoidulla monitarkennusobjektiivilla ja SBSC-hyv\u00e4ksynn\u00e4ll\u00e4 h\u00e4lytysluokkaan 1\/2.<\/p>\n<p>Valvonta jopa 18 mailia halkaisijaltaan.<\/p>","protected":false},"featured_media":145173,"template":"","meta":{"_acf_changed":false},"product_brand":[],"product_cat":[1325],"product_tag":[2145,2465],"class_list":{"0":"post-94477","1":"product","2":"type-product","3":"status-publish","4":"has-post-thumbnail","6":"product_cat-larmgivare-skalskydd","7":"product_tag-rorelsedetektor-ir-detektorer","8":"product_tag-sbsc-larmklass2","9":"product_shipping_class-postnord-varubrev","10":"pa_brands-optex","11":"tm-no-options","13":"first","14":"instock","15":"sale","16":"featured","17":"taxable","18":"shipping-taxable","19":"purchasable","20":"product-type-simple"},"acf":[],"_links":{"self":[{"href":"https:\/\/secureus.se\/fi\/wp-json\/wp\/v2\/product\/94477","targetHints":{"allow":["GET"]}}],"collection":[{"href":"https:\/\/secureus.se\/fi\/wp-json\/wp\/v2\/product"}],"about":[{"href":"https:\/\/secureus.se\/fi\/wp-json\/wp\/v2\/types\/product"}],"wp:featuredmedia":[{"embeddable":true,"href":"https:\/\/secureus.se\/fi\/wp-json\/wp\/v2\/media\/145173"}],"wp:attachment":[{"href":"https:\/\/secureus.se\/fi\/wp-json\/wp\/v2\/media?parent=94477"}],"wp:term":[{"taxonomy":"product_brand","embeddable":true,"href":"https:\/\/secureus.se\/fi\/wp-json\/wp\/v2\/product_brand?post=94477"},{"taxonomy":"product_cat","embeddable":true,"href":"https:\/\/secureus.se\/fi\/wp-json\/wp\/v2\/product_cat?post=94477"},{"taxonomy":"product_tag","embeddable":true,"href":"https:\/\/secureus.se\/fi\/wp-json\/wp\/v2\/product_tag?post=94477"}],"curies":[{"name":"wp","href":"https:\/\/api.w.org\/{rel}","templated":true}]}}