{"id":94480,"date":"2022-03-10T15:47:00","date_gmt":"2022-03-10T14:47:00","guid":{"rendered":"https:\/\/secureus.se\/optex-ir-detektor-mw-fmx-dst-kombi-15x15-meter-husdjur-sbsc-klass-2\/"},"modified":"2026-02-20T11:29:44","modified_gmt":"2026-02-20T10:29:44","slug":"optex-ir-detektor-mw-fmx-dst-kombi-15x15-meter-husdjur-sbsc-klass-2","status":"publish","type":"product","link":"https:\/\/secureus.se\/fi\/optex-ir-detektor-mw-fmx-dst-kombi-15x15-meter-husdjur-sbsc-klass-2\/","title":{"rendered":"Optex FMX-DST \u2013 IR-ilmaisin \u2013 15\u00d715 metri\u00e4 Lemmikit"},"content":{"rendered":"<h1 data-start=\"511\" data-end=\"598\">Optex FMX-DST \u2013 Sis\u00e4tilojen liiketunnistin, jolla on suuri tarkkuus ja alhainen v\u00e4\u00e4rien h\u00e4lytysten m\u00e4\u00e4r\u00e4<\/h1>\n<p class=\"\" data-start=\"600\" data-end=\"888\"><strong data-start=\"600\" data-end=\"617\">Optex FMX-DST<\/strong> on korkean suorituskyvyn passiivinen infrapunaliiketunnistin (PIR), joka on suunniteltu sis\u00e4k\u00e4ytt\u00f6\u00f6n esimerkiksi huviloissa, toimistoissa ja kevyiss\u00e4 kaupallisissa ymp\u00e4rist\u00f6iss\u00e4. Ilmaisin tarjoaa <strong data-start=\"783\" data-end=\"813\">15\u00d715 metri\u00e4 leve\u00e4 peitto<\/strong> 85\u00b0 kulmassa, optimoitu asennettavaksi 2,2-3,0 metrin korkeuteen.<\/p>\n<p class=\"\" data-start=\"890\" data-end=\"1175\">Kiitos \u00e4lykk\u00e4ille <strong data-start=\"917\" data-end=\"945\">Digital Quad Zone Logic\u2122<\/strong> liikkeet analysoidaan eritt\u00e4in tarkasti. Yli nelj\u00e4\u00e4 p\u00e4\u00e4llekk\u00e4ist\u00e4 vy\u00f6hykett\u00e4 k\u00e4ytet\u00e4\u00e4n kussakin kohdassa m\u00e4\u00e4ritt\u00e4m\u00e4\u00e4n, pit\u00e4isik\u00f6 h\u00e4lytys laukaista, mik\u00e4 v\u00e4hent\u00e4\u00e4 tehokkaasti v\u00e4\u00e4rien h\u00e4lytysten riski\u00e4 \u2013 jopa pienempien el\u00e4inten, kuten kotikissojen, l\u00e4sn\u00e4 ollessa.<\/p>\n<p class=\"\" data-start=\"1177\" data-end=\"1341\">FMX-DST on my\u00f6s varustettu <strong data-start=\"1210\" data-end=\"1241\">Kaksoisjohtava suojaus<\/strong>, mink\u00e4 ansiosta se toimii vakaasti my\u00f6s ymp\u00e4rist\u00f6iss\u00e4, joissa on voimakasta auringonvaloa tai s\u00e4hk\u00f6isi\u00e4 h\u00e4iri\u00f6it\u00e4.<\/p>\n<hr class=\"\" data-start=\"1343\" data-end=\"1346\" \/>\n<h3 class=\"\" data-start=\"1348\" data-end=\"1363\">Edut:<\/h3>\n<ul data-start=\"1364\" data-end=\"1749\">\n<li class=\"\" data-start=\"1364\" data-end=\"1431\">\n<p class=\"\" data-start=\"1366\" data-end=\"1431\"><strong data-start=\"1366\" data-end=\"1379\">El\u00e4inkest\u00e4v\u00e4<\/strong> \u2013 tunnistaa eron ihmisten ja pienten el\u00e4inten v\u00e4lill\u00e4<\/p>\n<\/li>\n<li class=\"\" data-start=\"1432\" data-end=\"1493\">\n<p class=\"\" data-start=\"1434\" data-end=\"1493\"><strong data-start=\"1434\" data-end=\"1452\">Korkea herkkyys<\/strong> \u2013 s\u00e4\u00e4dett\u00e4viss\u00e4 kolmella tasolla (matala\/keski\/korkea)<\/p>\n<\/li>\n<li class=\"\" data-start=\"1494\" data-end=\"1552\">\n<p class=\"\" data-start=\"1496\" data-end=\"1552\"><strong data-start=\"1496\" data-end=\"1515\">Vahva aurinkosuoja<\/strong> \u2013 sis\u00e4\u00e4nrakennetun kaksoisjohtavan suodattimen l\u00e4pi<\/p>\n<\/li>\n<li class=\"\" data-start=\"1553\" data-end=\"1625\">\n<p class=\"\" data-start=\"1555\" data-end=\"1625\"><strong data-start=\"1555\" data-end=\"1575\">Edistynyt analyysi<\/strong> \u2013 v\u00e4hent\u00e4\u00e4 v\u00e4\u00e4ri\u00e4 h\u00e4lytyksi\u00e4 Digital Quad Zone Logicin kautta<\/p>\n<\/li>\n<li class=\"\" data-start=\"1626\" data-end=\"1681\">\n<p class=\"\" data-start=\"1628\" data-end=\"1681\"><strong data-start=\"1628\" data-end=\"1653\">Alhainen energiankulutus<\/strong> \u2013 vain 8-11 mA 12 VDC:ll\u00e4<\/p>\n<\/li>\n<li class=\"\" data-start=\"1682\" data-end=\"1749\">\n<p class=\"\" data-start=\"1684\" data-end=\"1749\"><strong data-start=\"1684\" data-end=\"1706\">Nopea asennus<\/strong> \u2013 Plug-in End of Line Unit (PEU) -tuki<\/p>\n<\/li>\n<\/ul>\n<hr class=\"\" data-start=\"1751\" data-end=\"1754\" \/>\n<h3 class=\"\" data-start=\"1756\" data-end=\"1785\">Tekniset tiedot:<\/h3>\n<ul data-start=\"1786\" data-end=\"2109\">\n<li class=\"\" data-start=\"1786\" data-end=\"1821\">\n<p class=\"\" data-start=\"1788\" data-end=\"1821\"><strong data-start=\"1788\" data-end=\"1798\">Tekniikka<\/strong>: Passiivinen infrapuna (PIR)<\/p>\n<\/li>\n<li class=\"\" data-start=\"1822\" data-end=\"1855\">\n<p class=\"\" data-start=\"1824\" data-end=\"1855\"><strong data-start=\"1824\" data-end=\"1836\">Kattavuus<\/strong>: 15 m x 15 m (85\u00b0)<\/p>\n<\/li>\n<li class=\"\" data-start=\"1856\" data-end=\"1871\">\n<p class=\"\" data-start=\"1858\" data-end=\"1871\"><strong data-start=\"1858\" data-end=\"1867\">Alueet<\/strong>: 78<\/p>\n<\/li>\n<li class=\"\" data-start=\"1872\" data-end=\"1905\">\n<p class=\"\" data-start=\"1874\" data-end=\"1905\"><strong data-start=\"1874\" data-end=\"1892\">Asennuskorkeus<\/strong>: 2,2 - 3,0 m<\/p>\n<\/li>\n<li class=\"\" data-start=\"1906\" data-end=\"1956\">\n<p class=\"\" data-start=\"1908\" data-end=\"1956\"><strong data-start=\"1908\" data-end=\"1928\">Virrankulutus<\/strong>: 8mA (normaali), 11mA (maksimi)<\/p>\n<\/li>\n<li class=\"\" data-start=\"1957\" data-end=\"1996\">\n<p class=\"\" data-start=\"1959\" data-end=\"1996\"><strong data-start=\"1959\" data-end=\"1978\">L\u00e4mp\u00f6tila-alue<\/strong>: -20\u00b0C - +50\u00b0C<\/p>\n<\/li>\n<li class=\"\" data-start=\"1997\" data-end=\"2031\">\n<p class=\"\" data-start=\"1999\" data-end=\"2031\"><strong data-start=\"1999\" data-end=\"2007\">Mitata<\/strong>: 111,7 x 61,4 x 50,0 mm<\/p>\n<\/li>\n<li class=\"\" data-start=\"2032\" data-end=\"2052\">\n<p class=\"\" data-start=\"2034\" data-end=\"2052\"><strong data-start=\"2034\" data-end=\"2042\">Paino<\/strong>: noin 100 g<\/p>\n<\/li>\n<li class=\"\" data-start=\"2053\" data-end=\"2109\">\n<p class=\"\" data-start=\"2055\" data-end=\"2109\"><strong data-start=\"2055\" data-end=\"2073\">Ymp\u00e4rist\u00f6n kosteus<\/strong>: jopa 95 % (ei kondensoituva)<\/p>\n<\/li>\n<\/ul>\n<hr class=\"\" data-start=\"2111\" data-end=\"2114\" \/>\n<h3 class=\"\" data-start=\"2116\" data-end=\"2140\">Sopii t\u00e4ydellisesti seuraaviin:<\/h3>\n<ul data-start=\"2141\" data-end=\"2215\">\n<li class=\"\" data-start=\"2141\" data-end=\"2169\">\n<p class=\"\" data-start=\"2143\" data-end=\"2169\">Olohuone, makuuhuone, toimisto<\/p>\n<\/li>\n<li class=\"\" data-start=\"2170\" data-end=\"2189\">\n<p class=\"\" data-start=\"2172\" data-end=\"2189\">Huviloita ja rivitaloja<\/p>\n<\/li>\n<li class=\"\" data-start=\"2190\" data-end=\"2215\">\n<p class=\"\" data-start=\"2192\" data-end=\"2215\">Kevyemm\u00e4t yritysymp\u00e4rist\u00f6t<\/p>\n<\/li>\n<\/ul>\n<hr class=\"\" data-start=\"2217\" data-end=\"2220\" \/>\n<p class=\"\" data-start=\"2222\" data-end=\"2382\">Luo turvaj\u00e4rjestelm\u00e4llesi turvallinen ja vakaa perusta <strong data-start=\"2276\" data-end=\"2293\">Optex FMX-DST<\/strong> \u2013 ammattimainen liiketunnistin, jossa yhdistyy korkea teknologia ja luotettava toiminta.<\/p>","protected":false},"excerpt":{"rendered":"<p><strong data-start=\"207\" data-end=\"224\">Optex FMX-DST<\/strong> on edistyksellinen sis\u00e4tilojen liiketunnistin PIR-tekniikalla, joka sopii t\u00e4ydellisesti huviloihin ja pienempiin tiloihin. 15 \u00d7 15 metrin peittoalue, digitaalinen vy\u00f6hykelogiikka ja el\u00e4insuojattu muotoilu minimoivat v\u00e4\u00e4ri\u00e4 h\u00e4lytyksi\u00e4 tehokkaasti \u2013 jopa auringonpaisteessa.<\/p>","protected":false},"featured_media":145333,"template":"","meta":{"_acf_changed":false},"product_brand":[],"product_cat":[1325],"product_tag":[2146,2418,2465],"class_list":{"0":"post-94480","1":"product","2":"type-product","3":"status-publish","4":"has-post-thumbnail","6":"product_cat-larmgivare-skalskydd","7":"product_tag-rorelsedetektor-kombidetektorer","8":"product_tag-rel-larmgivare","9":"product_tag-sbsc-larmklass2","10":"product_shipping_class-postnord-varubrev","11":"pa_brands-optex","12":"tm-no-options","14":"first","15":"onbackorder","16":"sale","17":"featured","18":"taxable","19":"shipping-taxable","20":"purchasable","21":"product-type-simple"},"acf":[],"_links":{"self":[{"href":"https:\/\/secureus.se\/fi\/wp-json\/wp\/v2\/product\/94480","targetHints":{"allow":["GET"]}}],"collection":[{"href":"https:\/\/secureus.se\/fi\/wp-json\/wp\/v2\/product"}],"about":[{"href":"https:\/\/secureus.se\/fi\/wp-json\/wp\/v2\/types\/product"}],"wp:featuredmedia":[{"embeddable":true,"href":"https:\/\/secureus.se\/fi\/wp-json\/wp\/v2\/media\/145333"}],"wp:attachment":[{"href":"https:\/\/secureus.se\/fi\/wp-json\/wp\/v2\/media?parent=94480"}],"wp:term":[{"taxonomy":"product_brand","embeddable":true,"href":"https:\/\/secureus.se\/fi\/wp-json\/wp\/v2\/product_brand?post=94480"},{"taxonomy":"product_cat","embeddable":true,"href":"https:\/\/secureus.se\/fi\/wp-json\/wp\/v2\/product_cat?post=94480"},{"taxonomy":"product_tag","embeddable":true,"href":"https:\/\/secureus.se\/fi\/wp-json\/wp\/v2\/product_tag?post=94480"}],"curies":[{"name":"wp","href":"https:\/\/api.w.org\/{rel}","templated":true}]}}