{"id":94862,"date":"2024-07-04T10:34:25","date_gmt":"2024-07-04T08:34:25","guid":{"rendered":"https:\/\/secureus.se\/ajax-turretcam-5mp-28mm-vit\/"},"modified":"2026-03-30T12:32:14","modified_gmt":"2026-03-30T10:32:14","slug":"ajax-turretcam-5mp-2-8mm-lins-vit","status":"publish","type":"product","link":"https:\/\/secureus.se\/fi\/ajax-turretcam-5mp-2-8mm-lins-vit\/","title":{"rendered":"Ajax TurretCam 5MP \u2013 2,8mm linssi, valkoinen"},"content":{"rendered":"<h3>Ajax TurretCam 5MP on tehokas ja luotettava turvakamera, joka tarjoaa kristallinkirkkaat kuvat ja joustavan tallennustilan sek\u00e4 pienille ett\u00e4 suurille turvaj\u00e4rjestelmille.<\/h3>\n<p>Vaikuttavalla 5 megapikselin resoluutiolla (2880 x 1620) t\u00e4m\u00e4 kamera vangitsee tarkkailtujen alueiden kaikki yksityiskohdat.<\/p>\n<p>Olipa kyseess\u00e4 sis\u00e4- tai ulkovalvonta, Ajax TurretCam 5MP tarjoaa luotettavan suorituskyvyn ja edistyneen teknologian, jotta mik\u00e4\u00e4n yksityiskohta j\u00e4\u00e4 huomiotta.<\/p>\n<p>Kamerassa on 2,8 mm:n objektiivi ja sen katselukulma on 100\u00b0-110\u00b0, joten se on ihanteellinen suurten alueiden, kuten sis\u00e4\u00e4nk\u00e4yntien, parkkipaikkojen ja puutarhojen, kattamiseen.<\/p>\n<p>Edistyksellinen teko\u00e4lypohjainen objektintunnistus mahdollistaa sen, ett\u00e4 kamera tunnistaa ja erottaa ihmiset, ajoneuvot ja lemmikkiel\u00e4imet, mik\u00e4 v\u00e4hent\u00e4\u00e4 huomattavasti v\u00e4\u00e4rien h\u00e4lytysten m\u00e4\u00e4r\u00e4\u00e4. T\u00e4m\u00e4 s\u00e4\u00e4st\u00e4\u00e4 my\u00f6s tallennustilaa ja tarkoittaa, ett\u00e4 kamera tallentaa vain asiaankuuluvat tapahtumat.<\/p>\n<p>Toinen Ajax TurretCam 5MP:n vaikuttava ominaisuus on True WDR -tekniikka, jonka avulla kamera pystyy k\u00e4sittelem\u00e4\u00e4n \u00e4\u00e4rimm\u00e4isi\u00e4 valaistusolosuhteita, kuten taustavaloa ja varjoja.<\/p>\n<p>Se varmistaa, ett\u00e4 saat selkeit\u00e4 ja yksityiskohtaisia kuvia, vaikka valo vaihtelee suuresti, mik\u00e4 voi olla haaste monille valvontakameroille.<\/p>\n<p>Asennuksen ja virransy\u00f6t\u00f6n helpottamiseksi Ajax TurretCam 5MP tukee PoE:t\u00e4 (Power over Ethernet), mik\u00e4 tarkoittaa, ett\u00e4 sek\u00e4 verkkoyhteys ett\u00e4 virransy\u00f6tt\u00f6 tapahtuvat yhden Ethernet-kaapelin kautta.<\/p>\n<p>T\u00e4m\u00e4 yksinkertaistaa huomattavasti asennusta ja v\u00e4hent\u00e4\u00e4 ylim\u00e4\u00e4r\u00e4isten kaapelien tarvetta. Niille, jotka haluavat erillisen virtal\u00e4hteen, kamera voidaan liitt\u00e4\u00e4 my\u00f6s tavallisella 12 VDC virtal\u00e4hteell\u00e4.<\/p>\n<p>Ajax TurretCam 5MP tarjoaa my\u00f6s joustavia tallennusvaihtoehtoja. Voit tallentaa videomateriaalia paikallisesti microSD-kortille (jopa 256 Gt) tai liitt\u00e4\u00e4 kameran Ajax NVR -j\u00e4rjestelm\u00e4\u00e4n useiden kameroiden keskitetty\u00e4 tallennusta ja hallintaa varten. Turvallisuuden lis\u00e4\u00e4miseksi videovirrat on salattu mTLS:ll\u00e4 (muual Transport Layer Security), joka suojaa tallenteitasi luvattomalta k\u00e4yt\u00f6lt\u00e4.<\/p>\n<p>Kamerassa on my\u00f6s sis\u00e4\u00e4nrakennettu IR-valaistus, joka ulottuu jopa 35 metriin, mik\u00e4 varmistaa, ett\u00e4 saat selke\u00e4t kuvat jopa t\u00e4ydellisess\u00e4 pime\u00e4ss\u00e4.<\/p>\n<p>Sill\u00e4 on my\u00f6s laaja l\u00e4mp\u00f6tila-alue -25\u00b0C - +40\u00b0C ja IP65-luokitus, mik\u00e4 mahdollistaa sen k\u00e4yt\u00f6n sek\u00e4 kylm\u00e4ss\u00e4 ett\u00e4 kuumassa ilmastossa sek\u00e4 kest\u00e4\u00e4 ankaria s\u00e4\u00e4olosuhteita.<\/p>\n<p>Asennuksia ja m\u00e4\u00e4rityksi\u00e4 varten voit k\u00e4ytt\u00e4\u00e4 Ajax-sovellusta lis\u00e4t\u00e4ksesi kameran nopeasti j\u00e4rjestelm\u00e4\u00e4si skannaamalla QR-koodin.<\/p>\n<p>Sovelluksen avulla on helppo hallita tallenteita ja mukauttaa liiketunnistusvy\u00f6hykkeit\u00e4 v\u00e4\u00e4rien h\u00e4lytysten v\u00e4ltt\u00e4miseksi.<\/p>\n<p><strong>Tekniset tiedot<\/strong>:<\/p>\n<ul>\n<li><strong>Resoluutio<\/strong>: 5 MP (2880 x 1620 @ 25 fps)<\/li>\n<li><strong>Linssi<\/strong>: 2,8 mm 100\u00b0\u2013110\u00b0 katselukulmalla<\/li>\n<li><strong>Varastointi<\/strong>: microSD-kortti (jopa 256 Gt) tai NVR-liit\u00e4nt\u00e4<\/li>\n<li><strong>Verkkoyhteys<\/strong>: Ethernet, jossa on tuki PoE:lle (802.3at)<\/li>\n<li><strong>Maali<\/strong>: Valkoinen<\/li>\n<li><strong>Mitat<\/strong>: 103 \u00d7 98 \u00d7 98 mm<\/li>\n<li><strong>Paino<\/strong>: 475 g<\/li>\n<li><strong>Virtal\u00e4hde<\/strong>: 12V tai PoE<\/li>\n<li><strong>S\u00e4\u00e4nkest\u00e4vyys<\/strong>: IP65, kest\u00e4\u00e4 l\u00e4mp\u00f6tiloja -25\u00b0C - +40\u00b0C<\/li>\n<\/ul>\n<p><strong>Paketti sis\u00e4lt\u00e4\u00e4<\/strong>:<\/p>\n<ul>\n<li>Ajax TurretCam 5MP<\/li>\n<li>Asennusmalli<\/li>\n<li>Asennussarja<\/li>\n<li>Pika-aloitusopas<\/li>\n<\/ul>\n<p><strong>Johtop\u00e4\u00e4t\u00f6s<\/strong>: Ajax TurretCam 5MP tarjoaa uusimman teknologian luotettavaan ja joustavaan valvontaan. Ter\u00e4v\u00e4piirtokuvanlaadun, edistyneen AI:n ja vankan suunnittelun ansiosta t\u00e4m\u00e4 kamera on ihanteellinen ratkaisu sek\u00e4 yksityisille ett\u00e4 yrityksille.<\/p>\n<p>Helppo asennus ja turvallinen s\u00e4ilytys tekev\u00e4t siit\u00e4 erinomaisen valinnan kotisi tai yrityksesi suojaamiseen 24\/7.<\/p>","protected":false},"excerpt":{"rendered":"<p>Ajax TurretCam 5MP on langallinen turvakamera, joka tarjoaa 5 megapikselin resoluution, teko\u00e4lypohjaisen objektintunnistuksen ja PoE-tuen.<\/p>\n<p>Kamera tarjoaa ter\u00e4vi\u00e4 ja yksityiskohtaisia kuvia katselukulmalla 100\u00b0\u2013110\u00b0.<\/p>\n<p>Se on s\u00e4\u00e4nkest\u00e4v\u00e4 ja sopii sek\u00e4 sis\u00e4- ett\u00e4 ulkok\u00e4ytt\u00f6\u00f6n.<\/p>","protected":false},"featured_media":151975,"template":"","meta":{"_acf_changed":false},"product_brand":[],"product_cat":[4011],"product_tag":[4863],"class_list":{"0":"post-94862","1":"product","2":"type-product","3":"status-publish","4":"has-post-thumbnail","6":"product_cat-ajax-kameror","7":"product_tag-pf","8":"product_shipping_class-tunga-paket","9":"pa_brands-ajax-systems","10":"pa_farg-vit","11":"tm-no-options","13":"first","14":"instock","15":"sale","16":"taxable","17":"shipping-taxable","18":"purchasable","19":"product-type-simple"},"acf":[],"_links":{"self":[{"href":"https:\/\/secureus.se\/fi\/wp-json\/wp\/v2\/product\/94862","targetHints":{"allow":["GET"]}}],"collection":[{"href":"https:\/\/secureus.se\/fi\/wp-json\/wp\/v2\/product"}],"about":[{"href":"https:\/\/secureus.se\/fi\/wp-json\/wp\/v2\/types\/product"}],"wp:featuredmedia":[{"embeddable":true,"href":"https:\/\/secureus.se\/fi\/wp-json\/wp\/v2\/media\/151975"}],"wp:attachment":[{"href":"https:\/\/secureus.se\/fi\/wp-json\/wp\/v2\/media?parent=94862"}],"wp:term":[{"taxonomy":"product_brand","embeddable":true,"href":"https:\/\/secureus.se\/fi\/wp-json\/wp\/v2\/product_brand?post=94862"},{"taxonomy":"product_cat","embeddable":true,"href":"https:\/\/secureus.se\/fi\/wp-json\/wp\/v2\/product_cat?post=94862"},{"taxonomy":"product_tag","embeddable":true,"href":"https:\/\/secureus.se\/fi\/wp-json\/wp\/v2\/product_tag?post=94862"}],"curies":[{"name":"wp","href":"https:\/\/api.w.org\/{rel}","templated":true}]}}