{"id":96405,"date":"2024-07-22T12:21:55","date_gmt":"2024-07-22T10:21:55","guid":{"rendered":"https:\/\/secureus.se\/4tb-hdd-seagate-skyhawk\/"},"modified":"2026-04-20T17:18:09","modified_gmt":"2026-04-20T15:18:09","slug":"4tb-hdd-seagate-skyhawk","status":"publish","type":"product","link":"https:\/\/secureus.se\/fi\/4tb-hdd-seagate-skyhawk\/","title":{"rendered":"Seagate SkyHawk ST4000VX016 \u2013 4 Tt:n kiintolevy 3,5 tuuman SATA 6 Gb\/s, 3 vuoden Seagate Rescue Data Recovery"},"content":{"rendered":"<p>SkyHawk on ensimm\u00e4inen videolaite maailmassa, joka on suunniteltu erityisesti videoj\u00e4rjestelmiin. T\u00e4m\u00e4 Seagaten 4 Tt:n kiintolevy on ihanteellinen DVR- ja NVR-j\u00e4rjestelmille, ja se pystyy k\u00e4sittelem\u00e4\u00e4n jopa 64 HD-kameraa samanaikaisesti, joten se sopii t\u00e4ydellisesti kattaviin valvontaratkaisuihin. Parannettu ImagePerfect-tekniikka minimoi kuvan katoamisen riskin ja varmistaa, ett\u00e4 tallennuksesi ovat ter\u00e4vi\u00e4 ja selkeit\u00e4 keskeytyksett\u00e4.<\/p>\n<p>SkyHawk sis\u00e4lt\u00e4\u00e4 SkyHawk Health Managementin, joka on yhteensopiva HikVisionin ja Dahuan j\u00e4rjestelmien kanssa. T\u00e4m\u00e4 j\u00e4rjestelm\u00e4 tarkkailee jatkuvasti kiintolevyn kuntoa ja antaa suosituksia ennaltaehk\u00e4isevist\u00e4 toimenpiteist\u00e4, mik\u00e4 parantaa edelleen aseman luotettavuutta ja pitk\u00e4ik\u00e4isyytt\u00e4. Keskim\u00e4\u00e4r\u00e4isen 1 miljoonan tunnin ep\u00e4onnistumisen (MTBF) ja 600 000 k\u00e4ynnistys-pys\u00e4ytysjakson v\u00e4lisen ajan ansiosta voit olla varma, ett\u00e4 t\u00e4m\u00e4 kiintolevy tarjoaa luotettavaa suorituskyky\u00e4 kellon ymp\u00e4ri.<\/p>\n<p>T\u00e4m\u00e4n kiintolevyn siirtonopeus on 6 Gbit\/s ja jatkuva siirtonopeus 180 MiB\/s, mik\u00e4 varmistaa nopean ja tehokkaan tiedonsiirron. 256 Mt:n puskurin, RV-anturien ja vain 3,7 W:n virrankulutuksensa lukemisen ja kirjoittamisen ansiosta SkyHawk on sek\u00e4 tehokas ett\u00e4 energiatehokas.<\/p>\n<p>Mielenrauhan lis\u00e4\u00e4miseksi sis\u00e4ltyy kolmen vuoden rajoitettu takuu sek\u00e4 Seagaten ainutlaatuiset Rescue Data Recovery Services -palvelut, jotka antavat sinulle pitk\u00e4n aikav\u00e4lin mielenrauhan suojaamalla tietojasi odottamattomilta tapahtumilta.<\/p>\n<p><strong>Ominaisuudet:<\/strong><\/p>\n<ul>\n<li><strong>Kapasiteetti:<\/strong> 4TB<\/li>\n<li><strong>Muototekij\u00e4:<\/strong> 3,5 tuumaa<\/li>\n<li><strong>K\u00e4ytt\u00f6liittym\u00e4:<\/strong> SATA 6,0 Gbit\/s<\/li>\n<li><strong>Puskurin koko:<\/strong> 256 Mt<\/li>\n<li><strong>Yll\u00e4pidetty siirtonopeus:<\/strong> 180 MiB\/s<\/li>\n<li><strong>24\/7 toiminta:<\/strong> Kyll\u00e4<\/li>\n<li><strong>RV-anturit:<\/strong> Kyll\u00e4<\/li>\n<li><strong>Tuettujen kameroiden enimm\u00e4ism\u00e4\u00e4r\u00e4:<\/strong> 64<\/li>\n<li><strong>Keskim\u00e4\u00e4r\u00e4inen ep\u00e4onnistumisen v\u00e4linen aika (MTBF):<\/strong> 1 000 000 tuntia<\/li>\n<li><strong>K\u00e4ynnist\u00e4 ja lopeta sykli:<\/strong> 600,000<\/li>\n<li><strong>Virrankulutus (luku\/kirjoitus):<\/strong> 3,7W<\/li>\n<li><strong>Virrankulutus (lepotila):<\/strong> 2,5W<\/li>\n<li><strong>K\u00e4ytt\u00f6j\u00e4nnite:<\/strong> 5\/12 V<\/li>\n<li><strong>L\u00e4mp\u00f6tila k\u00e4yt\u00f6n aikana:<\/strong> 0 - 65 \u00b0C<\/li>\n<li><strong>Paino:<\/strong> 490 g<\/li>\n<li><strong>Mitat (L x K x S):<\/strong> 101,85 mm x 20,2 mm x 146,99 mm<\/li>\n<li><strong>HS-koodi:<\/strong> 84717050<\/li>\n<\/ul>","protected":false},"excerpt":{"rendered":"<p><strong>Seagate SkyHawk ST4000VX016 \u2013 4 Tt:n 3,5 tuuman SATA-kiintolevy<\/strong><\/p>\n<p>SkyHawk on suunniteltu videoj\u00e4rjestelmille, ihanteellinen DVR- ja NVR-j\u00e4rjestelmille, jotka tukevat jopa 64 HD-kameraa. ImagePerfect-teknologian ja SkyHawk Health Managementin avulla se takaa luotettavan ja jatkuvan videotallennustilan. Se tarjoaa nopean tiedonsiirron 6 Gbit\/s, jatkuvan 180 MiB\/s siirtonopeuden ja puskurin koon 256 MB. Sis\u00e4lt\u00e4\u00e4 kolmen vuoden Seagate Rescue Data Recovery -palvelun tietosuojan lis\u00e4\u00e4miseksi.<\/p>","protected":false},"featured_media":137186,"template":"","meta":{"_acf_changed":false},"product_brand":[],"product_cat":[3261],"product_tag":[],"class_list":{"0":"post-96405","1":"product","2":"type-product","3":"status-publish","4":"has-post-thumbnail","6":"product_cat-hdd-harddisk-3-5","7":"product_shipping_class-tunga-paket","8":"pa_brands-seagate","9":"tm-no-options","11":"first","12":"outofstock","13":"taxable","14":"shipping-taxable","15":"purchasable","16":"product-type-simple"},"acf":[],"_links":{"self":[{"href":"https:\/\/secureus.se\/fi\/wp-json\/wp\/v2\/product\/96405","targetHints":{"allow":["GET"]}}],"collection":[{"href":"https:\/\/secureus.se\/fi\/wp-json\/wp\/v2\/product"}],"about":[{"href":"https:\/\/secureus.se\/fi\/wp-json\/wp\/v2\/types\/product"}],"wp:featuredmedia":[{"embeddable":true,"href":"https:\/\/secureus.se\/fi\/wp-json\/wp\/v2\/media\/137186"}],"wp:attachment":[{"href":"https:\/\/secureus.se\/fi\/wp-json\/wp\/v2\/media?parent=96405"}],"wp:term":[{"taxonomy":"product_brand","embeddable":true,"href":"https:\/\/secureus.se\/fi\/wp-json\/wp\/v2\/product_brand?post=96405"},{"taxonomy":"product_cat","embeddable":true,"href":"https:\/\/secureus.se\/fi\/wp-json\/wp\/v2\/product_cat?post=96405"},{"taxonomy":"product_tag","embeddable":true,"href":"https:\/\/secureus.se\/fi\/wp-json\/wp\/v2\/product_tag?post=96405"}],"curies":[{"name":"wp","href":"https:\/\/api.w.org\/{rel}","templated":true}]}}