{"id":96662,"date":"2022-06-28T12:30:53","date_gmt":"2022-06-28T10:30:53","guid":{"rendered":"https:\/\/secureus.se\/kombidet-ir-mw-tak-dd669am\/"},"modified":"2026-04-23T11:36:44","modified_gmt":"2026-04-23T09:36:44","slug":"kombidet-ir-mw-tak-dd669am","status":"publish","type":"product","link":"https:\/\/secureus.se\/fi\/kombidet-ir-mw-tak-dd669am\/","title":{"rendered":"UTC Combi -ilmaisin Ir\/Mw Tak Dd669Am Antimask"},"content":{"rendered":"<h1>UTC Combi -ilmaisin Ir\/Mw Tak Dd669Am Antimask<\/h1>\n<p data-start=\"388\" data-end=\"879\">UTC:n yhdistelm\u00e4ilmaisin IR\/MW kattoon DD669AM kuuluu DD669-sarjaan ja tarjoaa yhdistelm\u00e4n PIR- (passiivinen infrapuna) ja mikroaaltotunnistusta maksimaalisen tarkkuuden saavuttamiseksi erilaisissa ymp\u00e4rist\u00f6iss\u00e4.<\/p>\n<p data-start=\"388\" data-end=\"879\">Ilmaisimessa on peitesuojaus ja ainutlaatuinen peilioptiikkatekniikka, joka takaa t\u00e4ydellisen havaitsemisen ilman, ett\u00e4 tunkeilijat p\u00e4\u00e4sev\u00e4t pakenemaan.<\/p>\n<p data-start=\"388\" data-end=\"879\">18 verhollaan DD669AM tarjoaa jopa 20 metrin halkaisijan omaavan suoja-alueen varmistaen, ett\u00e4 koko huone tai alue on tehokkaasti peitetty.<\/p>\n<p data-start=\"881\" data-end=\"1230\">4D-signaalink\u00e4sittely ja kaksoisverhok\u00e4sittely mahdollistavat ilmaisimen erottaa todelliset tunkeilijat h\u00e4irint\u00e4signaaleista, mik\u00e4 tekee siit\u00e4 erityisen hy\u00f6dyllisen vaikeissa ymp\u00e4rist\u00f6iss\u00e4.<\/p>\n<p data-start=\"881\" data-end=\"1230\">5,8 GHz:n tutkatekniikka ja sen kantaman s\u00e4\u00e4t\u00f6 mahdollistavat tunnistusalueen s\u00e4\u00e4t\u00e4misen ja siten v\u00e4\u00e4rien h\u00e4lytysten est\u00e4misen m\u00e4\u00e4ritetyn et\u00e4isyyden ulkopuolella tapahtuvista liikkeist\u00e4.<\/p>\n<p data-start=\"1232\" data-end=\"1424\">DD669AM:n asennus on yksinkertaista ja se voidaan upottaa kattoon 360FM-lis\u00e4varusteen avulla, joka tarjoaa tyylikk\u00e4\u00e4n ja huomaamattoman asennuksen, jossa vain anturin yl\u00e4osa on n\u00e4kyviss\u00e4.<\/p>\n<p data-start=\"1426\" data-end=\"1455\"><strong data-start=\"1426\" data-end=\"1454\">Tekniset tiedot<\/strong>:<\/p>\n<ul data-start=\"1456\" data-end=\"1866\">\n<li data-start=\"1456\" data-end=\"1497\">\n<p data-start=\"1458\" data-end=\"1497\"><strong data-start=\"1458\" data-end=\"1482\">J\u00e4nnite (k\u00e4yt\u00f6n aikana)<\/strong>9\u201315 VDC<\/p>\n<\/li>\n<li data-start=\"1498\" data-end=\"1527\">\n<p data-start=\"1500\" data-end=\"1527\"><strong data-start=\"1500\" data-end=\"1520\">Virrankulutus<\/strong>Virta: 12 mA<\/p>\n<\/li>\n<li data-start=\"1528\" data-end=\"1558\">\n<p data-start=\"1530\" data-end=\"1558\"><strong data-start=\"1530\" data-end=\"1555\">Sertifioitu h\u00e4lytysluokka<\/strong>: 3<\/p>\n<\/li>\n<li data-start=\"1559\" data-end=\"1613\">\n<p data-start=\"1561\" data-end=\"1613\"><strong data-start=\"1561\" data-end=\"1583\">Havaintoalue<\/strong>Halkaisija jopa 20 metri\u00e4<\/p>\n<\/li>\n<li data-start=\"1614\" data-end=\"1646\">\n<p data-start=\"1616\" data-end=\"1646\"><strong data-start=\"1616\" data-end=\"1637\">Taajuusmikroaalto<\/strong>5,8 GHz<\/p>\n<\/li>\n<li data-start=\"1647\" data-end=\"1671\">\n<p data-start=\"1649\" data-end=\"1671\"><strong data-start=\"1649\" data-end=\"1667\">Maskeeraussuoja<\/strong>: Kyll\u00e4<\/p>\n<\/li>\n<li data-start=\"1672\" data-end=\"1701\">\n<p data-start=\"1674\" data-end=\"1701\"><strong data-start=\"1674\" data-end=\"1697\">4D-signaalink\u00e4sittely<\/strong>: Kyll\u00e4<\/p>\n<\/li>\n<li data-start=\"1702\" data-end=\"1729\">\n<p data-start=\"1704\" data-end=\"1729\"><strong data-start=\"1704\" data-end=\"1725\">Bi-curtain-hoito<\/strong>: Kyll\u00e4<\/p>\n<\/li>\n<li data-start=\"1730\" data-end=\"1759\">\n<p data-start=\"1732\" data-end=\"1759\"><strong data-start=\"1732\" data-end=\"1755\">Et\u00e4isyyden asetus<\/strong>: Kyll\u00e4<\/p>\n<\/li>\n<li data-start=\"1760\" data-end=\"1821\">\n<p data-start=\"1762\" data-end=\"1821\"><strong data-start=\"1762\" data-end=\"1784\">Asennusmenetelm\u00e4<\/strong>Uppoasennus 360FM-lis\u00e4varusteilla<\/p>\n<\/li>\n<li data-start=\"1822\" data-end=\"1866\">\n<p data-start=\"1824\" data-end=\"1866\"><strong data-start=\"1824\" data-end=\"1832\">Mitata<\/strong>Kattoasennuksen vakiomitat<\/p>\n<\/li>\n<\/ul>","protected":false},"excerpt":{"rendered":"<p>UTC DD669AM on edistynyt yhdistelm\u00e4ilmaisin, jossa on PIR- ja mikroaaltotekniikka, ja se sopii t\u00e4ydellisesti kattoasennuksiin.<\/p>\n<p>Peitesuojauksen, 20 metrin tunnistuksen ja 4D-signaalink\u00e4sittelyn ansiosta t\u00e4m\u00e4 ilmaisin tarjoaa parhaan tarkkuuden ja vakauden.<\/p>","protected":false},"featured_media":144028,"template":"","meta":{"_acf_changed":false},"product_brand":[],"product_cat":[1325],"product_tag":[2146],"class_list":{"0":"post-96662","1":"product","2":"type-product","3":"status-publish","4":"has-post-thumbnail","6":"product_cat-larmgivare-skalskydd","7":"product_tag-rorelsedetektor-kombidetektorer","8":"product_shipping_class-tunga-paket","9":"pa_brands-aritech","10":"tm-no-options","12":"first","13":"instock","14":"sale","15":"taxable","16":"shipping-taxable","17":"purchasable","18":"product-type-simple"},"acf":[],"_links":{"self":[{"href":"https:\/\/secureus.se\/fi\/wp-json\/wp\/v2\/product\/96662","targetHints":{"allow":["GET"]}}],"collection":[{"href":"https:\/\/secureus.se\/fi\/wp-json\/wp\/v2\/product"}],"about":[{"href":"https:\/\/secureus.se\/fi\/wp-json\/wp\/v2\/types\/product"}],"wp:featuredmedia":[{"embeddable":true,"href":"https:\/\/secureus.se\/fi\/wp-json\/wp\/v2\/media\/144028"}],"wp:attachment":[{"href":"https:\/\/secureus.se\/fi\/wp-json\/wp\/v2\/media?parent=96662"}],"wp:term":[{"taxonomy":"product_brand","embeddable":true,"href":"https:\/\/secureus.se\/fi\/wp-json\/wp\/v2\/product_brand?post=96662"},{"taxonomy":"product_cat","embeddable":true,"href":"https:\/\/secureus.se\/fi\/wp-json\/wp\/v2\/product_cat?post=96662"},{"taxonomy":"product_tag","embeddable":true,"href":"https:\/\/secureus.se\/fi\/wp-json\/wp\/v2\/product_tag?post=96662"}],"curies":[{"name":"wp","href":"https:\/\/api.w.org\/{rel}","templated":true}]}}