{"id":96708,"date":"2024-08-08T19:53:24","date_gmt":"2024-08-08T17:53:24","guid":{"rendered":"https:\/\/secureus.se\/?post_type=product&#038;p=96708"},"modified":"2026-04-23T12:12:45","modified_gmt":"2026-04-23T10:12:45","slug":"fonsterlas-380-polerad-massing","status":"publish","type":"product","link":"https:\/\/secureus.se\/fi\/fonsterlas-380-polerad-massing\/","title":{"rendered":"Ikkunalukko 380 kiillotettu messinki \u2013 2 kpl"},"content":{"rendered":"","protected":false},"excerpt":{"rendered":"<p>Ikkunalukko 380 2 kpl habon pakkauksessa ulosp\u00e4in avautuviin ikkunoihin. Valmistettu messingist\u00e4. K\u00e4ytet\u00e4\u00e4n ikkunoihin, joissa ei ole espagnoletteja tai kahvoja. Toimitetaan ilman ruuveja.<\/p>","protected":false},"featured_media":137200,"template":"","meta":{"_acf_changed":false},"product_brand":[],"product_cat":[4111],"product_tag":[],"class_list":{"0":"post-96708","1":"product","2":"type-product","3":"status-publish","4":"has-post-thumbnail","6":"product_cat-fonsterlas","7":"product_shipping_class-postnord-varubrev","8":"pa_brands-habo","9":"tm-no-options","11":"first","12":"instock","13":"sale","14":"taxable","15":"shipping-taxable","16":"purchasable","17":"product-type-simple"},"acf":[],"_links":{"self":[{"href":"https:\/\/secureus.se\/fi\/wp-json\/wp\/v2\/product\/96708","targetHints":{"allow":["GET"]}}],"collection":[{"href":"https:\/\/secureus.se\/fi\/wp-json\/wp\/v2\/product"}],"about":[{"href":"https:\/\/secureus.se\/fi\/wp-json\/wp\/v2\/types\/product"}],"wp:featuredmedia":[{"embeddable":true,"href":"https:\/\/secureus.se\/fi\/wp-json\/wp\/v2\/media\/137200"}],"wp:attachment":[{"href":"https:\/\/secureus.se\/fi\/wp-json\/wp\/v2\/media?parent=96708"}],"wp:term":[{"taxonomy":"product_brand","embeddable":true,"href":"https:\/\/secureus.se\/fi\/wp-json\/wp\/v2\/product_brand?post=96708"},{"taxonomy":"product_cat","embeddable":true,"href":"https:\/\/secureus.se\/fi\/wp-json\/wp\/v2\/product_cat?post=96708"},{"taxonomy":"product_tag","embeddable":true,"href":"https:\/\/secureus.se\/fi\/wp-json\/wp\/v2\/product_tag?post=96708"}],"curies":[{"name":"wp","href":"https:\/\/api.w.org\/{rel}","templated":true}]}}