{"id":96710,"date":"2024-08-08T19:53:25","date_gmt":"2024-08-08T17:53:25","guid":{"rendered":"https:\/\/secureus.se\/?post_type=product&#038;p=96710"},"modified":"2026-03-25T15:37:04","modified_gmt":"2026-03-25T14:37:04","slug":"fonsterlas-380-nickel","status":"publish","type":"product","link":"https:\/\/secureus.se\/fi\/fonsterlas-380-nickel\/","title":{"rendered":"Ikkunan lukko 380 nikkeli\u00e4"},"content":{"rendered":"","protected":false},"excerpt":{"rendered":"<p>Habon ikkunalukko 380 ulosp\u00e4in suuntautuviin ikkunoihin. Valmistettu messingist\u00e4. K\u00e4ytet\u00e4\u00e4n ikkunoihin, joissa ei ole puitteita tai kahvoja. Suositeltu ruuvi TKFX 3,5\u00d720 mm.<\/p>","protected":false},"featured_media":136799,"template":"","meta":{"_acf_changed":false},"product_brand":[],"product_cat":[4111],"product_tag":[],"class_list":{"0":"post-96710","1":"product","2":"type-product","3":"status-publish","4":"has-post-thumbnail","6":"product_cat-fonsterlas","7":"product_shipping_class-postnord-varubrev","8":"pa_brands-habo","9":"tm-no-options","11":"first","12":"onbackorder","13":"sale","14":"taxable","15":"shipping-taxable","16":"purchasable","17":"product-type-simple"},"acf":[],"_links":{"self":[{"href":"https:\/\/secureus.se\/fi\/wp-json\/wp\/v2\/product\/96710","targetHints":{"allow":["GET"]}}],"collection":[{"href":"https:\/\/secureus.se\/fi\/wp-json\/wp\/v2\/product"}],"about":[{"href":"https:\/\/secureus.se\/fi\/wp-json\/wp\/v2\/types\/product"}],"wp:featuredmedia":[{"embeddable":true,"href":"https:\/\/secureus.se\/fi\/wp-json\/wp\/v2\/media\/136799"}],"wp:attachment":[{"href":"https:\/\/secureus.se\/fi\/wp-json\/wp\/v2\/media?parent=96710"}],"wp:term":[{"taxonomy":"product_brand","embeddable":true,"href":"https:\/\/secureus.se\/fi\/wp-json\/wp\/v2\/product_brand?post=96710"},{"taxonomy":"product_cat","embeddable":true,"href":"https:\/\/secureus.se\/fi\/wp-json\/wp\/v2\/product_cat?post=96710"},{"taxonomy":"product_tag","embeddable":true,"href":"https:\/\/secureus.se\/fi\/wp-json\/wp\/v2\/product_tag?post=96710"}],"curies":[{"name":"wp","href":"https:\/\/api.w.org\/{rel}","templated":true}]}}