{"id":96743,"date":"2024-08-08T21:47:49","date_gmt":"2024-08-08T19:47:49","guid":{"rendered":"https:\/\/secureus.se\/?post_type=product&#038;p=96743"},"modified":"2026-04-23T12:13:53","modified_gmt":"2026-04-23T10:13:53","slug":"handtag-42-rakt-8x63-krom","status":"publish","type":"product","link":"https:\/\/secureus.se\/fi\/handtag-42-rakt-8x63-krom\/","title":{"rendered":"Ikkunan kahva Kahva 42 Suora 8X63 Kromi \u2013 Assa Abloy"},"content":{"rendered":"<div>ASSA ABLOY 42 on ikkunakahva ikkunoihin ja ikkunaoviin. Saatavana suora-, oikea- tai vasenk\u00e4tisen\u00e4. Sopivat kahvan lukko 840 ja 850 ostetaan erikseen.<\/div>\n<div><b><br \/>Ominaisuudet:<\/b><\/div>\n<div>\n<ul>\n<li>Suoraan<\/li>\n<li>Sprintti 8 mm galvanoitua neli\u00f6m\u00e4ist\u00e4 ter\u00e4st\u00e4<\/li>\n<li>Sprintin pituus 63 mm<\/li>\n<li>C\/C-kiinnitys: 43 mm<\/li>\n<li>Materiaali: Zamak metalli<\/li>\n<li>Pintak\u00e4sittely: Kromi<\/li>\n<li>Kahvakytkint\u00e4 833, 833\/16 k\u00e4ytet\u00e4\u00e4n, kun kahvat on asennettava molemmille puolille<\/li>\n<\/ul>\n<\/div>","protected":false},"excerpt":{"rendered":"<p>ASSA ABLOY 42 on ikkunakahva ikkunoihin ja ikkunaoviin. Saatavana suora-, oikea- tai vasenk\u00e4tisen\u00e4. Sopivat kahvan lukko 840 ja 850 ostetaan erikseen. Ominaisuudet: Straight Sprint 8 mm galvanoitua<\/p>","protected":false},"featured_media":136923,"template":"","meta":{"_acf_changed":false},"product_brand":[],"product_cat":[4126,4127],"product_tag":[],"class_list":{"0":"post-96743","1":"product","2":"type-product","3":"status-publish","4":"has-post-thumbnail","6":"product_cat-fonsterhandtag","7":"product_cat-handtag-altandorr","8":"product_shipping_class-postnord-varubrev","9":"pa_brands-abloy","10":"tm-no-options","12":"first","13":"onbackorder","14":"sale","15":"taxable","16":"shipping-taxable","17":"purchasable","18":"product-type-simple"},"acf":[],"_links":{"self":[{"href":"https:\/\/secureus.se\/fi\/wp-json\/wp\/v2\/product\/96743","targetHints":{"allow":["GET"]}}],"collection":[{"href":"https:\/\/secureus.se\/fi\/wp-json\/wp\/v2\/product"}],"about":[{"href":"https:\/\/secureus.se\/fi\/wp-json\/wp\/v2\/types\/product"}],"wp:featuredmedia":[{"embeddable":true,"href":"https:\/\/secureus.se\/fi\/wp-json\/wp\/v2\/media\/136923"}],"wp:attachment":[{"href":"https:\/\/secureus.se\/fi\/wp-json\/wp\/v2\/media?parent=96743"}],"wp:term":[{"taxonomy":"product_brand","embeddable":true,"href":"https:\/\/secureus.se\/fi\/wp-json\/wp\/v2\/product_brand?post=96743"},{"taxonomy":"product_cat","embeddable":true,"href":"https:\/\/secureus.se\/fi\/wp-json\/wp\/v2\/product_cat?post=96743"},{"taxonomy":"product_tag","embeddable":true,"href":"https:\/\/secureus.se\/fi\/wp-json\/wp\/v2\/product_tag?post=96743"}],"curies":[{"name":"wp","href":"https:\/\/api.w.org\/{rel}","templated":true}]}}