{"id":96752,"date":"2024-08-08T21:47:49","date_gmt":"2024-08-08T19:47:49","guid":{"rendered":"https:\/\/secureus.se\/?post_type=product&#038;p=96752"},"modified":"2025-09-15T12:04:58","modified_gmt":"2025-09-15T10:04:58","slug":"handtag-ingaro-30r-hoger-8x43-formassingad","status":"publish","type":"product","link":"https:\/\/secureus.se\/fi\/handtag-ingaro-30r-hoger-8x43-formassingad\/","title":{"rendered":"Ikkunan kahva Kahva Ingar\u00f6 30R Oikea 8X43 Messinkipinnoitettu \u2013 Roca"},"content":{"rendered":"<div>ROCA Ingar\u00f6 WH-I 30R on oikeanpuoleinen ikkunankahva pohjalevyll\u00e4 30 ja ohjaustapeilla suoraa ja siisti\u00e4 asennusta varten. Kiinteill\u00e4 p\u00e4\u00e4teasennoilla &quot;Tipp-Dreh&quot; ikkunoita varten. Kahva on saatavana vasemmalla, oikealla ja suoralla versiolla. Ingar\u00f6-sarja on muotoilultaan klassinen ja kehitetty erityisesti perinteisiin ikkunoihin sopimaan, mutta joka voi antaa arkisen tunnelman my\u00f6s nykyaikaisempiin ikkunoihin ja ikkunaoviin.<\/div>\n<div><b>Ominaisuudet:<\/b><\/div>\n<div>\n<ul>\n<li>C\/C-kiinnitys: 43 mm<\/li>\n<li>Sprintin koko: 8X43 mm - Sprintti ostetaan erikseen.<\/li>\n<li>Materiaalikahva: sinkki-alumiiniseos<\/li>\n<li>Pintak\u00e4sittely: Messinkipinnoitettu (ei vanhene)<\/li>\n<\/ul>\n<\/div>","protected":false},"excerpt":{"rendered":"<p>ROCA Ingar\u00f6 WH-I 30R on oikeanpuoleinen ikkunankahva pohjalevyll\u00e4 30 ja ohjaustapeilla suoraa ja siisti\u00e4 asennusta varten. Kiinteill\u00e4 p\u00e4\u00e4teasennoilla &quot;Tipp-Dreh&quot; ikkunoita varten. Kahva on saatavana vasemmalla, oikealla ja<\/p>","protected":false},"featured_media":136910,"template":"","meta":{"_acf_changed":false},"product_brand":[],"product_cat":[4126,4127],"product_tag":[],"class_list":{"0":"post-96752","1":"product","2":"type-product","3":"status-publish","4":"has-post-thumbnail","6":"product_cat-fonsterhandtag","7":"product_cat-handtag-altandorr","8":"product_shipping_class-postnord-varubrev","9":"pa_brands-roca","10":"tm-no-options","12":"first","13":"instock","14":"sale","15":"taxable","16":"shipping-taxable","17":"purchasable","18":"product-type-simple"},"acf":[],"_links":{"self":[{"href":"https:\/\/secureus.se\/fi\/wp-json\/wp\/v2\/product\/96752","targetHints":{"allow":["GET"]}}],"collection":[{"href":"https:\/\/secureus.se\/fi\/wp-json\/wp\/v2\/product"}],"about":[{"href":"https:\/\/secureus.se\/fi\/wp-json\/wp\/v2\/types\/product"}],"wp:featuredmedia":[{"embeddable":true,"href":"https:\/\/secureus.se\/fi\/wp-json\/wp\/v2\/media\/136910"}],"wp:attachment":[{"href":"https:\/\/secureus.se\/fi\/wp-json\/wp\/v2\/media?parent=96752"}],"wp:term":[{"taxonomy":"product_brand","embeddable":true,"href":"https:\/\/secureus.se\/fi\/wp-json\/wp\/v2\/product_brand?post=96752"},{"taxonomy":"product_cat","embeddable":true,"href":"https:\/\/secureus.se\/fi\/wp-json\/wp\/v2\/product_cat?post=96752"},{"taxonomy":"product_tag","embeddable":true,"href":"https:\/\/secureus.se\/fi\/wp-json\/wp\/v2\/product_tag?post=96752"}],"curies":[{"name":"wp","href":"https:\/\/api.w.org\/{rel}","templated":true}]}}