{"id":96762,"date":"2024-08-08T21:47:49","date_gmt":"2024-08-08T19:47:49","guid":{"rendered":"https:\/\/secureus.se\/?post_type=product&#038;p=96762"},"modified":"2025-08-15T19:41:08","modified_gmt":"2025-08-15T17:41:08","slug":"handtag-bjorko-30s-rak-8x43-krom","status":"publish","type":"product","link":"https:\/\/secureus.se\/fi\/handtag-bjorko-30s-rak-8x43-krom\/","title":{"rendered":"Ikkunan kahva Kahva Bj\u00f6rk\u00f6 30S Straight 8X43 Kromi \u2013 Roca"},"content":{"rendered":"<div>ROCA Bj\u00f6rk\u00f6 WH-B 30S on suora ikkunakahva pohjalevyll\u00e4 30 ja ohjaustapeilla suoraa ja siisti\u00e4 asennusta varten. Kiinteill\u00e4 p\u00e4\u00e4teasennoilla &quot;Tipp-Dreh&quot; ikkunoita varten. Kahva on saatavana vasemmalla, oikealla ja suoralla versiolla. Bj\u00f6rk\u00f6-sarja on modernia ajatonta retromuotoilua edustava ikkunakahva, joka sulautuu ja korostaa useimpia arkkitehtonisia tyylej\u00e4 \u2013 jugend, funktionalismi ja moderni arkkitehtuuri.<\/div>\n<div><b>Ominaisuudet:<\/b><\/div>\n<div>\n<ul>\n<li>C\/C-kiinnitys: 43 mm<\/li>\n<li>Sprintin mitat: 8x43 mm<\/li>\n<li>Materiaalikahva: sinkki-alumiiniseos<\/li>\n<li>Materiaali pultti: Galvanoitu ter\u00e4s<\/li>\n<li>Pintak\u00e4sittely: Kromattu<\/li>\n<\/ul>\n<\/div>","protected":false},"excerpt":{"rendered":"<p>ROCA Bj\u00f6rk\u00f6 WH-B 30S on suora ikkunakahva pohjalevyll\u00e4 30 ja ohjaustapeilla suoraa ja siisti\u00e4 asennusta varten. Kiinteill\u00e4 p\u00e4\u00e4teasennoilla &quot;Tipp-Dreh&quot; ikkunoita varten. Kahva on saatavana vasemmalla, oikealla ja<\/p>","protected":false},"featured_media":136717,"template":"","meta":{"_acf_changed":false},"product_brand":[],"product_cat":[4126],"product_tag":[],"class_list":{"0":"post-96762","1":"product","2":"type-product","3":"status-publish","4":"has-post-thumbnail","6":"product_cat-fonsterhandtag","7":"product_shipping_class-postnord-varubrev","8":"pa_brands-roca","9":"tm-no-options","11":"first","12":"outofstock","13":"sale","14":"taxable","15":"shipping-taxable","16":"purchasable","17":"product-type-simple"},"acf":[],"_links":{"self":[{"href":"https:\/\/secureus.se\/fi\/wp-json\/wp\/v2\/product\/96762","targetHints":{"allow":["GET"]}}],"collection":[{"href":"https:\/\/secureus.se\/fi\/wp-json\/wp\/v2\/product"}],"about":[{"href":"https:\/\/secureus.se\/fi\/wp-json\/wp\/v2\/types\/product"}],"wp:featuredmedia":[{"embeddable":true,"href":"https:\/\/secureus.se\/fi\/wp-json\/wp\/v2\/media\/136717"}],"wp:attachment":[{"href":"https:\/\/secureus.se\/fi\/wp-json\/wp\/v2\/media?parent=96762"}],"wp:term":[{"taxonomy":"product_brand","embeddable":true,"href":"https:\/\/secureus.se\/fi\/wp-json\/wp\/v2\/product_brand?post=96762"},{"taxonomy":"product_cat","embeddable":true,"href":"https:\/\/secureus.se\/fi\/wp-json\/wp\/v2\/product_cat?post=96762"},{"taxonomy":"product_tag","embeddable":true,"href":"https:\/\/secureus.se\/fi\/wp-json\/wp\/v2\/product_tag?post=96762"}],"curies":[{"name":"wp","href":"https:\/\/api.w.org\/{rel}","templated":true}]}}