{"id":96765,"date":"2024-08-08T21:47:50","date_gmt":"2024-08-08T19:47:50","guid":{"rendered":"https:\/\/secureus.se\/?post_type=product&#038;p=96765"},"modified":"2026-04-09T10:20:39","modified_gmt":"2026-04-09T08:20:39","slug":"handtag-london-013vk-350kl-vanster-8x67-f1-silver","status":"publish","type":"product","link":"https:\/\/secureus.se\/fi\/handtag-london-013vk-350kl-vanster-8x67-f1-silver\/","title":{"rendered":"Espagnolette-kahva Kahva Lontoo 013VK\/350KL Vasen 8X67 F1 Hopea \u2013 HOPPE"},"content":{"rendered":"<div>HOPPE London 13VK\/350KL on pitk\u00e4levyinen kahvasarja lukittavilla spanieleilla varustettuihin ikkunaoviin. Valmistettu alumiinista. T\u00e4ytt\u00e4\u00e4 nikkelipinnoitusvaatimukset - allergia hyv\u00e4ksytty.<\/div>\n<div><b><br \/>\nOminaisuudet:<\/b><\/div>\n<div>\n<ul>\n<li>K\u00e4\u00e4nn\u00f6s vasemmalle<\/li>\n<li>Pitk\u00e4 levyverho (ilman reik\u00e4\u00e4 sylinterille)<\/li>\n<li>Sprintin halkaisija: 8 mm<\/li>\n<li>Sprintin pituus: 67 mm<\/li>\n<li>Erilliset asennot: 90\u00b0<\/li>\n<li>Materiaali: alumiini<\/li>\n<li>V\u00e4ri: F1 Alumiini hopeanv\u00e4rinen<\/li>\n<li>T\u00e4ytt\u00e4\u00e4 nikkelipinnoitusvaatimukset - allergia hyv\u00e4ksytty.<\/li>\n<\/ul>\n<\/div>","protected":false},"excerpt":{"rendered":"<p>HOPPE London 13VK\/350KL on pitk\u00e4levyinen kahvasarja lukittavilla spanieleilla varustettuihin ikkunaoviin. Valmistettu alumiinista. T\u00e4ytt\u00e4\u00e4 nikkelipinnoitusvaatimukset - allergia hyv\u00e4ksytty. Ominaisuudet: Vasenk\u00e4tinen pitk\u00e4 suojaverho (ilman reik\u00e4\u00e4 sylinterille)<\/p>","protected":false},"featured_media":137442,"template":"","meta":{"_acf_changed":false},"product_brand":[],"product_cat":[4113,4126,4127],"product_tag":[],"class_list":{"0":"post-96765","1":"product","2":"type-product","3":"status-publish","4":"has-post-thumbnail","6":"product_cat-spanjoletthandtag","7":"product_cat-fonsterhandtag","8":"product_cat-handtag-altandorr","9":"product_shipping_class-postnord-varubrev","10":"pa_brands-hoppe","11":"tm-no-options","13":"first","14":"instock","15":"sale","16":"taxable","17":"shipping-taxable","18":"purchasable","19":"product-type-simple"},"acf":[],"_links":{"self":[{"href":"https:\/\/secureus.se\/fi\/wp-json\/wp\/v2\/product\/96765","targetHints":{"allow":["GET"]}}],"collection":[{"href":"https:\/\/secureus.se\/fi\/wp-json\/wp\/v2\/product"}],"about":[{"href":"https:\/\/secureus.se\/fi\/wp-json\/wp\/v2\/types\/product"}],"wp:featuredmedia":[{"embeddable":true,"href":"https:\/\/secureus.se\/fi\/wp-json\/wp\/v2\/media\/137442"}],"wp:attachment":[{"href":"https:\/\/secureus.se\/fi\/wp-json\/wp\/v2\/media?parent=96765"}],"wp:term":[{"taxonomy":"product_brand","embeddable":true,"href":"https:\/\/secureus.se\/fi\/wp-json\/wp\/v2\/product_brand?post=96765"},{"taxonomy":"product_cat","embeddable":true,"href":"https:\/\/secureus.se\/fi\/wp-json\/wp\/v2\/product_cat?post=96765"},{"taxonomy":"product_tag","embeddable":true,"href":"https:\/\/secureus.se\/fi\/wp-json\/wp\/v2\/product_tag?post=96765"}],"curies":[{"name":"wp","href":"https:\/\/api.w.org\/{rel}","templated":true}]}}