{"id":96775,"date":"2024-08-08T21:47:50","date_gmt":"2024-08-08T19:47:50","guid":{"rendered":"https:\/\/secureus.se\/?post_type=product&#038;p=96775"},"modified":"2026-04-08T15:46:24","modified_gmt":"2026-04-08T13:46:24","slug":"handtag-tokyo-1710-93s-rakt-7x43-f1-silver","status":"publish","type":"product","link":"https:\/\/secureus.se\/fi\/handtag-tokyo-1710-93s-rakt-7x43-f1-silver\/","title":{"rendered":"Ikkunan kahva Kahva Tokyo 1710\/93S Suora 7X43 F1 hopea \u2013 HOPPE"},"content":{"rendered":"<div>HOPPE Tokyo 0710\/93S on lukittava turvakahva ikkunaan ja ikkunaoveen. Yhdess\u00e4 soikean lukkosylinterin vakiomallin 1201 tai 1301 kanssa se on Svenska Brand och S\u00e4kerhetscertificering AB:n hyv\u00e4ksym\u00e4, standardi SS3620 Class B. Valmistettu alumiinista. T\u00e4ytt\u00e4\u00e4 nikkeliallergiavaatimukset - hyv\u00e4ksytty allergikoille.<\/div>\n<div><b>Ominaisuudet:<\/b><\/div>\n<div>\n<ul>\n<li>Lukittavissa soikealla lukkosylinterill\u00e4 (7-napainen)<\/li>\n<li>Hyv\u00e4ksytty standardin SS 3620:2010 mukaisesti \u2013 Luokka B<\/li>\n<li>Sprintin halkaisija: 7 mm<\/li>\n<li>Sprintin pituus: 43 mm<\/li>\n<li>T\u00e4ytt\u00e4\u00e4 nikkeliallergiavaatimukset - hyv\u00e4ksytty allergikoille.<\/li>\n<li>Pintak\u00e4sittely: Alumiinin hopeanv\u00e4rinen F1<\/li>\n<li>Asennus: N\u00e4kyv\u00e4, yksisuuntaiselle ruuville<\/li>\n<\/ul>\n<\/div>","protected":false},"excerpt":{"rendered":"<p>HOPPE Tokyo 0710\/93S on lukittava turvakahva ikkunaan ja ikkunaoveen. Yhdess\u00e4 soikean lukkosylinterin vakiomallin 1201 tai 1301 kanssa se on Svenska Brand och S\u00e4kerhetscertificering AB:n hyv\u00e4ksym\u00e4,<\/p>","protected":false},"featured_media":137924,"template":"","meta":{"_acf_changed":false},"product_brand":[],"product_cat":[4126,4127],"product_tag":[],"class_list":{"0":"post-96775","1":"product","2":"type-product","3":"status-publish","4":"has-post-thumbnail","6":"product_cat-fonsterhandtag","7":"product_cat-handtag-altandorr","8":"product_shipping_class-postnord-varubrev","9":"pa_brands-hoppe","10":"tm-no-options","12":"first","13":"instock","14":"sale","15":"taxable","16":"shipping-taxable","17":"purchasable","18":"product-type-simple"},"acf":[],"_links":{"self":[{"href":"https:\/\/secureus.se\/fi\/wp-json\/wp\/v2\/product\/96775","targetHints":{"allow":["GET"]}}],"collection":[{"href":"https:\/\/secureus.se\/fi\/wp-json\/wp\/v2\/product"}],"about":[{"href":"https:\/\/secureus.se\/fi\/wp-json\/wp\/v2\/types\/product"}],"wp:featuredmedia":[{"embeddable":true,"href":"https:\/\/secureus.se\/fi\/wp-json\/wp\/v2\/media\/137924"}],"wp:attachment":[{"href":"https:\/\/secureus.se\/fi\/wp-json\/wp\/v2\/media?parent=96775"}],"wp:term":[{"taxonomy":"product_brand","embeddable":true,"href":"https:\/\/secureus.se\/fi\/wp-json\/wp\/v2\/product_brand?post=96775"},{"taxonomy":"product_cat","embeddable":true,"href":"https:\/\/secureus.se\/fi\/wp-json\/wp\/v2\/product_cat?post=96775"},{"taxonomy":"product_tag","embeddable":true,"href":"https:\/\/secureus.se\/fi\/wp-json\/wp\/v2\/product_tag?post=96775"}],"curies":[{"name":"wp","href":"https:\/\/api.w.org\/{rel}","templated":true}]}}