{"id":96781,"date":"2024-08-08T21:47:50","date_gmt":"2024-08-08T19:47:50","guid":{"rendered":"https:\/\/secureus.se\/?post_type=product&#038;p=96781"},"modified":"2025-09-15T12:05:36","modified_gmt":"2025-09-15T10:05:36","slug":"handtag-tyreso-30r-hoger-8x53-svart","status":"publish","type":"product","link":"https:\/\/secureus.se\/fi\/handtag-tyreso-30r-hoger-8x53-svart\/","title":{"rendered":"Ikkunan kahva Kahva Tyres\u00f6 30R Oikea 8X53 Musta \u2013 Roca"},"content":{"rendered":"<div>ROCA Tyres\u00f6 WH-T 30R on vasenk\u00e4tinen ikkunankahva pohjalevyll\u00e4 30 ja ohjaustapeilla suoraa ja siisti\u00e4 asennusta varten. Kiinteill\u00e4 p\u00e4\u00e4teasennoilla &quot;Tipp-Dreh&quot; ikkunoita varten. Kahva on saatavana vasemmalla, oikealla ja suoralla versiolla. Tyres\u00f6-sarja on ohut ja ajaton ikkunakahva, joka sopii hieman modernimpaan arkkitehtuuriin.<\/p>\n<\/div>\n<div><b>Ominaisuudet:<\/b><\/div>\n<div>\n<ul>\n<li>C\/C-kiinnitys: 43 mm<\/li>\n<li>Sprintin mitat: 8x53 mm<\/li>\n<li>Materiaalikahva: sinkki-alumiiniseos<\/li>\n<li>Materiaali pultti: Galvanoitu ter\u00e4s<\/li>\n<li>Pintak\u00e4sittely: Anodisoitu<\/li>\n<\/ul>\n<\/div>","protected":false},"excerpt":{"rendered":"<p>ROCA Tyres\u00f6 WH-T 30R on vasenk\u00e4tinen ikkunankahva pohjalevyll\u00e4 30 ja ohjaustapeilla suoraa ja siisti\u00e4 asennusta varten. Kiinteill\u00e4 p\u00e4\u00e4teasennoilla &quot;Tipp-Dreh&quot; ikkunoita varten. Kahva on saatavana vasemmalla, oikealla ja<\/p>","protected":false},"featured_media":136690,"template":"","meta":{"_acf_changed":false},"product_brand":[],"product_cat":[4126],"product_tag":[],"class_list":{"0":"post-96781","1":"product","2":"type-product","3":"status-publish","4":"has-post-thumbnail","6":"product_cat-fonsterhandtag","7":"product_shipping_class-postnord-varubrev","8":"pa_brands-roca","9":"tm-no-options","11":"first","12":"onbackorder","13":"sale","14":"taxable","15":"shipping-taxable","16":"purchasable","17":"product-type-simple"},"acf":[],"_links":{"self":[{"href":"https:\/\/secureus.se\/fi\/wp-json\/wp\/v2\/product\/96781","targetHints":{"allow":["GET"]}}],"collection":[{"href":"https:\/\/secureus.se\/fi\/wp-json\/wp\/v2\/product"}],"about":[{"href":"https:\/\/secureus.se\/fi\/wp-json\/wp\/v2\/types\/product"}],"wp:featuredmedia":[{"embeddable":true,"href":"https:\/\/secureus.se\/fi\/wp-json\/wp\/v2\/media\/136690"}],"wp:attachment":[{"href":"https:\/\/secureus.se\/fi\/wp-json\/wp\/v2\/media?parent=96781"}],"wp:term":[{"taxonomy":"product_brand","embeddable":true,"href":"https:\/\/secureus.se\/fi\/wp-json\/wp\/v2\/product_brand?post=96781"},{"taxonomy":"product_cat","embeddable":true,"href":"https:\/\/secureus.se\/fi\/wp-json\/wp\/v2\/product_cat?post=96781"},{"taxonomy":"product_tag","embeddable":true,"href":"https:\/\/secureus.se\/fi\/wp-json\/wp\/v2\/product_tag?post=96781"}],"curies":[{"name":"wp","href":"https:\/\/api.w.org\/{rel}","templated":true}]}}