{"id":96786,"date":"2024-08-08T21:47:50","date_gmt":"2024-08-08T19:47:50","guid":{"rendered":"https:\/\/secureus.se\/?post_type=product&#038;p=96786"},"modified":"2025-10-21T12:42:07","modified_gmt":"2025-10-21T10:42:07","slug":"handtag-tyreso-301tr-hoger-langskylt-8x70-matt-nickel","status":"publish","type":"product","link":"https:\/\/secureus.se\/fi\/handtag-tyreso-301tr-hoger-langskylt-8x70-matt-nickel\/","title":{"rendered":"Espagnolette-kahva Kahva Tyres\u00f6 301TR Oikea Pitk\u00e4 levy 8X70 Matt Nikkeli \u2013 Roca"},"content":{"rendered":"<div>ROCA Tyres\u00f6 301TR (ohjaustapeilla) oikealle k\u00e4\u00e4nnetty ikkunan ovenkahva lukittaville espanjalaisille oville. Pitk\u00e4ss\u00e4 levyss\u00e4 on soikea syvennys soikeaa lukkosylinteri\u00e4 varten. Soikea reik\u00e4 voidaan t\u00e4ydent\u00e4\u00e4 Vred TT01:ll\u00e4, kansikaukalolla Rokoko RC01 tai kansialustalla BP01. Ikkunan kahva soveltuu siksi yksi- tai kaksinkertaiseen asennukseen sylinterin\/nupin, sylinterin\/sylinterin tai sylinterin\/peitelevyn kanssa, ja sit\u00e4 on saatavana vasemmalla, oikealla ja suoralla versiolla. Tyres\u00f6-sarja on ohut ja ajaton ikkunakahva, joka sopii hieman modernimpaan arkkitehtuuriin.<\/div>\n<div><b>Ominaisuudet:<\/b><\/div>\n<div>\n<ul>\n<li>Ohjaustapeilla (301 ilman ohjaustappeja)<\/li>\n<li>C\/C-kiinnitys: 43 mm kahvojen v\u00e4liss\u00e4, yl\u00e4osa 71 mm yl\u00f6sp\u00e4in<\/li>\n<li>Pitk\u00e4n kyltin mitat: 28X134 mm<\/li>\n<li>Sprintin mitat: 8x70 mm<\/li>\n<li>Materiaalikahva: sinkki-alumiiniseos<\/li>\n<li>Materiaali pultti: Galvanoitu ter\u00e4s<\/li>\n<li>Pintak\u00e4sittely: Nikkelipinnoitettu, mattaharjattu<\/li>\n<\/ul>\n<\/div>","protected":false},"excerpt":{"rendered":"<p>ROCA Tyres\u00f6 301TR (ohjaustapeilla) oikealle k\u00e4\u00e4nnetty ikkunan ovenkahva lukittaville espanjalaisille oville. Pitk\u00e4ss\u00e4 levyss\u00e4 on soikea syvennys soikeaa lukkosylinteri\u00e4 varten. Soikea reik\u00e4 voidaan t\u00e4ydent\u00e4\u00e4 Vred TT01:ll\u00e4, kansialuslevyll\u00e4 Rokoko RC01 tai kannen aluslevyll\u00e4<\/p>","protected":false},"featured_media":145964,"template":"","meta":{"_acf_changed":false},"product_brand":[],"product_cat":[4113,4126,4127],"product_tag":[4863],"class_list":{"0":"post-96786","1":"product","2":"type-product","3":"status-publish","4":"has-post-thumbnail","6":"product_cat-spanjoletthandtag","7":"product_cat-fonsterhandtag","8":"product_cat-handtag-altandorr","9":"product_tag-pf","10":"product_shipping_class-postnord-varubrev","11":"pa_brands-roca","12":"tm-no-options","14":"first","15":"outofstock","16":"sale","17":"taxable","18":"shipping-taxable","19":"purchasable","20":"product-type-simple"},"acf":[],"_links":{"self":[{"href":"https:\/\/secureus.se\/fi\/wp-json\/wp\/v2\/product\/96786","targetHints":{"allow":["GET"]}}],"collection":[{"href":"https:\/\/secureus.se\/fi\/wp-json\/wp\/v2\/product"}],"about":[{"href":"https:\/\/secureus.se\/fi\/wp-json\/wp\/v2\/types\/product"}],"wp:featuredmedia":[{"embeddable":true,"href":"https:\/\/secureus.se\/fi\/wp-json\/wp\/v2\/media\/145964"}],"wp:attachment":[{"href":"https:\/\/secureus.se\/fi\/wp-json\/wp\/v2\/media?parent=96786"}],"wp:term":[{"taxonomy":"product_brand","embeddable":true,"href":"https:\/\/secureus.se\/fi\/wp-json\/wp\/v2\/product_brand?post=96786"},{"taxonomy":"product_cat","embeddable":true,"href":"https:\/\/secureus.se\/fi\/wp-json\/wp\/v2\/product_cat?post=96786"},{"taxonomy":"product_tag","embeddable":true,"href":"https:\/\/secureus.se\/fi\/wp-json\/wp\/v2\/product_tag?post=96786"}],"curies":[{"name":"wp","href":"https:\/\/api.w.org\/{rel}","templated":true}]}}