{"id":96789,"date":"2024-08-08T21:47:50","date_gmt":"2024-08-08T19:47:50","guid":{"rendered":"https:\/\/secureus.se\/?post_type=product&#038;p=96789"},"modified":"2026-04-08T15:49:29","modified_gmt":"2026-04-08T13:49:29","slug":"handtag-london-013vk-350kl-hoger-oval-8x00-f1-silver","status":"publish","type":"product","link":"https:\/\/secureus.se\/fi\/handtag-london-013vk-350kl-hoger-oval-8x00-f1-silver\/","title":{"rendered":"Espagnolette-kahva Kahva Lontoo 013VK\/350KL Oikea Ovaali 8X00 F1 Hopea \u2013 HOPPE"},"content":{"rendered":"<div>HOPPE London 13VK\/350KL on pitk\u00e4levyinen kahvasarja lukittavalla spanieleilla varustettuihin ikkunaoviin. Pitk\u00e4ss\u00e4 levyss\u00e4 syvennys soikealle lukkosylinterille tyyppi 1207 tai 1307. Valmistettu alumiinista. T\u00e4ytt\u00e4\u00e4 nikkelipinnoitusvaatimukset - allergia hyv\u00e4ksytty.<\/div>\n<div><b><br \/>Ominaisuudet:<\/b><\/div>\n<div>\n<ul>\n<li>Oikea k\u00e4\u00e4nn\u00f6s<\/li>\n<li>Pitk\u00e4 levy soikealle lukkosylinterille<\/li>\n<li>Sprintin halkaisija: 8 mm<\/li>\n<li>Sprintin pituus: 0 mm<\/li>\n<li>Erilliset asennot: 90\u00b0<\/li>\n<li>Materiaali: alumiini<\/li>\n<li>V\u00e4ri: F1 Alumiini hopeanv\u00e4rinen<\/li>\n<li>T\u00e4ytt\u00e4\u00e4 nikkelipinnoitusvaatimukset - allergia hyv\u00e4ksytty.<\/li>\n<\/ul>\n<\/div>","protected":false},"excerpt":{"rendered":"<p>HOPPE London 13VK\/350KL on pitk\u00e4levyinen kahvasarja lukittavalla spanieleilla varustettuihin ikkunaoviin. Pitk\u00e4ss\u00e4 levyss\u00e4 syvennys soikealle lukkosylinterille tyyppi 1207 tai 1307. Valmistettu alumiinista. T\u00e4ytt\u00e4\u00e4 vaatimukset<\/p>","protected":false},"featured_media":137097,"template":"","meta":{"_acf_changed":false},"product_brand":[],"product_cat":[4113,4126,4127],"product_tag":[],"class_list":{"0":"post-96789","1":"product","2":"type-product","3":"status-publish","4":"has-post-thumbnail","6":"product_cat-spanjoletthandtag","7":"product_cat-fonsterhandtag","8":"product_cat-handtag-altandorr","9":"product_shipping_class-postnord-varubrev","10":"pa_brands-hoppe","11":"tm-no-options","13":"first","14":"outofstock","15":"sale","16":"taxable","17":"shipping-taxable","18":"purchasable","19":"product-type-simple"},"acf":[],"_links":{"self":[{"href":"https:\/\/secureus.se\/fi\/wp-json\/wp\/v2\/product\/96789","targetHints":{"allow":["GET"]}}],"collection":[{"href":"https:\/\/secureus.se\/fi\/wp-json\/wp\/v2\/product"}],"about":[{"href":"https:\/\/secureus.se\/fi\/wp-json\/wp\/v2\/types\/product"}],"wp:featuredmedia":[{"embeddable":true,"href":"https:\/\/secureus.se\/fi\/wp-json\/wp\/v2\/media\/137097"}],"wp:attachment":[{"href":"https:\/\/secureus.se\/fi\/wp-json\/wp\/v2\/media?parent=96789"}],"wp:term":[{"taxonomy":"product_brand","embeddable":true,"href":"https:\/\/secureus.se\/fi\/wp-json\/wp\/v2\/product_brand?post=96789"},{"taxonomy":"product_cat","embeddable":true,"href":"https:\/\/secureus.se\/fi\/wp-json\/wp\/v2\/product_cat?post=96789"},{"taxonomy":"product_tag","embeddable":true,"href":"https:\/\/secureus.se\/fi\/wp-json\/wp\/v2\/product_tag?post=96789"}],"curies":[{"name":"wp","href":"https:\/\/api.w.org\/{rel}","templated":true}]}}