{"id":96806,"date":"2024-08-08T21:47:51","date_gmt":"2024-08-08T19:47:51","guid":{"rendered":"https:\/\/secureus.se\/?post_type=product&#038;p=96806"},"modified":"2025-09-15T12:06:03","modified_gmt":"2025-09-15T10:06:03","slug":"handtag-prasto-30s-rak-8x53-krom","status":"publish","type":"product","link":"https:\/\/secureus.se\/fi\/handtag-prasto-30s-rak-8x53-krom\/","title":{"rendered":"Ikkunankahva Pr\u00e4st\u00f6 30S Straight 8X53 Kromi \u2013 Roca"},"content":{"rendered":"<div>\n<div>ROCA Pr\u00e4st\u00f6 WH-P 30S on suora ikkunakahva pohjalevyll\u00e4 30 ja ohjaustapeilla suoraa ja siisti\u00e4 asennusta varten. Kiinteill\u00e4 p\u00e4\u00e4teasennoilla &quot;Tipp-Dreh&quot; ikkunoita varten. Kahva on saatavana vasemmalla, oikealla ja suoralla versiolla. Pr\u00e4st\u00f6-sarja on t\u00e4ydellinen ikkunakahva toimivaan arkkitehtuuriin, mutta p\u00e4ivitetty retroklassikko toimii my\u00f6s useimpiin moderneihin rakennuksiin. Pr\u00e4st\u00f6n kahva on pidempi ja ergonomisempi kuin vanhemmissa malleissa.<\/div>\n<p><\/div>\n<div><b>Ominaisuudet:<\/b><\/div>\n<div>\n<ul>\n<li>C\/C-kiinnitys: 43 mm<\/li>\n<li>Sprintin mitat: 8x53 mm<\/li>\n<li>Materiaalikahva: sinkki-alumiiniseos<\/li>\n<li>Materiaali pultti: Galvanoitu ter\u00e4s<\/li>\n<li>Pintak\u00e4sittely: Kromattu<\/li>\n<\/ul>\n<\/div>","protected":false},"excerpt":{"rendered":"<p>ROCA Pr\u00e4st\u00f6 WH-P 30S on suora ikkunakahva pohjalevyll\u00e4 30 ja ohjaustapeilla suoraa ja siisti\u00e4 asennusta varten. Kiinteill\u00e4 p\u00e4\u00e4teasennoilla &quot;Tipp-Dreh&quot; ikkunoita varten. Kahva on saatavana vasemmalla, oikealla ja<\/p>","protected":false},"featured_media":136847,"template":"","meta":{"_acf_changed":false},"product_brand":[],"product_cat":[4126],"product_tag":[],"class_list":{"0":"post-96806","1":"product","2":"type-product","3":"status-publish","4":"has-post-thumbnail","6":"product_cat-fonsterhandtag","7":"product_shipping_class-postnord-varubrev","8":"pa_brands-roca","9":"tm-no-options","11":"first","12":"onbackorder","13":"sale","14":"taxable","15":"shipping-taxable","16":"purchasable","17":"product-type-simple"},"acf":[],"_links":{"self":[{"href":"https:\/\/secureus.se\/fi\/wp-json\/wp\/v2\/product\/96806","targetHints":{"allow":["GET"]}}],"collection":[{"href":"https:\/\/secureus.se\/fi\/wp-json\/wp\/v2\/product"}],"about":[{"href":"https:\/\/secureus.se\/fi\/wp-json\/wp\/v2\/types\/product"}],"wp:featuredmedia":[{"embeddable":true,"href":"https:\/\/secureus.se\/fi\/wp-json\/wp\/v2\/media\/136847"}],"wp:attachment":[{"href":"https:\/\/secureus.se\/fi\/wp-json\/wp\/v2\/media?parent=96806"}],"wp:term":[{"taxonomy":"product_brand","embeddable":true,"href":"https:\/\/secureus.se\/fi\/wp-json\/wp\/v2\/product_brand?post=96806"},{"taxonomy":"product_cat","embeddable":true,"href":"https:\/\/secureus.se\/fi\/wp-json\/wp\/v2\/product_cat?post=96806"},{"taxonomy":"product_tag","embeddable":true,"href":"https:\/\/secureus.se\/fi\/wp-json\/wp\/v2\/product_tag?post=96806"}],"curies":[{"name":"wp","href":"https:\/\/api.w.org\/{rel}","templated":true}]}}