{"id":96818,"date":"2024-08-08T21:47:51","date_gmt":"2024-08-08T19:47:51","guid":{"rendered":"https:\/\/secureus.se\/?post_type=product&#038;p=96818"},"modified":"2026-04-08T15:48:23","modified_gmt":"2026-04-08T13:48:23","slug":"handtag-83-hoger-8x43-krom","status":"publish","type":"product","link":"https:\/\/secureus.se\/fi\/handtag-83-hoger-8x43-krom\/","title":{"rendered":"Ikkunan kahva Kahva 83 Oikea 8X43 Kromi \u2013 Assa Abloy"},"content":{"rendered":"<div>ASSA ABLOY 83 on klassinen kahva ikkunoihin ja ikkunaoviin. Kahvassa on sis\u00e4\u00e4nrakennetut lukitusasennot auki ja kiinni, jotka pit\u00e4v\u00e4t kahvan oikeassa asennossa. Saatavana vasenk\u00e4tisen\u00e4, suorana ja oikeak\u00e4tisen\u00e4 versiona.<\/div>\n<div><b><br \/>Ominaisuudet:<\/b><\/div>\n<div>\n<ul>\n<li>Sis\u00e4\u00e4nrakennetut lukitusasennot auki ja kiinni, jotka pit\u00e4v\u00e4t kahvan oikeassa asennossa.<\/li>\n<li>Sprintti 8 mm galvanoitua neli\u00f6m\u00e4ist\u00e4 ter\u00e4st\u00e4.<\/li>\n<li>Sprintin pituus: 43 mm<\/li>\n<li>Suositeltu ruuvi: TKFX 4,0 mm.<\/li>\n<li>Lis\u00e4varusteet: Kahvan lukko Fix 840 ja 850.<\/li>\n<li>Kahvakytkint\u00e4, 833, 833\/16, k\u00e4ytet\u00e4\u00e4n, kun kahvat on asennettava molemmille puolille.<\/li>\n<li>Materiaali: Zamak metalli<\/li>\n<li>Pintak\u00e4sittely: Kromattu<\/li>\n<\/ul>\n<\/div>","protected":false},"excerpt":{"rendered":"<p>ASSA ABLOY 83 on klassinen kahva ikkunoihin ja ikkunaoviin. Kahvassa on sis\u00e4\u00e4nrakennetut lukitusasennot auki ja kiinni, jotka pit\u00e4v\u00e4t kahvan oikeassa asennossa. Saatavana vasenk\u00e4tisen\u00e4, suorana ja<\/p>","protected":false},"featured_media":137422,"template":"","meta":{"_acf_changed":false},"product_brand":[],"product_cat":[4126,4127],"product_tag":[],"class_list":{"0":"post-96818","1":"product","2":"type-product","3":"status-publish","4":"has-post-thumbnail","6":"product_cat-fonsterhandtag","7":"product_cat-handtag-altandorr","8":"product_shipping_class-postnord-varubrev","9":"pa_brands-abloy","10":"tm-no-options","12":"first","13":"instock","14":"sale","15":"taxable","16":"shipping-taxable","17":"purchasable","18":"product-type-simple"},"acf":[],"_links":{"self":[{"href":"https:\/\/secureus.se\/fi\/wp-json\/wp\/v2\/product\/96818","targetHints":{"allow":["GET"]}}],"collection":[{"href":"https:\/\/secureus.se\/fi\/wp-json\/wp\/v2\/product"}],"about":[{"href":"https:\/\/secureus.se\/fi\/wp-json\/wp\/v2\/types\/product"}],"wp:featuredmedia":[{"embeddable":true,"href":"https:\/\/secureus.se\/fi\/wp-json\/wp\/v2\/media\/137422"}],"wp:attachment":[{"href":"https:\/\/secureus.se\/fi\/wp-json\/wp\/v2\/media?parent=96818"}],"wp:term":[{"taxonomy":"product_brand","embeddable":true,"href":"https:\/\/secureus.se\/fi\/wp-json\/wp\/v2\/product_brand?post=96818"},{"taxonomy":"product_cat","embeddable":true,"href":"https:\/\/secureus.se\/fi\/wp-json\/wp\/v2\/product_cat?post=96818"},{"taxonomy":"product_tag","embeddable":true,"href":"https:\/\/secureus.se\/fi\/wp-json\/wp\/v2\/product_tag?post=96818"}],"curies":[{"name":"wp","href":"https:\/\/api.w.org\/{rel}","templated":true}]}}