{"id":96842,"date":"2024-08-08T21:47:52","date_gmt":"2024-08-08T19:47:52","guid":{"rendered":"https:\/\/secureus.se\/?post_type=product&#038;p=96842"},"modified":"2026-04-08T15:37:09","modified_gmt":"2026-04-08T13:37:09","slug":"handtag-7312-hoger-8x43-mattkrom","status":"publish","type":"product","link":"https:\/\/secureus.se\/fi\/handtag-7312-hoger-8x43-mattkrom\/","title":{"rendered":"Ikkunan kahva Kahva 7312 Oikea 8X43 Matta kromi \u2013 Assa Abloy"},"content":{"rendered":"<div>ASSA ABLOY 7312 on Vinga-sarjan lukittava ikkunakahva ikkunoihin ja ikkunaoviin. Saatavana oikealla, vasemmalla tai suoralla mallilla. Sopii sek\u00e4 vanhaan ett\u00e4 uudempaan arkkitehtuuriin.<\/div>\n<div><b><br \/>\nOminaisuudet:<\/b><\/div>\n<div>\n<ul>\n<li>Lukittava painesylinterill\u00e4<\/li>\n<li>Sopiva painesylinteri 7310 tai 716, 1216 ja 1316 hyv\u00e4ksyttyyn lukitukseen<\/li>\n<li>Lukitse sylinteri ty\u00f6nt\u00e4m\u00e4ll\u00e4, avaa lukitus avaimella<\/li>\n<li>Vinga 7312:ssa on peitelevy, joka mahdollistaa piiloruuvikiinnityksen.<\/li>\n<li>Kahvan kahva painetaan lokeroon ainutlaatuisella napsautuskiinnikkeell\u00e4.<\/li>\n<li>Kahva on helposti irrotettavissa ja korvattavissa toisella kahvalla, esim. lukittava tai muun pintak\u00e4sittelyn kahva.<\/li>\n<li>T\u00e4ytt\u00e4\u00e4 ruotsalaisen standardin SS 3620 luokan B murtosuojausvaatimukset.<\/li>\n<li>Sprintti, neli\u00f6 8mm<\/li>\n<li>Sprintin pituus: 43 mm. \u2013 voidaan leikata tarvittaessa<\/li>\n<li>Materiaali: Zamak metalli<\/li>\n<li>Pintak\u00e4sittely: Kromi tai mattakromi<\/li>\n<\/ul>\n<\/div>\n<div><\/div>","protected":false},"excerpt":{"rendered":"<p>ASSA ABLOY 7312 on Vinga-sarjan lukittava ikkunakahva ikkunoihin ja ikkunaoviin. Saatavana oikealla, vasemmalla tai suoralla mallilla. Sopii sek\u00e4 vanhaan ett\u00e4 uudempaan arkkitehtuuriin. Ominaisuudet: Lukittava<\/p>","protected":false},"featured_media":137003,"template":"","meta":{"_acf_changed":false},"product_brand":[],"product_cat":[4126,4127],"product_tag":[],"class_list":{"0":"post-96842","1":"product","2":"type-product","3":"status-publish","4":"has-post-thumbnail","6":"product_cat-fonsterhandtag","7":"product_cat-handtag-altandorr","8":"product_shipping_class-postnord-varubrev","9":"pa_brands-abloy","10":"tm-no-options","12":"first","13":"instock","14":"sale","15":"taxable","16":"shipping-taxable","17":"purchasable","18":"product-type-simple"},"acf":[],"_links":{"self":[{"href":"https:\/\/secureus.se\/fi\/wp-json\/wp\/v2\/product\/96842","targetHints":{"allow":["GET"]}}],"collection":[{"href":"https:\/\/secureus.se\/fi\/wp-json\/wp\/v2\/product"}],"about":[{"href":"https:\/\/secureus.se\/fi\/wp-json\/wp\/v2\/types\/product"}],"wp:featuredmedia":[{"embeddable":true,"href":"https:\/\/secureus.se\/fi\/wp-json\/wp\/v2\/media\/137003"}],"wp:attachment":[{"href":"https:\/\/secureus.se\/fi\/wp-json\/wp\/v2\/media?parent=96842"}],"wp:term":[{"taxonomy":"product_brand","embeddable":true,"href":"https:\/\/secureus.se\/fi\/wp-json\/wp\/v2\/product_brand?post=96842"},{"taxonomy":"product_cat","embeddable":true,"href":"https:\/\/secureus.se\/fi\/wp-json\/wp\/v2\/product_cat?post=96842"},{"taxonomy":"product_tag","embeddable":true,"href":"https:\/\/secureus.se\/fi\/wp-json\/wp\/v2\/product_tag?post=96842"}],"curies":[{"name":"wp","href":"https:\/\/api.w.org\/{rel}","templated":true}]}}