{"id":96858,"date":"2024-08-08T21:47:53","date_gmt":"2024-08-08T19:47:53","guid":{"rendered":"https:\/\/secureus.se\/?post_type=product&#038;p=96858"},"modified":"2026-04-08T15:37:03","modified_gmt":"2026-04-08T13:37:03","slug":"handtag-2683-rakt-8x43-nickel","status":"publish","type":"product","link":"https:\/\/secureus.se\/fi\/handtag-2683-rakt-8x43-nickel\/","title":{"rendered":"Espagnolette-kahva Kahva 2683 Suora 8X43 Nikkeli \u2013 SIBES"},"content":{"rendered":"<div>SIBES 2683 on klassinen ikkunakahva. 683 tarkoittaa mallia kahvassa ja se on saatavana my\u00f6s lukittavana kahvana ja pitk\u00e4ll\u00e4 levyll\u00e4 lukittavia espanjalaisia lasiovia varten. Kuten kaikki SIBES-ikkunan ja ikkuna-ovien kahvat, ne on suunniteltu sopimaan t\u00e4rkeimpiin rakennusaikakausiimme rokokoosta Funkisiin. Kaikki kahvat on valettu messinki\u00e4 oikean painon, tuntuman ja viimeistelyn takaamiseksi.<\/div>\n<div><b>Ominaisuudet:<\/b><\/div>\n<div>\n<ul>\n<li>Sprintin mitat: 8x43 mm<\/li>\n<li>C\/C-kiinnitys: 43 mm<\/li>\n<li>Sis\u00e4\u00e4nrakennetut lukitusasennot auki ja kiinni, jotka pit\u00e4v\u00e4t kahvan oikeassa asennossa.<\/li>\n<li>Vastaava kahvan lukko 7450<\/li>\n<li>Materiaali: Messinki<\/li>\n<li>Saatavana pintak\u00e4sittelyn\u00e4: K\u00e4sittelem\u00e4t\u00f6n kiillotettu messinki, niklattu<\/li>\n<li>Saatavana my\u00f6s 7 mm pultilla ja muilla pituuksilla<\/li>\n<li>Suositeltu ruuvi TKFX 4.0<\/li>\n<\/ul>\n<\/div>","protected":false},"excerpt":{"rendered":"<p>SIBES 2683 on klassinen ikkunakahva. 683 tarkoittaa mallia kahvassa ja se on saatavana my\u00f6s lukittavana kahvana ja pitk\u00e4ll\u00e4 levyll\u00e4 lukittavia espanjalaisia lasiovia varten. Kuten kaikki SIBES<\/p>","protected":false},"featured_media":137350,"template":"","meta":{"_acf_changed":false},"product_brand":[],"product_cat":[4113,4126,4127],"product_tag":[],"class_list":{"0":"post-96858","1":"product","2":"type-product","3":"status-publish","4":"has-post-thumbnail","6":"product_cat-spanjoletthandtag","7":"product_cat-fonsterhandtag","8":"product_cat-handtag-altandorr","9":"product_shipping_class-postnord-varubrev","10":"pa_brands-sibes","11":"tm-no-options","13":"first","14":"instock","15":"sale","16":"taxable","17":"shipping-taxable","18":"purchasable","19":"product-type-simple"},"acf":[],"_links":{"self":[{"href":"https:\/\/secureus.se\/fi\/wp-json\/wp\/v2\/product\/96858","targetHints":{"allow":["GET"]}}],"collection":[{"href":"https:\/\/secureus.se\/fi\/wp-json\/wp\/v2\/product"}],"about":[{"href":"https:\/\/secureus.se\/fi\/wp-json\/wp\/v2\/types\/product"}],"wp:featuredmedia":[{"embeddable":true,"href":"https:\/\/secureus.se\/fi\/wp-json\/wp\/v2\/media\/137350"}],"wp:attachment":[{"href":"https:\/\/secureus.se\/fi\/wp-json\/wp\/v2\/media?parent=96858"}],"wp:term":[{"taxonomy":"product_brand","embeddable":true,"href":"https:\/\/secureus.se\/fi\/wp-json\/wp\/v2\/product_brand?post=96858"},{"taxonomy":"product_cat","embeddable":true,"href":"https:\/\/secureus.se\/fi\/wp-json\/wp\/v2\/product_cat?post=96858"},{"taxonomy":"product_tag","embeddable":true,"href":"https:\/\/secureus.se\/fi\/wp-json\/wp\/v2\/product_tag?post=96858"}],"curies":[{"name":"wp","href":"https:\/\/api.w.org\/{rel}","templated":true}]}}