{"id":96869,"date":"2024-08-08T21:47:53","date_gmt":"2024-08-08T19:47:53","guid":{"rendered":"https:\/\/secureus.se\/?post_type=product&#038;p=96869"},"modified":"2026-03-25T15:38:40","modified_gmt":"2026-03-25T14:38:40","slug":"handtag-51-rakt-8x63-krom","status":"publish","type":"product","link":"https:\/\/secureus.se\/fi\/handtag-51-rakt-8x63-krom\/","title":{"rendered":"Ikkunan kahva Kahva 51 Suora 8X63 Kromi \u2013 Assa Abloy"},"content":{"rendered":"<div>ASSA ABLOY 51 on kahva ikkunoihin, oviin, luukkuihin, joissa ei saa olla kiinte\u00e4\u00e4 kahvaa ja joissa ei ole itsest\u00e4\u00e4n avautumisen vaaraa (n\u00e4iss\u00e4 tapauksissa suositellaan Fix 805 + 811). Sopii malleihin 1857 ja 1857T.<\/div>\n<div><b><br \/>Ominaisuudet: <\/b><\/div>\n<div>\n<ul>\n<li>Sopii lokeroon Fix 1857, 1857T. <\/li>\n<li>Kun k\u00e4\u00e4nn\u00e4t avataksesi, voit nupin ansiosta vet\u00e4\u00e4 jousen itse\u00e4si kohti. <\/li>\n<li>Kahva voidaan irrottaa vain suljetussa asennossa. <\/li>\n<li>Sprintti 8 mm galvanoitua neli\u00f6m\u00e4ist\u00e4 ter\u00e4st\u00e4. <\/li>\n<li>Sprintin pituus 63 mm.<\/li>\n<li>Materiaali: Zamak metalli<\/li>\n<li>Pintak\u00e4sittely: Kromattu<\/li>\n<\/ul>\n<\/div>\n<div><\/div>","protected":false},"excerpt":{"rendered":"<p>ASSA ABLOY 51 on kahva ikkunoihin, oviin, luukkuihin, joissa ei saa olla kiinte\u00e4\u00e4 kahvaa ja joissa ei ole vaaraa itsest\u00e4\u00e4n avautumisesta (n\u00e4iss\u00e4 tapauksissa suositellaan Fix 805 +<\/p>","protected":false},"featured_media":136587,"template":"","meta":{"_acf_changed":false},"product_brand":[],"product_cat":[4126],"product_tag":[],"class_list":{"0":"post-96869","1":"product","2":"type-product","3":"status-publish","4":"has-post-thumbnail","6":"product_cat-fonsterhandtag","7":"product_shipping_class-postnord-varubrev","8":"pa_brands-abloy","9":"tm-no-options","11":"first","12":"instock","13":"sale","14":"taxable","15":"shipping-taxable","16":"purchasable","17":"product-type-simple"},"acf":[],"_links":{"self":[{"href":"https:\/\/secureus.se\/fi\/wp-json\/wp\/v2\/product\/96869","targetHints":{"allow":["GET"]}}],"collection":[{"href":"https:\/\/secureus.se\/fi\/wp-json\/wp\/v2\/product"}],"about":[{"href":"https:\/\/secureus.se\/fi\/wp-json\/wp\/v2\/types\/product"}],"wp:featuredmedia":[{"embeddable":true,"href":"https:\/\/secureus.se\/fi\/wp-json\/wp\/v2\/media\/136587"}],"wp:attachment":[{"href":"https:\/\/secureus.se\/fi\/wp-json\/wp\/v2\/media?parent=96869"}],"wp:term":[{"taxonomy":"product_brand","embeddable":true,"href":"https:\/\/secureus.se\/fi\/wp-json\/wp\/v2\/product_brand?post=96869"},{"taxonomy":"product_cat","embeddable":true,"href":"https:\/\/secureus.se\/fi\/wp-json\/wp\/v2\/product_cat?post=96869"},{"taxonomy":"product_tag","embeddable":true,"href":"https:\/\/secureus.se\/fi\/wp-json\/wp\/v2\/product_tag?post=96869"}],"curies":[{"name":"wp","href":"https:\/\/api.w.org\/{rel}","templated":true}]}}