{"id":96873,"date":"2024-08-08T21:47:53","date_gmt":"2024-08-08T19:47:53","guid":{"rendered":"https:\/\/secureus.se\/?post_type=product&#038;p=96873"},"modified":"2026-04-08T15:36:43","modified_gmt":"2026-04-08T13:36:43","slug":"handtag-835s-rakt-8x53-krom","status":"publish","type":"product","link":"https:\/\/secureus.se\/fi\/handtag-835s-rakt-8x53-krom\/","title":{"rendered":"Spagnolette-kahva Kahva 835S Straight 8X53 Kromi \u2013 Assa Abloy"},"content":{"rendered":"<p>\nASSA ABLOY 835S on lukittava kahva, jota k\u00e4ytet\u00e4\u00e4n saranoiduissa ikkuna-ovissa, ikkunoissa ja kaapin ovissa, jotka on suojattava murtautumista ja luvatonta avaamista vastaan.<\/p>\n<div><\/div>\n<div><b>Ominaisuudet:\u00a0\u00a0<\/b><\/div>\n<div>\n<ul>\n<li>Lukittava soikealla sylinterill\u00e4 (ei sis\u00e4lly)<\/li>\n<li>Sylinterikotelo peitt\u00e4\u00e4 koko seitsem\u00e4nnapaisen sylinterin<\/li>\n<li>Hyv\u00e4ksytty SS 3620 Class B mukaisesti<\/li>\n<li>Lukitseminen k\u00e4\u00e4nt\u00e4m\u00e4ll\u00e4 avainta<\/li>\n<li>Avain voidaan irrottaa lukitsemattomassa asennossa.\u00a0<\/li>\n<li>Kahvassa on liukukytkin, joka toimii ylikuormituksen sattuessa ja est\u00e4\u00e4 lukitusmekanismin rikkoutumisen murtoyritysten ja luvattoman avaamisen yhteydess\u00e4 sis\u00e4puolelta.\u00a0<\/li>\n<li>Saatavilla on my\u00f6s mikrokytkimell\u00e4 varustettu malli\u00a0<\/li>\n<\/ul>\n<p><b>Vaihtoehdot:<\/b><\/p>\n<ul>\n<li>835S: Lukot avaimella.\u00a0<\/li>\n<li>837S: Lukkiutuu automaattisesti, kun kahva k\u00e4\u00e4nnet\u00e4\u00e4n kiinni-asentoon.\u00a0<\/li>\n<li>8350S: Vastaanottimella ulkopuolisen sylinterin kannattimelle. Mahdollistaa lukituksen molemmilta puolilta<\/li>\n<\/ul>\n<\/div>\n<div><\/div>\n<div><b>Lis\u00e4varusteet:<\/b>\u00a0<\/div>\n<div>\n<ul>\n<li>Normaali soikea sylinteri<\/li>\n<li>Aluslevy 841S<\/li>\n<li>Kiinnityslevy 5325<\/li>\n<li>Kahvaliittimet 833, 833\/16 tai 961, k\u00e4ytet\u00e4\u00e4n kun kahvat on asennettava molemmille puolille<\/li>\n<\/ul>\n<\/div>","protected":false},"excerpt":{"rendered":"<p>ASSA ABLOY 835S on lukittava kahva, jota k\u00e4ytet\u00e4\u00e4n ikkunaovien, ikkunoiden ja kaapin ovien sis\u00e4puolella, joissa on sarana ja jotka on suojattava murtautumista ja luvatonta avaamista vastaan. Ominaisuudet: Lukittava<\/p>","protected":false},"featured_media":137871,"template":"","meta":{"_acf_changed":false},"product_brand":[],"product_cat":[4113,4126,4127],"product_tag":[],"class_list":{"0":"post-96873","1":"product","2":"type-product","3":"status-publish","4":"has-post-thumbnail","6":"product_cat-spanjoletthandtag","7":"product_cat-fonsterhandtag","8":"product_cat-handtag-altandorr","9":"product_shipping_class-postnord-varubrev","10":"pa_brands-abloy","11":"tm-no-options","13":"first","14":"instock","15":"sale","16":"taxable","17":"shipping-taxable","18":"purchasable","19":"product-type-simple"},"acf":[],"_links":{"self":[{"href":"https:\/\/secureus.se\/fi\/wp-json\/wp\/v2\/product\/96873","targetHints":{"allow":["GET"]}}],"collection":[{"href":"https:\/\/secureus.se\/fi\/wp-json\/wp\/v2\/product"}],"about":[{"href":"https:\/\/secureus.se\/fi\/wp-json\/wp\/v2\/types\/product"}],"wp:featuredmedia":[{"embeddable":true,"href":"https:\/\/secureus.se\/fi\/wp-json\/wp\/v2\/media\/137871"}],"wp:attachment":[{"href":"https:\/\/secureus.se\/fi\/wp-json\/wp\/v2\/media?parent=96873"}],"wp:term":[{"taxonomy":"product_brand","embeddable":true,"href":"https:\/\/secureus.se\/fi\/wp-json\/wp\/v2\/product_brand?post=96873"},{"taxonomy":"product_cat","embeddable":true,"href":"https:\/\/secureus.se\/fi\/wp-json\/wp\/v2\/product_cat?post=96873"},{"taxonomy":"product_tag","embeddable":true,"href":"https:\/\/secureus.se\/fi\/wp-json\/wp\/v2\/product_tag?post=96873"}],"curies":[{"name":"wp","href":"https:\/\/api.w.org\/{rel}","templated":true}]}}