{"id":97443,"date":"2024-08-20T18:24:20","date_gmt":"2024-08-20T16:24:20","guid":{"rendered":"https:\/\/secureus.se\/?post_type=product&#038;p=97443"},"modified":"2026-04-09T10:35:05","modified_gmt":"2026-04-09T08:35:05","slug":"fonsterbroms-760-2","status":"publish","type":"product","link":"https:\/\/secureus.se\/fi\/fonsterbroms-760-2\/","title":{"rendered":"ASSA Fix 760\/2 Ikkunajarru \/ Ovijarru \u2013 257 mm \u2013 Euronot"},"content":{"rendered":"<p><strong>ASSA 760\/2<\/strong> on yksi <strong>ikkunajarru \/ ovenjarru ikkunoihin ja terassioviin<\/strong> jota k\u00e4ytet\u00e4\u00e4n yhdess\u00e4 <strong>Jarrullisen v\u00e4lityksen omaava espagnolette-salpa<\/strong>. Se antaa ikkunan tai oven pysy\u00e4 avoimessa tuuletusasennossa sen sijaan, ett\u00e4 se paiskautuisi kiinni tai avautuisi kokonaan.<\/p>\n<p>Malli on <strong>mukautettu Euronotelle<\/strong> ja siin\u00e4 on a <strong>16 mm kapea jarrukotelo<\/strong> joka asennetaan ikkunan tai terassioven jyrsittyyn uraan.<\/p>\n<p>Ikkunajarrua k\u00e4ytet\u00e4\u00e4n espagnolette-kahvan avulla, ja se luo kitkaa jarrutankoon, jotta ikkuna tai terassiovi pysyy halutussa tuuletusasennossa.<\/p>\n<h3>Ominaisuudet<\/h3>\n<ul>\n<li>Irrotettava runkokiinnike<\/li>\n<li>Sovitettu Euronot-kiskoon (kiskoasennus)<\/li>\n<li>Kapea jarrukotelo \u2013 16 mm<\/li>\n<li>Sopii ikkunoihin ja terassioviin<\/li>\n<li>K\u00e4ytt\u00f6 espagnolette-kahvalla<\/li>\n<li>Pit\u00e4\u00e4 oven tuuletusasennossa<\/li>\n<li>Liukastuu ylikuormitettuna saranoiden ja helojen suojaamiseksi<\/li>\n<li>Lis\u00e4\u00e4ntynyt kitka suuremmalla avauskulmalla<\/li>\n<\/ul>\n<h3>Asennus<\/h3>\n<p>ASSA 760 on asennettu <strong>jyrsitty ura ikkunan tai oven karmissa<\/strong> ja sit\u00e4 k\u00e4ytet\u00e4\u00e4n yhdess\u00e4 runkokiinnikkeen kanssa:<\/p>\n<ul>\n<li>Runkokiinnike 5580<\/li>\n<li>Runkokiinnike 5550T<\/li>\n<\/ul>\n<p>Runkokiinnike ostetaan erikseen.<\/p>\n<h3>M\u00e5tt \u2013 ASSA 760\/2<\/h3>\n<ul>\n<li>Kaarileveydelle: 401\u2013550 mm<\/li>\n<li>Avauskulma: 85\u00b0<\/li>\n<li>Jarrukotelon pituus: 257 mm<\/li>\n<li>Varren pituus: 205 mm<\/li>\n<li>Jarrukotelon leveys: 16 mm<\/li>\n<\/ul>\n<h3>Suositellut ruuvit<\/h3>\n<ul>\n<li>TFX 3.0 mm ikkunajarrulle<\/li>\n<li>TFX 3,5 mm runkokiinnikkeeseen<\/li>\n<\/ul>\n<div style=\"background: #f6f8fa;padding: 14px;border-radius: 6px;margin: 18px 0\">\n<p><strong>Etk\u00f6 ole varma, mink\u00e4 ikkunajarrun tarvitset?<\/strong><\/p>\n<p>Vertaa nykyist\u00e4 jarruasi tuotekuviin tai katso koko valikoima.<a style=\"font-weight: bold\" href=\"https:\/\/secureus.se\/fi\/fonsterbroms\/\"><br \/>\nKatso kaikki ikkunajarrut t\u00e4\u00e4lt\u00e4 \u2192<br \/>\n<\/a><\/p>\n<\/div>","protected":false},"excerpt":{"rendered":"<div style=\"background: #f6f8fa;padding: 14px;border-radius: 6px;margin: 15px 0\">\n<p><strong>\u2714 T\u00e4m\u00e4 malli on asennettu uraan (Euronot)<\/strong><\/p>\n<p>ASSA 760:lla on <strong>16 mm kapea jarrukotelo<\/strong> joka on tehty sopimaan ikkunan tai terassioven jyrsittyyn uraan.<\/p>\n<p>Tarkista siksi, ett\u00e4 nykyinen jarrusi sopii oven tai ikkunan uraan ennen tilaamista.<\/p>\n<p><img decoding=\"async\" style=\"max-width: 150px;width: 100%;margin-top: 10px;border-radius: 6px\" src=\"https:\/\/secureus.se\/wp-content\/uploads\/2024\/12\/fonsterbroms-760-4-1-150x150.jpg\" alt=\"Ikkunanpys\u00e4ytin urassa Euronot 16 mm\" \/><\/p>\n<\/div>","protected":false},"featured_media":137318,"template":"","meta":{"_acf_changed":false},"product_brand":[],"product_cat":[3126,4797],"product_tag":[4801,4863],"class_list":{"0":"post-97443","1":"product","2":"type-product","3":"status-publish","4":"has-post-thumbnail","6":"product_cat-fonsterbroms","7":"product_cat-assa-760","8":"product_tag-257mm","9":"product_tag-pf","10":"product_shipping_class-tunga-paket","11":"pa_brands-abloy","12":"tm-no-options","14":"first","15":"onbackorder","16":"sale","17":"taxable","18":"shipping-taxable","19":"purchasable","20":"product-type-simple"},"acf":[],"_links":{"self":[{"href":"https:\/\/secureus.se\/fi\/wp-json\/wp\/v2\/product\/97443","targetHints":{"allow":["GET"]}}],"collection":[{"href":"https:\/\/secureus.se\/fi\/wp-json\/wp\/v2\/product"}],"about":[{"href":"https:\/\/secureus.se\/fi\/wp-json\/wp\/v2\/types\/product"}],"wp:featuredmedia":[{"embeddable":true,"href":"https:\/\/secureus.se\/fi\/wp-json\/wp\/v2\/media\/137318"}],"wp:attachment":[{"href":"https:\/\/secureus.se\/fi\/wp-json\/wp\/v2\/media?parent=97443"}],"wp:term":[{"taxonomy":"product_brand","embeddable":true,"href":"https:\/\/secureus.se\/fi\/wp-json\/wp\/v2\/product_brand?post=97443"},{"taxonomy":"product_cat","embeddable":true,"href":"https:\/\/secureus.se\/fi\/wp-json\/wp\/v2\/product_cat?post=97443"},{"taxonomy":"product_tag","embeddable":true,"href":"https:\/\/secureus.se\/fi\/wp-json\/wp\/v2\/product_tag?post=97443"}],"curies":[{"name":"wp","href":"https:\/\/api.w.org\/{rel}","templated":true}]}}