{"id":97510,"date":"2024-08-21T19:29:07","date_gmt":"2024-08-21T17:29:07","guid":{"rendered":"https:\/\/secureus.se\/?post_type=product&#038;p=97510"},"modified":"2025-10-21T12:44:09","modified_gmt":"2025-10-21T10:44:09","slug":"trycke-8638-30-75mm-matt-rostfritt","status":"publish","type":"product","link":"https:\/\/secureus.se\/fi\/trycke-8638-30-75mm-matt-rostfritt\/","title":{"rendered":"Oven kahva Trycke 8638 30-75mm Matt ruostumaton \u2013 Assa Abloy"},"content":{"rendered":"<p>\nOvenkahva 8638 on osa ASSA ABLOY:n ruostumattomasta ter\u00e4ksest\u00e4 valmistettujen kahvojen, vetokahvojen ja lis\u00e4varusteiden sarjaa. Soveltuu eritt\u00e4in hyvin nykyaikaisiin julkisiin esinetyyppeihin, esim. laitoksiin, toimistoihin ymp\u00e4rist\u00f6iss\u00e4, joissa on korkeat hygieniavaatimukset. Ruostumaton materiaali on kest\u00e4v\u00e4\u00e4 ja suojaa korroosiolta ja ilmansaasteilta. Soveltuu ulko-oviin, ulko-oviin ja modulaarisilla lukoilla varustettuihin sis\u00e4oviin.<br \/>\n<\/p>\n<div><\/div>\n<div><b>Ominaisuudet:<\/b>\u00a0<\/div>\n<div>\n<ul>\n<li>Palautusjousi, joka vapauttaa lukkokotelon soutujousta ja auttaa painetta palaamaan vaaka-asentoon.\u00a0\u00a0<\/li>\n<li>Kaikki n\u00e4kyv\u00e4t osat mattaharjattua haponkest\u00e4v\u00e4\u00e4 ruostumatonta ter\u00e4st\u00e4, AISI 316L\u00a0<\/li>\n<li>Neulalaakeri kitkaton k\u00e4yntiin.\u00a0\u00a0<\/li>\n<li>Saatavana 30-75 mm ovenpaksuuksille.\u00a0<\/li>\n<li>Vakioruusuke \u00d8 53 mm<\/li>\n<li>Sopii Connect \/ Classic -moduulilukkokoteloon<\/li>\n<li>Ei sovi lukkokoteloon ABLOY 2014 tai vastaavaan sis\u00e4ovilaatikkoon<\/li>\n<li>Vaihdettava ty\u00f6nt\u00f6tappi ja ruuvi vaihteleville ovenpaksuuksille.<\/li>\n<li>Jatkuva ruuvikiinnitys, joka vahvistaa ovea.<\/li>\n<\/ul>\n<p><b>Paketti sis\u00e4lt\u00e4\u00e4:<br \/><\/b><\/p>\n<ul>\n<li>2 kpl. Puristuspuolikkaat (kahvat).<\/li>\n<li>2 kpl. Paineruuvit M5. (k\u00e4\u00e4nn\u00e4 ruuvia)<\/li>\n<li>2 O-rengasta.<\/li>\n<li>2 kpl. Holkkimutteri M5.<\/li>\n<li>2 kpl. Painetapit 8x8x102 mm ja 8x8x120 mm.<\/li>\n<\/ul>\n<\/div>","protected":false},"excerpt":{"rendered":"<p>D\u00f6rrtrycke 8638 ing\u00e5r i ASSA ABLOYs serie av rostfria rostfria trycken, draghandtag och beh\u00f6r. L\u00e4mpar sig mycket v\u00e4l i moderna offentliga objekttyper, t ex institutioner, kontor i milj\u00f6er med h\u00f6ga<\/p>","protected":false},"featured_media":136700,"template":"","meta":{"_acf_changed":false},"product_brand":[],"product_cat":[4124,4125],"product_tag":[4863],"class_list":{"0":"post-97510","1":"product","2":"type-product","3":"status-publish","4":"has-post-thumbnail","6":"product_cat-dorrhandtag-innerdorr","7":"product_cat-dorrhandtag-ytterdorr","8":"product_tag-pf","9":"product_shipping_class-postnord-varubrev","10":"pa_brands-abloy","11":"tm-no-options","13":"first","14":"onbackorder","15":"sale","16":"taxable","17":"shipping-taxable","18":"purchasable","19":"product-type-simple"},"acf":[],"_links":{"self":[{"href":"https:\/\/secureus.se\/fi\/wp-json\/wp\/v2\/product\/97510","targetHints":{"allow":["GET"]}}],"collection":[{"href":"https:\/\/secureus.se\/fi\/wp-json\/wp\/v2\/product"}],"about":[{"href":"https:\/\/secureus.se\/fi\/wp-json\/wp\/v2\/types\/product"}],"wp:featuredmedia":[{"embeddable":true,"href":"https:\/\/secureus.se\/fi\/wp-json\/wp\/v2\/media\/136700"}],"wp:attachment":[{"href":"https:\/\/secureus.se\/fi\/wp-json\/wp\/v2\/media?parent=97510"}],"wp:term":[{"taxonomy":"product_brand","embeddable":true,"href":"https:\/\/secureus.se\/fi\/wp-json\/wp\/v2\/product_brand?post=97510"},{"taxonomy":"product_cat","embeddable":true,"href":"https:\/\/secureus.se\/fi\/wp-json\/wp\/v2\/product_cat?post=97510"},{"taxonomy":"product_tag","embeddable":true,"href":"https:\/\/secureus.se\/fi\/wp-json\/wp\/v2\/product_tag?post=97510"}],"curies":[{"name":"wp","href":"https:\/\/api.w.org\/{rel}","templated":true}]}}