{"id":97530,"date":"2024-08-21T19:29:10","date_gmt":"2024-08-21T17:29:10","guid":{"rendered":"https:\/\/secureus.se\/?post_type=product&#038;p=97530"},"modified":"2026-04-08T15:36:10","modified_gmt":"2026-04-08T13:36:10","slug":"trycke-1927-40-75mm-matt-massing","status":"publish","type":"product","link":"https:\/\/secureus.se\/fi\/trycke-1927-40-75mm-matt-massing\/","title":{"rendered":"Oven kahva Trycke 1927 40-75mm Matt Brass \u2013 Assa Abloy"},"content":{"rendered":"<div>ASSA ABLOY 1927 on ovenkahva, jossa on selkeit\u00e4 j\u00e4lki\u00e4 1920-luvun retroklassismista. Uudelleentulkinta 1700-luvun inspiraatiosta antiikin Kreikasta. 1927 on osa ASSA ABLOY Epok -sarjaa. Soveltuu ulko-oviin, ulko-oviin ja modulaarisilla lukoilla varustettuihin sis\u00e4oviin.<\/div>\n<div><b><br \/>\nOminaisuudet:<\/b><\/div>\n<div>\n<ul>\n<li>Materiaali: messinki<\/li>\n<li>Saatavana useilla koristeellisilla viimeistelyill\u00e4; Prioni, nikkeli, kromi, mattakromi, kiillotettu messinki, harjattu messinki, ruskea oksidi<\/li>\n<li>Paluujousi, joka vapauttaa lukkokotelon soutujousta ja auttaa pit\u00e4m\u00e4\u00e4n paineen vaakasuorassa asennossa<\/li>\n<li>Vakiotoimitus 40-75 mm ovelle<\/li>\n<li>Ruusuke: \u00d8 52 mm<\/li>\n<li>Sopii Connect \/ Classic -moduulilukkokoteloon<\/li>\n<li>Ei sovi lukkokoteloon ABLOY 2014 tai vastaavaan sis\u00e4ovilaatikkoon<\/li>\n<li>Ulko-\/sis\u00e4ovelle<\/li>\n<\/ul>\n<\/div>\n<div><b><br \/>\nPaketti sis\u00e4lt\u00e4\u00e4:<\/b><\/div>\n<div>\n<ul>\n<li>2 kpl. Puristuspuolikkaat (kahvat).<\/li>\n<li>2 kpl. Paineruuvit M5. (k\u00e4\u00e4nn\u00e4 ruuvia)<\/li>\n<li>2 O-rengasta.<\/li>\n<li>2 kpl. Holkkimutteri M5.<\/li>\n<li>2 kpl. Painetapit 8x8x102 mm ja 8x8x120 mm.<\/li>\n<\/ul>\n<\/div>","protected":false},"excerpt":{"rendered":"<p>ASSA ABLOY 1927 on ovenkahva, jossa on selkeit\u00e4 j\u00e4lki\u00e4 1920-luvun retroklassismista. Uudelleentulkinta 1700-luvun inspiraatiosta antiikin Kreikasta. 1927 on osa ASSA ABLOY Epok -sarjaa. Sopii ulko-oviin, ulko-oviin<\/p>","protected":false},"featured_media":136684,"template":"","meta":{"_acf_changed":false},"product_brand":[],"product_cat":[4124,4125],"product_tag":[],"class_list":{"0":"post-97530","1":"product","2":"type-product","3":"status-publish","4":"has-post-thumbnail","6":"product_cat-dorrhandtag-innerdorr","7":"product_cat-dorrhandtag-ytterdorr","8":"product_shipping_class-postnord-varubrev","9":"pa_brands-abloy","10":"tm-no-options","12":"first","13":"instock","14":"sale","15":"taxable","16":"shipping-taxable","17":"purchasable","18":"product-type-simple"},"acf":[],"_links":{"self":[{"href":"https:\/\/secureus.se\/fi\/wp-json\/wp\/v2\/product\/97530","targetHints":{"allow":["GET"]}}],"collection":[{"href":"https:\/\/secureus.se\/fi\/wp-json\/wp\/v2\/product"}],"about":[{"href":"https:\/\/secureus.se\/fi\/wp-json\/wp\/v2\/types\/product"}],"wp:featuredmedia":[{"embeddable":true,"href":"https:\/\/secureus.se\/fi\/wp-json\/wp\/v2\/media\/136684"}],"wp:attachment":[{"href":"https:\/\/secureus.se\/fi\/wp-json\/wp\/v2\/media?parent=97530"}],"wp:term":[{"taxonomy":"product_brand","embeddable":true,"href":"https:\/\/secureus.se\/fi\/wp-json\/wp\/v2\/product_brand?post=97530"},{"taxonomy":"product_cat","embeddable":true,"href":"https:\/\/secureus.se\/fi\/wp-json\/wp\/v2\/product_cat?post=97530"},{"taxonomy":"product_tag","embeddable":true,"href":"https:\/\/secureus.se\/fi\/wp-json\/wp\/v2\/product_tag?post=97530"}],"curies":[{"name":"wp","href":"https:\/\/api.w.org\/{rel}","templated":true}]}}