{"id":97534,"date":"2024-08-21T19:29:10","date_gmt":"2024-08-21T17:29:10","guid":{"rendered":"https:\/\/secureus.se\/?post_type=product&#038;p=97534"},"modified":"2026-04-23T12:04:03","modified_gmt":"2026-04-23T10:04:03","slug":"trycke-vitoria-1515-yd-65-75mm-f1-silver","status":"publish","type":"product","link":"https:\/\/secureus.se\/fi\/trycke-vitoria-1515-yd-65-75mm-f1-silver\/","title":{"rendered":"Ovenkahva ty\u00f6nt\u00f6 Vitoria 1515 OD 65-75mm F1 hopea \u2013 HOPPE"},"content":{"rendered":"<div>HOPPE t\u00e4ydellinen etuoven ty\u00f6nt\u00f6 Vitoria-sarjassa. Kaikki n\u00e4kyv\u00e4t yksityiskohdat on valmistettu alumiinista ja ruusukeilla piilokiinnityst\u00e4 varten. Kaksitoiminen palautusjousi ja Quick-in-Sprint -kiinnitys.<\/p>\n<p><b>Ominaisuudet:<\/b><\/p>\n<ul>\n<li>T\u00e4ytt\u00e4\u00e4 nikkelipinnoitusvaatimukset - hypoallergeeninen<\/li>\n<li>Oven paksuus 65-75 mm<\/li>\n<li>Painoneula 8\u00d78 mm<\/li>\n<li>Sopii skandinaavisiin lukkotaloihin 50- ja 70-dorn<\/li>\n<li>Materiaali: Alumiini<\/li>\n<li>V\u00e4ri: F1 hopea<\/li>\n<li>10 vuoden toimintatakuu<\/li>\n<\/ul>\n<\/div>\n<div><\/div>","protected":false},"excerpt":{"rendered":"<p>HOPPE t\u00e4ydellinen etuoven ty\u00f6nt\u00f6 Vitoria-sarjassa. Kaikki n\u00e4kyv\u00e4t yksityiskohdat on valmistettu alumiinista ja ruusukeilla piilokiinnityst\u00e4 varten. Kaksitoiminen palautusjousi ja Quick-in-Sprint -kiinnitys. Ominaisuudet: T\u00e4ytt\u00e4\u00e4 vaatimukset<\/p>","protected":false},"featured_media":136908,"template":"","meta":{"_acf_changed":false},"product_brand":[],"product_cat":[4125],"product_tag":[],"class_list":{"0":"post-97534","1":"product","2":"type-product","3":"status-publish","4":"has-post-thumbnail","6":"product_cat-dorrhandtag-ytterdorr","7":"product_shipping_class-postnord-varubrev","8":"pa_brands-hoppe","9":"tm-no-options","11":"first","12":"instock","13":"sale","14":"taxable","15":"shipping-taxable","16":"purchasable","17":"product-type-simple"},"acf":[],"_links":{"self":[{"href":"https:\/\/secureus.se\/fi\/wp-json\/wp\/v2\/product\/97534","targetHints":{"allow":["GET"]}}],"collection":[{"href":"https:\/\/secureus.se\/fi\/wp-json\/wp\/v2\/product"}],"about":[{"href":"https:\/\/secureus.se\/fi\/wp-json\/wp\/v2\/types\/product"}],"wp:featuredmedia":[{"embeddable":true,"href":"https:\/\/secureus.se\/fi\/wp-json\/wp\/v2\/media\/136908"}],"wp:attachment":[{"href":"https:\/\/secureus.se\/fi\/wp-json\/wp\/v2\/media?parent=97534"}],"wp:term":[{"taxonomy":"product_brand","embeddable":true,"href":"https:\/\/secureus.se\/fi\/wp-json\/wp\/v2\/product_brand?post=97534"},{"taxonomy":"product_cat","embeddable":true,"href":"https:\/\/secureus.se\/fi\/wp-json\/wp\/v2\/product_cat?post=97534"},{"taxonomy":"product_tag","embeddable":true,"href":"https:\/\/secureus.se\/fi\/wp-json\/wp\/v2\/product_tag?post=97534"}],"curies":[{"name":"wp","href":"https:\/\/api.w.org\/{rel}","templated":true}]}}