{"id":97540,"date":"2024-08-21T19:29:10","date_gmt":"2024-08-21T17:29:10","guid":{"rendered":"https:\/\/secureus.se\/?post_type=product&#038;p=97540"},"modified":"2026-04-08T15:36:19","modified_gmt":"2026-04-08T13:36:19","slug":"trycke-1949-40-75mm-nickel","status":"publish","type":"product","link":"https:\/\/secureus.se\/fi\/trycke-1949-40-75mm-nickel\/","title":{"rendered":"Oven kahva Trycke 1949 40-75mm Nikkeli \u2013 Assa Abloy"},"content":{"rendered":"<div>ASSA ABLOY 1949 on tyylik\u00e4s, hieman kevyempi ovenkahva, jossa on timantin muotoinen kahva, joka istuu hyvin k\u00e4teen. T\u00e4m\u00e4 modernistinen kahva sopii niille, jotka etsiv\u00e4t klassisen muotoista kahvaa. 1949 on osa ASSA ABLOY Epok -sarjaa. Soveltuu ulko-oviin, ulko-oviin ja modulaarisilla lukoilla varustettuihin sis\u00e4oviin.<\/div>\n<div><\/div>\n<div><b>Ominaisuudet:<\/b><\/div>\n<div>\n<ul>\n<li>Materiaali: messinki<\/li>\n<li>Saatavana useilla koristeellisilla viimeistelyill\u00e4; Prioni, nikkeli, kromi, mattakromi, kiillotettu messinki, harjattu messinki, mattamusta MIRUS.<\/li>\n<li>Vakiotoimitus 40-75 mm ovelle<\/li>\n<li>Ruusuke: \u00d8 52 mm<\/li>\n<li>Sopii Connect \/ Classic -moduulilukkokoteloon<\/li>\n<li>Ilman palautusjousta ruusukkeessa, mik\u00e4 tarkoittaa, ett\u00e4 se sopii my\u00f6s sis\u00e4ovien lukkoon tyyppi 2014<\/li>\n<li>Ulko-\/sis\u00e4ovelle<\/li>\n<\/ul>\n<\/div>\n<div><\/div>\n<div><b>Paketti sis\u00e4lt\u00e4\u00e4:<\/b><\/div>\n<div>\n<ul>\n<li>2 kpl. Puristuspuolikkaat (kahvat).<\/li>\n<li>2 kpl. Paineruuvit M5. (k\u00e4\u00e4nn\u00e4 ruuvia)<\/li>\n<li>2 kpl. O-renkaat<\/li>\n<li>2 kpl. Holkkimutteri M5<\/li>\n<li>2 kpl. Tulostusnastat 8x8x102 mm ja 8x8x120 mm<\/li>\n<\/ul>\n<\/div>","protected":false},"excerpt":{"rendered":"<p>ASSA ABLOY 1949 \u00e4r ett stilrent n\u00e5got l\u00e4ttare d\u00f6rrtrycke med ett rombformat grepp som ligger v\u00e4l i handen. Detta modernistiska handtag passar dig som \u00e4r ute efter ett klassiskt format<\/p>","protected":false},"featured_media":136658,"template":"","meta":{"_acf_changed":false},"product_brand":[],"product_cat":[4124,4125],"product_tag":[],"class_list":{"0":"post-97540","1":"product","2":"type-product","3":"status-publish","4":"has-post-thumbnail","6":"product_cat-dorrhandtag-innerdorr","7":"product_cat-dorrhandtag-ytterdorr","8":"product_shipping_class-postnord-varubrev","9":"pa_brands-abloy","10":"tm-no-options","12":"first","13":"instock","14":"sale","15":"taxable","16":"shipping-taxable","17":"purchasable","18":"product-type-simple"},"acf":[],"_links":{"self":[{"href":"https:\/\/secureus.se\/fi\/wp-json\/wp\/v2\/product\/97540","targetHints":{"allow":["GET"]}}],"collection":[{"href":"https:\/\/secureus.se\/fi\/wp-json\/wp\/v2\/product"}],"about":[{"href":"https:\/\/secureus.se\/fi\/wp-json\/wp\/v2\/types\/product"}],"wp:featuredmedia":[{"embeddable":true,"href":"https:\/\/secureus.se\/fi\/wp-json\/wp\/v2\/media\/136658"}],"wp:attachment":[{"href":"https:\/\/secureus.se\/fi\/wp-json\/wp\/v2\/media?parent=97540"}],"wp:term":[{"taxonomy":"product_brand","embeddable":true,"href":"https:\/\/secureus.se\/fi\/wp-json\/wp\/v2\/product_brand?post=97540"},{"taxonomy":"product_cat","embeddable":true,"href":"https:\/\/secureus.se\/fi\/wp-json\/wp\/v2\/product_cat?post=97540"},{"taxonomy":"product_tag","embeddable":true,"href":"https:\/\/secureus.se\/fi\/wp-json\/wp\/v2\/product_tag?post=97540"}],"curies":[{"name":"wp","href":"https:\/\/api.w.org\/{rel}","templated":true}]}}