{"id":97548,"date":"2024-08-21T19:29:10","date_gmt":"2024-08-21T17:29:10","guid":{"rendered":"https:\/\/secureus.se\/?post_type=product&#038;p=97548"},"modified":"2026-04-08T15:35:53","modified_gmt":"2026-04-08T13:35:53","slug":"trycke-new-york-1810-ej-rosett-70-85mm-f1-silver","status":"publish","type":"product","link":"https:\/\/secureus.se\/fi\/trycke-new-york-1810-ej-rosett-70-85mm-f1-silver\/","title":{"rendered":"Ovenkahvan nuppi New York 1810 ilman ruusuketta 70-85mm F1 hopea \u2013 HOPPE"},"content":{"rendered":"<p>\nHOPPE-kahva New York, sarja Duraplus, alumiinia F1, etuoveen. Toimitetaan ilman jousia. Ainutlaatuisen Kvick-i-Sprint-kiinnityksen ansiosta kokoonpano on vakaampi, eik\u00e4 sit\u00e4 my\u00f6sk\u00e4\u00e4n tarvitse ruuvata.<\/p>\n<div><\/div>\n<div><b>Ominaisuudet:<\/b><\/p>\n<ul>\n<li>T\u00e4ytt\u00e4\u00e4 nikkelipinnoitusvaatimukset - hypoallergeeninen<\/li>\n<li>Oven paksuus 70-85 mm.<\/li>\n<li>Painoneula 8\u00d78 mm<\/li>\n<li>Sopii sis\u00e4ovien lukkoon 2014<\/li>\n<li>Materiaali: Alumiini<\/li>\n<li>V\u00e4ri: F1 hopea<\/li>\n<li>10 vuoden toimintatakuu.<\/li>\n<\/ul>\n<\/div>","protected":false},"excerpt":{"rendered":"<p>HOPPE-kahva New York, sarja Duraplus, alumiinia F1, etuoveen. Toimitetaan ilman jousia. Ainutlaatuisen Kvick-i-Sprint-kiinnityksen ansiosta kokoonpano on vakaampi, eik\u00e4 sit\u00e4 my\u00f6sk\u00e4\u00e4n tarvitse ruuvata. Ominaisuudet: T\u00e4ytt\u00e4\u00e4<\/p>","protected":false},"featured_media":137236,"template":"","meta":{"_acf_changed":false},"product_brand":[],"product_cat":[4124,4125],"product_tag":[],"class_list":{"0":"post-97548","1":"product","2":"type-product","3":"status-publish","4":"has-post-thumbnail","6":"product_cat-dorrhandtag-innerdorr","7":"product_cat-dorrhandtag-ytterdorr","8":"product_shipping_class-postnord-varubrev","9":"pa_brands-hoppe","10":"tm-no-options","12":"first","13":"instock","14":"sale","15":"taxable","16":"shipping-taxable","17":"purchasable","18":"product-type-simple"},"acf":[],"_links":{"self":[{"href":"https:\/\/secureus.se\/fi\/wp-json\/wp\/v2\/product\/97548","targetHints":{"allow":["GET"]}}],"collection":[{"href":"https:\/\/secureus.se\/fi\/wp-json\/wp\/v2\/product"}],"about":[{"href":"https:\/\/secureus.se\/fi\/wp-json\/wp\/v2\/types\/product"}],"wp:featuredmedia":[{"embeddable":true,"href":"https:\/\/secureus.se\/fi\/wp-json\/wp\/v2\/media\/137236"}],"wp:attachment":[{"href":"https:\/\/secureus.se\/fi\/wp-json\/wp\/v2\/media?parent=97548"}],"wp:term":[{"taxonomy":"product_brand","embeddable":true,"href":"https:\/\/secureus.se\/fi\/wp-json\/wp\/v2\/product_brand?post=97548"},{"taxonomy":"product_cat","embeddable":true,"href":"https:\/\/secureus.se\/fi\/wp-json\/wp\/v2\/product_cat?post=97548"},{"taxonomy":"product_tag","embeddable":true,"href":"https:\/\/secureus.se\/fi\/wp-json\/wp\/v2\/product_tag?post=97548"}],"curies":[{"name":"wp","href":"https:\/\/api.w.org\/{rel}","templated":true}]}}